{"id":2291,"date":"2024-10-17T17:48:42","date_gmt":"2024-10-17T15:48:42","guid":{"rendered":"https:\/\/migrosproddev.wpenginepowered.com\/?page_id=2291"},"modified":"2024-10-19T10:07:16","modified_gmt":"2024-10-19T08:07:16","slug":"elementor-2291","status":"publish","type":"page","link":"https:\/\/www.migros-versicherungen.ch\/it\/elementor-2291\/","title":{"rendered":"Protezione ipotecaria"},"content":{"rendered":"\t\t<div data-elementor-type=\"wp-page\" data-elementor-id=\"2291\" class=\"elementor elementor-2291 elementor-2013\">\n\t\t\t\t\t\t<section class=\"elementor-section elementor-top-section elementor-element elementor-element-b9c0b8a elementor-section-boxed elementor-section-height-default elementor-section-height-default\" data-id=\"b9c0b8a\" data-element_type=\"section\" data-e-type=\"section\">\n\t\t\t\t\t\t<div class=\"elementor-container elementor-column-gap-default\">\n\t\t\t\t\t<div class=\"elementor-column elementor-col-100 elementor-top-column elementor-element elementor-element-35e16ef\" data-id=\"35e16ef\" data-element_type=\"column\" data-e-type=\"column\">\n\t\t\t<div class=\"elementor-widget-wrap elementor-element-populated\">\n\t\t\t\t\t\t<div class=\"elementor-element elementor-element-37e956a elementor-widget elementor-widget-haushaltheadline-widget\" data-id=\"37e956a\" data-element_type=\"widget\" data-e-type=\"widget\" data-widget_type=\"haushaltheadline-widget.default\">\n\t\t\t\t<div class=\"elementor-widget-container\">\n\t\t\t\t\t\t\t<section class=\"headline\">\n\t\t\t<div class=\"container\">\n\t\t\t\t<div class=\"row flex flex-row flex-center\">\n\t\t\t\t\t<div class=\"col-md-12 col-lg-6\">\n\t\t\t\t\t\t<h1 class=\"headline-title\">Protezione ipotecaria Migros<\/h1>\n\t\t\t\t\t\t<h2 class=\"headline-sub-title\">Perch\u00e9 tenete ai vostri cari.<\/h2>\n\t\t\t\t\t\t<p>Per molte persone l\u2019acquisto di una propria casa \u00e8 l\u2019investimento pi\u00f9 importante e pi\u00f9 bello della loro vita. Tuttavia, rischi imprevisti possono mettere rapidamente a repentaglio il finanziamento. Proteggete i vostri cari e voi stessi, assicurando il vostro futuro. <\/p>\n\t\t\t\t\t\t<a href=\"https:\/\/online.migros-versicherungen.chundefined config\" class=\"button primary big\">Fissare una consultazione<\/a>\n\t\t\t\t\t<\/div>\n\t\t\t\t\t<div class=\"col-md-12 col-lg-6 img-right hausratversicherung\">\n\t\t\t\t\t\t<img decoding=\"async\" src=\"https:\/\/www.migros-versicherungen.ch\/assets\/Hypothekenschutz-quadratisch-scaled.jpg\" alt=\"\" title=\"\" \/>\n\t\t\t\t\t<\/div>\n\t\t\t\t<\/div>\n\t\t\t<\/div>\n\t\t<\/section>\n\t\t\t\t<\/div>\n\t\t\t\t<\/div>\n\t\t\t\t\t<\/div>\n\t\t<\/div>\n\t\t\t\t\t<\/div>\n\t\t<\/section>\n\t\t\t\t<section class=\"elementor-section elementor-top-section elementor-element elementor-element-dd9cdf9 elementor-section-boxed elementor-section-height-default elementor-section-height-default\" data-id=\"dd9cdf9\" data-element_type=\"section\" data-e-type=\"section\">\n\t\t\t\t\t\t<div class=\"elementor-container elementor-column-gap-default\">\n\t\t\t\t\t<div class=\"elementor-column elementor-col-100 elementor-top-column elementor-element elementor-element-3ee2c6c\" data-id=\"3ee2c6c\" data-element_type=\"column\" data-e-type=\"column\">\n\t\t\t<div class=\"elementor-widget-wrap elementor-element-populated\">\n\t\t\t\t\t\t<div class=\"elementor-element elementor-element-69ed9d5 elementor-widget elementor-widget-haushaltimagewidthtext-widget\" data-id=\"69ed9d5\" data-element_type=\"widget\" data-e-type=\"widget\" data-widget_type=\"haushaltimagewidthtext-widget.default\">\n\t\t\t\t<div class=\"elementor-widget-container\">\n\t\t\t\t\t\t\t<section class=\"worthwhile\">\n\t\t\t<div class=\"container\">\n\t\t\t\t<div class=\"row\">\n\t\t\t\t\t<div class=\"col-lg-7 col-md-12\">\n\t\t\t\t\t\t<h2>Ecco perch\u00e9 conviene assicurare l\u2019ipoteca<\/h2>\n\t\t\t\t\t\t<p>Un infortunio sul lavoro o una grave malattia possono causare un\u2019incapacit\u00e0 al guadagno permanente o, nel peggiore dei casi, persino la morte. Oltre all\u2019impatto emotivo, un evento cos\u00ec tragico produce anche conseguenze finanziarie. In una situazione del genere, la protezione ipotecaria Migros garantisce il mantenimento dell\u2019ipoteca della Banca Migros.<\/p>\n\n<p>La protezione ipotecaria Migros sostiene l\u2019intera famiglia in caso di un\u2019incapacit\u00e0 permanente al guadagno o di decesso dovuto a infortunio o malattia. Inoltre, alleggerisce il vostro budget familiare in caso di disoccupazione e incapacit\u00e0 lavorativa temporanea dovuta a infortunio o malattia.<\/p>\t\t\t\t\t<\/div>\n\t\t\t\t\t<div class=\"col-lg-5 col-md-12\">\n\t\t\t\t\t\t<img decoding=\"async\" src=\"https:\/\/www.migros-versicherungen.ch\/assets\/schaden-beispiele.svg\" alt=\"Drei Symbole f\u00fcr m\u00f6gliche Sch\u00e4den\" \/>\n\t\t\t\t\t<\/div>\n\t\t\t\t<\/div>\n\t\t\t<\/div>\n\t\t<\/section>\n\t\t\t\t<\/div>\n\t\t\t\t<\/div>\n\t\t\t\t\t<\/div>\n\t\t<\/div>\n\t\t\t\t\t<\/div>\n\t\t<\/section>\n\t\t\t\t<section class=\"elementor-section elementor-top-section elementor-element elementor-element-b46f35a elementor-section-boxed elementor-section-height-default elementor-section-height-default\" data-id=\"b46f35a\" data-element_type=\"section\" data-e-type=\"section\">\n\t\t\t\t\t\t<div class=\"elementor-container elementor-column-gap-default\">\n\t\t\t\t\t<div class=\"elementor-column elementor-col-100 elementor-top-column elementor-element elementor-element-7c71ef5\" data-id=\"7c71ef5\" data-element_type=\"column\" data-e-type=\"column\">\n\t\t\t<div class=\"elementor-widget-wrap elementor-element-populated\">\n\t\t\t\t\t\t<div class=\"elementor-element elementor-element-e499c92 elementor-widget elementor-widget-comprehensiveprotection-widget\" data-id=\"e499c92\" data-element_type=\"widget\" data-e-type=\"widget\" data-widget_type=\"comprehensiveprotection-widget.default\">\n\t\t\t\t<div class=\"elementor-widget-container\">\n\t\t\t\t\t\n\n\n\t\t<section class=\"protection\">\n\t\t\t<div class=\"container\">\n\t\t\t\t<div class=\"row\">\n\t\t\t\t\t<div class=\"col-md-12\">\n\t\t\t\t\t\t<h2 class=\"section-title\">Protezione completa con Migros Assicurazioni<\/h2>\n\t\t\t\t\t<\/div>\n\t\t\t\t<\/div>\n\t\t\t\t<div class=\"row\">\n\n\t\t\t\t\t\t\t\t\t\t\t<div class=\"col-md-3\">\n\t\t\t\t\t\t\t<img decoding=\"async\" src=\"https:\/\/www.migros-versicherungen.ch\/assets\/umberalla-icon.svg\" alt=\"\" \/>\n\t\t\t\t\t\t\t<h3>Protezione<br>finanziaria<\/h3>\n\t\t\t\t\t\t\t<p>Riduzione immediata dei costi abitativi<\/p>\n\t\t\t\t\t\t<\/div>\n\t\t\t\t\t\t\t\t\t\t\t<div class=\"col-md-3\">\n\t\t\t\t\t\t\t<img decoding=\"async\" src=\"https:\/\/www.migros-versicherungen.ch\/assets\/cash-payment-coins.png\" alt=\"\" \/>\n\t\t\t\t\t\t\t<h3>Rinuncia alla disdetta<br>anticipata<\/h3>\n\t\t\t\t\t\t\t<p>Ammortamento senza conseguenze sui costi<\/p>\n\t\t\t\t\t\t<\/div>\n\t\t\t\t\t\t\t\t\t\t\t<div class=\"col-md-3\">\n\t\t\t\t\t\t\t<img decoding=\"async\" src=\"https:\/\/www.migros-versicherungen.ch\/assets\/partner-icon.svg\" alt=\"\" \/>\n\t\t\t\t\t\t\t<h3>Piena<br>flessibilit\u00e0<\/h3>\n\t\t\t\t\t\t\t<p>Diritto di disdetta mensile<\/p>\n\t\t\t\t\t\t<\/div>\n\t\t\t\t\t\t\t\t\t\t\t<div class=\"col-md-3\">\n\t\t\t\t\t\t\t<img decoding=\"async\" src=\"https:\/\/www.migros-versicherungen.ch\/assets\/cards-icon.svg\" alt=\"\" \/>\n\t\t\t\t\t\t\t<h3>Punti<br>Cumulus<\/h3>\n\t\t\t\t\t\t\t<p>Annualmente e in modo del tutto automatico<\/p>\n\t\t\t\t\t\t<\/div>\n\t\t\t\t\t\t\t\t\t<\/div>\n\t\t\t<\/div>\n\t\t<\/section>\n\n\t\t\t\t<\/div>\n\t\t\t\t<\/div>\n\t\t\t\t\t<\/div>\n\t\t<\/div>\n\t\t\t\t\t<\/div>\n\t\t<\/section>\n\t\t\t\t<section class=\"elementor-section elementor-top-section elementor-element elementor-element-0d242d9 elementor-section-boxed elementor-section-height-default elementor-section-height-default\" data-id=\"0d242d9\" data-element_type=\"section\" data-e-type=\"section\">\n\t\t\t\t\t\t<div class=\"elementor-container elementor-column-gap-default\">\n\t\t\t\t\t<div class=\"elementor-column elementor-col-100 elementor-top-column elementor-element elementor-element-38b029f\" data-id=\"38b029f\" data-element_type=\"column\" data-e-type=\"column\">\n\t\t\t<div class=\"elementor-widget-wrap elementor-element-populated\">\n\t\t\t\t\t\t<div class=\"elementor-element elementor-element-41ddbd9 elementor-widget__width-inherit elementor-widget elementor-widget-haushaltperformance-widget\" data-id=\"41ddbd9\" data-element_type=\"widget\" data-e-type=\"widget\" data-widget_type=\"haushaltperformance-widget.default\">\n\t\t\t\t<div class=\"elementor-widget-container\">\n\t\t\t\t\t\n\n\t\t<section class=\"performance\">\n\t\t\t<div class=\"container\">\n\t\t\t\t<div class=\"row\">\n\t\t\t\t\t<div class=\"col-md-12\">\n\t\t\t\t\t\t<h2 class=\"section-title\">Pi\u00f9 prestazioni per il vostro denaro<\/h2>\n\t\t\t\t\t\t<p class=\"section-description\">I vantaggi in sintesi<\/p>\n\t\t\t\t\t<\/div>\n\t\t\t\t<\/div>\n\t\t\t\t<div class=\"row\">\n\t\t\t\t\t<div class=\"col-md-12 inner-container\">\n\t\t\t\t\t\t\t\t\t\t\t\t\t<div class=\"col-md-4\">\n\t\t\t\t\t\t\t\t<div class=\"inner\">\n\t\t\t\t\t\t\t\t\t<h3 class=\"box-title\">Ammortamento dell\u2019ipoteca<\/h3>\n\t\t\t\t\t\t\t\t\t<p>Se un infortunio o una malattia provoca un\u2019incapacit\u00e0 permanente al guadagno o il decesso, noi ammortizziamo subito la vostra ipoteca in misura pari alla copertura assicurativa. <\/p>\n\t\t\t\t\t\t\t\t<\/div>\n\t\t\t\t\t\t\t<\/div>\n\t\t\t\t\t\t\t\t\t\t\t\t\t<div class=\"col-md-4\">\n\t\t\t\t\t\t\t\t<div class=\"inner\">\n\t\t\t\t\t\t\t\t\t<h3 class=\"box-title\">Perdita<br>del lavoro<\/h3>\n\t\t\t\t\t\t\t\t\t<p>Se perdete il vostro lavoro a causa di una ristrutturazione o della chiusura aziendale, beneficiate di un sostegno fino a CHF 2000 al mese.<\/p>\n\t\t\t\t\t\t\t\t<\/div>\n\t\t\t\t\t\t\t<\/div>\n\t\t\t\t\t\t\t\t\t\t\t\t\t<div class=\"col-md-4\">\n\t\t\t\t\t\t\t\t<div class=\"inner\">\n\t\t\t\t\t\t\t\t\t<h3 class=\"box-title\">Malattia o<br>infortunio<\/h3>\n\t\t\t\t\t\t\t\t\t<p>Se temporaneamente non potete lavorare a causa di un infortunio o di una malattia, beneficiate di un sostegno fino a CHF 2000 al mese. <\/p>\n\t\t\t\t\t\t\t\t<\/div>\n\t\t\t\t\t\t\t<\/div>\n\t\t\t\t\t\t\t\t\t\t\t\t\t<div class=\"col-md-4\">\n\t\t\t\t\t\t\t\t<div class=\"inner\">\n\t\t\t\t\t\t\t\t\t<h3 class=\"box-title\">Disdetta<br>mensile<\/h3>\n\t\t\t\t\t\t\t\t\t<p>Siamo convinti dei nostri prodotti e per questo rinunciamo a lunghi termini di disdetta.<\/p>\n\t\t\t\t\t\t\t\t<\/div>\n\t\t\t\t\t\t\t<\/div>\n\t\t\t\t\t\t\t\t\t\t\t\t\t<div class=\"col-md-4\">\n\t\t\t\t\t\t\t\t<div class=\"inner\">\n\t\t\t\t\t\t\t\t\t<h3 class=\"box-title\">Punti Cumulus sui premi<\/h3>\n\t\t\t\t\t\t\t\t\t<p>A titolo di ringraziamento riceverete un punto Cumulus per ogni franco di premio.<\/p>\n\t\t\t\t\t\t\t\t<\/div>\n\t\t\t\t\t\t\t<\/div>\n\t\t\t\t\t\t\t\t\t\t\t<\/div>\n\t\t\t\t<\/div>\n\t\t\t<\/div>\n\t\t<\/section>\n\n\t\t\t\t<\/div>\n\t\t\t\t<\/div>\n\t\t\t\t<div class=\"elementor-element elementor-element-a6a07e7 elementor-widget elementor-widget-heading\" data-id=\"a6a07e7\" data-element_type=\"widget\" data-e-type=\"widget\" data-widget_type=\"heading.default\">\n\t\t\t\t<div class=\"elementor-widget-container\">\n\t\t\t\t\t<p class=\"elementor-heading-title elementor-size-default\"><p class=\"MsoNormal\"><span lang=\"IT\" style=\", sans-serif;background-image: initial;background-position: initial;background-size: initial;background-repeat: initial;background-attachment: initial\">Non avete un\u2019ipoteca della\nBanca Migros o desiderate un importo di copertura aggiuntivo? Con la\n\u00abProtezione delle persone PLUS Migros\u00bb potete tutelarvi in modo completo contro\ni rischi finanziari legati al decesso o all\u2019incapacit\u00e0 al guadagno.<\/span><\/p><\/p>\t\t\t\t<\/div>\n\t\t\t\t<\/div>\n\t\t\t\t\t<\/div>\n\t\t<\/div>\n\t\t\t\t\t<\/div>\n\t\t<\/section>\n\t\t\t\t<section class=\"elementor-section elementor-top-section elementor-element elementor-element-6d57e05 elementor-section-boxed elementor-section-height-default elementor-section-height-default\" data-id=\"6d57e05\" data-element_type=\"section\" data-e-type=\"section\">\n\t\t\t\t\t\t<div class=\"elementor-container elementor-column-gap-default\">\n\t\t\t\t\t<div class=\"elementor-column elementor-col-100 elementor-top-column elementor-element elementor-element-bed467a\" data-id=\"bed467a\" data-element_type=\"column\" data-e-type=\"column\">\n\t\t\t<div class=\"elementor-widget-wrap elementor-element-populated\">\n\t\t\t\t\t\t<div class=\"elementor-element elementor-element-da12543 elementor-widget elementor-widget-pdfdocuments-widget\" data-id=\"da12543\" data-element_type=\"widget\" data-e-type=\"widget\" data-widget_type=\"pdfdocuments-widget.default\">\n\t\t\t\t<div class=\"elementor-widget-container\">\n\t\t\t\t\t\n\t\t<section class=\"download\">\n\t\t\t<div class=\"container\">\n\t\t\t\t<div class=\"row\">\n\t\t\t\t\t<div class=\"col-md-12\">\n\t\t\t\t\t\t<h2>Download<\/h2>\n\t\t\t\t\t\t<div class=\"items\">\n\t\t\t\t\t\t\t\t\t\t\t\t\t\t\t<div automation-id=\"pdf_download_\" class=\"item\" onclick=\"downloadPDF(this, 'https:\/\/aresstaticapiprod.azurewebsites.net\/api\/tenants\/19\/documents\/factsheetandcoverage?language=personal-protection\/de')\"><span>Riepilogo delle coperture della protezione ipotecariaHypothekenschutz<\/span>.pdf<\/div>\n\t\t\t\t\t\t\t\t\t\t\t\t\t\t\t<div automation-id=\"pdf_download_\" class=\"item\" onclick=\"downloadPDF(this, 'https:\/\/aresstaticapiqa.azurewebsites.net\/api\/tenants\/17\/documents\/vag?language=de')\"><span>Informazione sugli intermediari ai sensi dell\u2019art. 45 LSA<\/span>.pdf<\/div>\n\t\t\t\t\t\t\t\t\t\t\t\t\t\t\t<div automation-id=\"pdf_download_\" class=\"item\" onclick=\"downloadPDF(this, 'https:\/\/aresstaticapiqa.azurewebsites.net\/api\/tenants\/17\/documents\/avb?product=householdliability&amp;language=de')\"><span>Condizioni generali di assicurazione della protezione ipotecaria (CGA)<\/span>.pdf<\/div>\n\t\t\t\t\t\t\t\t\t\t\t\t\t\t\t<div automation-id=\"pdf_download_\" class=\"item\" onclick=\"downloadPDF(this, '')\"><span>Condizioni generali di assicurazione della protezione delle persone PLUS (CGA)<\/span>.pdf<\/div>\n\t\t\t\t\t\t\t\t\t\t\t\t\t<\/div>\n\t\t\t\t\t<\/div>\n\t\t\t\t<\/div>\n\t\t\t<\/div>\n\t\t\t<script>\n\t\t\t\tasync function downloadPDF(element, url) {\n\t\t\t\t\tlet res = await fetch(url);\n\t\t\t\t\tlet blob = await res.blob();\n\n\t\t\t\t\tconst blobUrl = window.URL.createObjectURL(\n\t\t\t\t\t\tblob\n\t\t\t\t\t);\n\n\t\t\t\t\tlet link = document.createElement('a');\n\t\t\t\t\tlink.href = blobUrl;\n\n\t\t\t\t\tconst filename = element.getElementsByTagName('span')[0].innerText;\n\t\t\t\t\tlink.setAttribute('download', filename + '.pdf');\n\t\t\t\t\tdocument.body.appendChild(link);\n\t\t\t\t\tlink.click();\n\t\t\t\t\tconsole.log(link);\n\t\t\t\t}\n\t\t\t<\/script>\n\t\t<\/section>\n\n\t\t\t\t<\/div>\n\t\t\t\t<\/div>\n\t\t\t\t\t<\/div>\n\t\t<\/div>\n\t\t\t\t\t<\/div>\n\t\t<\/section>\n\t\t\t\t<\/div>\n\t\t","protected":false},"excerpt":{"rendered":"<p>Protezione ipotecaria Migros Perch\u00e9 tenete ai vostri cari. Per molte persone l\u2019acquisto di una propria casa \u00e8 l\u2019investimento pi\u00f9 importante e pi\u00f9 bello della loro vita. Tuttavia, rischi imprevisti possono mettere rapidamente a repentaglio il finanziamento. Proteggete i vostri cari e voi stessi, assicurando il vostro futuro. Fissare una consultazione Ecco perch\u00e9 conviene assicurare l\u2019ipoteca [&hellip;]<\/p>\n","protected":false},"author":15,"featured_media":0,"parent":0,"menu_order":13,"comment_status":"closed","ping_status":"closed","template":"page-templates\/no-elementor.php","meta":{"_acf_changed":false,"footnotes":""},"class_list":["post-2291","page","type-page","status-publish","hentry"],"acf":[],"_links":{"self":[{"href":"https:\/\/www.migros-versicherungen.ch\/it\/wp-json\/wp\/v2\/pages\/2291","targetHints":{"allow":["GET"]}}],"collection":[{"href":"https:\/\/www.migros-versicherungen.ch\/it\/wp-json\/wp\/v2\/pages"}],"about":[{"href":"https:\/\/www.migros-versicherungen.ch\/it\/wp-json\/wp\/v2\/types\/page"}],"author":[{"embeddable":true,"href":"https:\/\/www.migros-versicherungen.ch\/it\/wp-json\/wp\/v2\/users\/15"}],"replies":[{"embeddable":true,"href":"https:\/\/www.migros-versicherungen.ch\/it\/wp-json\/wp\/v2\/comments?post=2291"}],"version-history":[{"count":0,"href":"https:\/\/www.migros-versicherungen.ch\/it\/wp-json\/wp\/v2\/pages\/2291\/revisions"}],"wp:attachment":[{"href":"https:\/\/www.migros-versicherungen.ch\/it\/wp-json\/wp\/v2\/media?parent=2291"}],"curies":[{"name":"wp","href":"https:\/\/api.w.org\/{rel}","templated":true}]}}