{"id":2280,"date":"2024-10-17T16:53:20","date_gmt":"2024-10-17T14:53:20","guid":{"rendered":"https:\/\/migrosproddev.wpenginepowered.com\/?page_id=2280"},"modified":"2024-10-19T10:09:53","modified_gmt":"2024-10-19T08:09:53","slug":"elementor-2280","status":"publish","type":"page","link":"https:\/\/www.migros-versicherungen.ch\/it\/elementor-2280\/","title":{"rendered":"Copertura del pagamento credito privato"},"content":{"rendered":"\t\t<div data-elementor-type=\"wp-page\" data-elementor-id=\"2280\" class=\"elementor elementor-2280 elementor-2012\">\n\t\t\t\t\t\t<section class=\"elementor-section elementor-top-section elementor-element elementor-element-b9c0b8a elementor-section-boxed elementor-section-height-default elementor-section-height-default\" data-id=\"b9c0b8a\" data-element_type=\"section\" data-e-type=\"section\">\n\t\t\t\t\t\t<div class=\"elementor-container elementor-column-gap-default\">\n\t\t\t\t\t<div class=\"elementor-column elementor-col-100 elementor-top-column elementor-element elementor-element-35e16ef\" data-id=\"35e16ef\" data-element_type=\"column\" data-e-type=\"column\">\n\t\t\t<div class=\"elementor-widget-wrap\">\n\t\t\t\t\t\t\t<\/div>\n\t\t<\/div>\n\t\t\t\t\t<\/div>\n\t\t<\/section>\n\t\t\t\t<section class=\"elementor-section elementor-top-section elementor-element elementor-element-b46f35a elementor-section-boxed elementor-section-height-default elementor-section-height-default\" data-id=\"b46f35a\" data-element_type=\"section\" data-e-type=\"section\">\n\t\t\t\t\t\t<div class=\"elementor-container elementor-column-gap-default\">\n\t\t\t\t\t<div class=\"elementor-column elementor-col-100 elementor-top-column elementor-element elementor-element-7c71ef5\" data-id=\"7c71ef5\" data-element_type=\"column\" data-e-type=\"column\">\n\t\t\t<div class=\"elementor-widget-wrap elementor-element-populated\">\n\t\t\t\t\t\t<div class=\"elementor-element elementor-element-37e956a elementor-widget elementor-widget-haushaltheadline-widget\" data-id=\"37e956a\" data-element_type=\"widget\" data-e-type=\"widget\" data-widget_type=\"haushaltheadline-widget.default\">\n\t\t\t\t<div class=\"elementor-widget-container\">\n\t\t\t\t\t\t\t<section class=\"headline\">\n\t\t\t<div class=\"container\">\n\t\t\t\t<div class=\"row flex flex-row flex-center\">\n\t\t\t\t\t<div class=\"col-md-12 col-lg-6\">\n\t\t\t\t\t\t<h1 class=\"headline-title\">Copertura del<br>pagamento credito<br>privato Migros<\/h1>\n\t\t\t\t\t\t<h2 class=\"headline-sub-title\">Perch\u00e9 a volte possono esserci ristrettezze economiche.<\/h2>\n\t\t\t\t\t\t<p>Avete bisogno di una nuova auto o dovete ristrutturare il vostro appartamento? Un fabbisogno finanziario temporaneo pu\u00f2 essere facilmente colmato con un credito privato della Banca Migros. Evitate che in una situazione del genere un problema di salute o professionale limiti la vostra capacit\u00e0 di pagamento. Assicuratevi quindi in modo completo con la Copertura del pagamento credito privato, che, per giunta, ha un prezzo interessante. <\/p>\n\t\t\t\t\t\t<a href=\"https:\/\/online.migros-versicherungen.chundefined config\" class=\"button primary big\">Stipulare credito privato e copertura del pagamento<\/a>\n\t\t\t\t\t<\/div>\n\t\t\t\t\t<div class=\"col-md-12 col-lg-6 img-right hausratversicherung\">\n\t\t\t\t\t\t<img decoding=\"async\" src=\"https:\/\/www.migros-versicherungen.ch\/assets\/Privatkreditschutz-quadratisch.png\" alt=\"\" title=\"\" \/>\n\t\t\t\t\t<\/div>\n\t\t\t\t<\/div>\n\t\t\t<\/div>\n\t\t<\/section>\n\t\t\t\t<\/div>\n\t\t\t\t<\/div>\n\t\t\t\t<div class=\"elementor-element elementor-element-69ed9d5 elementor-widget elementor-widget-haushaltimagewidthtext-widget\" data-id=\"69ed9d5\" data-element_type=\"widget\" data-e-type=\"widget\" data-widget_type=\"haushaltimagewidthtext-widget.default\">\n\t\t\t\t<div class=\"elementor-widget-container\">\n\t\t\t\t\t\t\t<section class=\"worthwhile\">\n\t\t\t<div class=\"container\">\n\t\t\t\t<div class=\"row\">\n\t\t\t\t\t<div class=\"col-lg-7 col-md-12\">\n\t\t\t\t\t\t<h2>Ecco perch\u00e9 conviene una Copertura del pagamento credito privato<\/h2>\n\t\t\t\t\t\t<p>Un infortunio sugli sci o in bicicletta richiede lunghe terapie e misure di riabilitazione e comporta una totale incapacit\u00e0 lavorativa per diversi mesi. Al danno alla salute si aggiungono ristrettezze economiche, perch\u00e9 l\u2019assicurazione contro gli infortuni non copre l\u2019intero salario. In una situazione di questo tipo, la Copertura del pagamento credito privato interviene per garantire le rate mensili del credito.<\/p>\n\n<p>La Copertura del pagamento credito privato Migros fornisce prestazioni finanziarie in caso di malattie e infortuni di varia natura che rendano temporaneamente o permanentemente impossibile l\u2019attivit\u00e0 lavorativa. Inoltre, vi protegge in caso di disoccupazione.<\/p>\t\t\t\t\t<\/div>\n\t\t\t\t\t<div class=\"col-lg-5 col-md-12\">\n\t\t\t\t\t\t<img decoding=\"async\" src=\"https:\/\/www.migros-versicherungen.ch\/assets\/schaden-beispiele.svg\" alt=\"Drei Symbole f\u00fcr m\u00f6gliche Sch\u00e4den\" \/>\n\t\t\t\t\t<\/div>\n\t\t\t\t<\/div>\n\t\t\t<\/div>\n\t\t<\/section>\n\t\t\t\t<\/div>\n\t\t\t\t<\/div>\n\t\t\t\t\t<\/div>\n\t\t<\/div>\n\t\t\t\t\t<\/div>\n\t\t<\/section>\n\t\t\t\t<section class=\"elementor-section elementor-top-section elementor-element elementor-element-dd9cdf9 elementor-section-boxed elementor-section-height-default elementor-section-height-default\" data-id=\"dd9cdf9\" data-element_type=\"section\" data-e-type=\"section\">\n\t\t\t\t\t\t<div class=\"elementor-container elementor-column-gap-default\">\n\t\t\t\t\t<div class=\"elementor-column elementor-col-100 elementor-top-column elementor-element elementor-element-3ee2c6c\" data-id=\"3ee2c6c\" data-element_type=\"column\" data-e-type=\"column\">\n\t\t\t<div class=\"elementor-widget-wrap elementor-element-populated\">\n\t\t\t\t\t\t<div class=\"elementor-element elementor-element-e499c92 elementor-widget elementor-widget-comprehensiveprotection-widget\" data-id=\"e499c92\" data-element_type=\"widget\" data-e-type=\"widget\" data-widget_type=\"comprehensiveprotection-widget.default\">\n\t\t\t\t<div class=\"elementor-widget-container\">\n\t\t\t\t\t\n\n\n\t\t<section class=\"protection\">\n\t\t\t<div class=\"container\">\n\t\t\t\t<div class=\"row\">\n\t\t\t\t\t<div class=\"col-md-12\">\n\t\t\t\t\t\t<h2 class=\"section-title\">Protezione completa con Migros Assicurazioni<\/h2>\n\t\t\t\t\t<\/div>\n\t\t\t\t<\/div>\n\t\t\t\t<div class=\"row\">\n\n\t\t\t\t\t\t\t\t\t\t\t<div class=\"col-md-3\">\n\t\t\t\t\t\t\t<img decoding=\"async\" src=\"https:\/\/www.migros-versicherungen.ch\/assets\/umberalla-icon.svg\" alt=\"\" \/>\n\t\t\t\t\t\t\t<h3>Senza esame dello stato di salute<\/h3>\n\t\t\t\t\t\t\t<p>Stipula senza visita medica<\/p>\n\t\t\t\t\t\t<\/div>\n\t\t\t\t\t\t\t\t\t\t\t<div class=\"col-md-3\">\n\t\t\t\t\t\t\t<img decoding=\"async\" src=\"https:\/\/www.migros-versicherungen.ch\/assets\/premium-icon.svg\" alt=\"\" \/>\n\t\t\t\t\t\t\t<h3>Semplice<\/h3>\n\t\t\t\t\t\t\t<p>Stipula contemporanea al credito privato<\/p>\n\t\t\t\t\t\t<\/div>\n\t\t\t\t\t\t\t\t\t\t\t<div class=\"col-md-3\">\n\t\t\t\t\t\t\t<img decoding=\"async\" src=\"https:\/\/www.migros-versicherungen.ch\/assets\/partner-icon.svg\" alt=\"\" \/>\n\t\t\t\t\t\t\t<h3>Un partner solido<\/h3>\n\t\t\t\t\t\t\t<p>La Migros al vostro fianco con la consulenza legale dei giuristi di AXA-ARAG<\/p>\n\t\t\t\t\t\t<\/div>\n\t\t\t\t\t\t\t\t\t\t\t<div class=\"col-md-3\">\n\t\t\t\t\t\t\t<img decoding=\"async\" src=\"https:\/\/www.migros-versicherungen.ch\/assets\/cards-icon.svg\" alt=\"\" \/>\n\t\t\t\t\t\t\t<h3>Punti Cumulus<\/h3>\n\t\t\t\t\t\t\t<p>Annualmente e in modo del tutto automatico<\/p>\n\t\t\t\t\t\t<\/div>\n\t\t\t\t\t\t\t\t\t<\/div>\n\t\t\t<\/div>\n\t\t<\/section>\n\n\t\t\t\t<\/div>\n\t\t\t\t<\/div>\n\t\t\t\t\t<\/div>\n\t\t<\/div>\n\t\t\t\t\t<\/div>\n\t\t<\/section>\n\t\t\t\t<section class=\"elementor-section elementor-top-section elementor-element elementor-element-0d242d9 elementor-section-boxed elementor-section-height-default elementor-section-height-default\" data-id=\"0d242d9\" data-element_type=\"section\" data-e-type=\"section\">\n\t\t\t\t\t\t<div class=\"elementor-container elementor-column-gap-default\">\n\t\t\t\t\t<div class=\"elementor-column elementor-col-100 elementor-top-column elementor-element elementor-element-38b029f\" data-id=\"38b029f\" data-element_type=\"column\" data-e-type=\"column\">\n\t\t\t<div class=\"elementor-widget-wrap elementor-element-populated\">\n\t\t\t\t\t\t<div class=\"elementor-element elementor-element-41ddbd9 elementor-widget__width-inherit elementor-widget elementor-widget-haushaltperformance-widget\" data-id=\"41ddbd9\" data-element_type=\"widget\" data-e-type=\"widget\" data-widget_type=\"haushaltperformance-widget.default\">\n\t\t\t\t<div class=\"elementor-widget-container\">\n\t\t\t\t\t\n\n\t\t<section class=\"performance\">\n\t\t\t<div class=\"container\">\n\t\t\t\t<div class=\"row\">\n\t\t\t\t\t<div class=\"col-md-12\">\n\t\t\t\t\t\t<h2 class=\"section-title\">Pi\u00f9 prestazioni per il vostro denaro<\/h2>\n\t\t\t\t\t\t<p class=\"section-description\">I vantaggi in sintesi<\/p>\n\t\t\t\t\t<\/div>\n\t\t\t\t<\/div>\n\t\t\t\t<div class=\"row\">\n\t\t\t\t\t<div class=\"col-md-12 inner-container\">\n\t\t\t\t\t\t\t\t\t\t\t\t\t<div class=\"col-md-4\">\n\t\t\t\t\t\t\t\t<div class=\"inner\">\n\t\t\t\t\t\t\t\t\t<h3 class=\"box-title\">Assunzione delle rate del credito<\/h3>\n\t\t\t\t\t\t\t\t\t<p>Assunzione delle rate mensili del credito in caso di disoccupazione involontaria nonch\u00e9 durante la totale incapacit\u00e0 al lavoro dovuta a malattia o infortunio.<\/p>\n\t\t\t\t\t\t\t\t<\/div>\n\t\t\t\t\t\t\t<\/div>\n\t\t\t\t\t\t\t\t\t\t\t\t\t<div class=\"col-md-4\">\n\t\t\t\t\t\t\t\t<div class=\"inner\">\n\t\t\t\t\t\t\t\t\t<h3 class=\"box-title\">Rimborso del<br>credito<\/h3>\n\t\t\t\t\t\t\t\t\t<p>Se un infortunio o una malattia comporta l\u2019invalidit\u00e0 o porta persino al decesso, l\u2019assicurazione rimborsa l\u2019importo dovuto in un\u2019unica soluzione. <\/p>\n\t\t\t\t\t\t\t\t<\/div>\n\t\t\t\t\t\t\t<\/div>\n\t\t\t\t\t\t\t\t\t\t\t\t\t<div class=\"col-md-4\">\n\t\t\t\t\t\t\t\t<div class=\"inner\">\n\t\t\t\t\t\t\t\t\t<h3 class=\"box-title\">Consulenza legale inclusa<\/h3>\n\t\t\t\t\t\t\t\t\t<p>Vi forniamo consulenza se siete vittime di mobbing sul lavoro, se siete stati licenziati ingiustamente o se la vostra assicurazione contro gli infortuni non riconosce un infortunio.<\/p>\n\t\t\t\t\t\t\t\t<\/div>\n\t\t\t\t\t\t\t<\/div>\n\t\t\t\t\t\t\t\t\t\t\t\t\t<div class=\"col-md-4\">\n\t\t\t\t\t\t\t\t<div class=\"inner\">\n\t\t\t\t\t\t\t\t\t<h3 class=\"box-title\">Premio<br>allettante<\/h3>\n\t\t\t\t\t\t\t\t\t<p>Il premio per la Copertura del pagamento credito privato corrisponde solo a una quota fissa del 4,99% sulla rata mensile del credito.<\/p>\n\t\t\t\t\t\t\t\t<\/div>\n\t\t\t\t\t\t\t<\/div>\n\t\t\t\t\t\t\t\t\t\t\t\t\t<div class=\"col-md-4\">\n\t\t\t\t\t\t\t\t<div class=\"inner\">\n\t\t\t\t\t\t\t\t\t<h3 class=\"box-title\">Disdetta<br>mensile<\/h3>\n\t\t\t\t\t\t\t\t\t<p>Siamo convinti dei nostri prodotti e per questo rinunciamo a lunghi termini di disdetta.<\/p>\n\t\t\t\t\t\t\t\t<\/div>\n\t\t\t\t\t\t\t<\/div>\n\t\t\t\t\t\t\t\t\t\t\t\t\t<div class=\"col-md-4\">\n\t\t\t\t\t\t\t\t<div class=\"inner\">\n\t\t\t\t\t\t\t\t\t<h3 class=\"box-title\">Punti Cumulus sui premi<\/h3>\n\t\t\t\t\t\t\t\t\t<p>A titolo di ringraziamento riceverete un punto Cumulus per ogni franco di premio.<\/p>\n\t\t\t\t\t\t\t\t<\/div>\n\t\t\t\t\t\t\t<\/div>\n\t\t\t\t\t\t\t\t\t\t\t<\/div>\n\t\t\t\t<\/div>\n\t\t\t<\/div>\n\t\t<\/section>\n\n\t\t\t\t<\/div>\n\t\t\t\t<\/div>\n\t\t\t\t\t<\/div>\n\t\t<\/div>\n\t\t\t\t\t<\/div>\n\t\t<\/section>\n\t\t\t\t<section class=\"elementor-section elementor-top-section elementor-element elementor-element-6d57e05 elementor-section-boxed elementor-section-height-default elementor-section-height-default\" data-id=\"6d57e05\" data-element_type=\"section\" data-e-type=\"section\">\n\t\t\t\t\t\t<div class=\"elementor-container elementor-column-gap-default\">\n\t\t\t\t\t<div class=\"elementor-column elementor-col-100 elementor-top-column elementor-element elementor-element-bed467a\" data-id=\"bed467a\" data-element_type=\"column\" data-e-type=\"column\">\n\t\t\t<div class=\"elementor-widget-wrap elementor-element-populated\">\n\t\t\t\t\t\t<div class=\"elementor-element elementor-element-da12543 elementor-widget elementor-widget-pdfdocuments-widget\" data-id=\"da12543\" data-element_type=\"widget\" data-e-type=\"widget\" data-widget_type=\"pdfdocuments-widget.default\">\n\t\t\t\t<div class=\"elementor-widget-container\">\n\t\t\t\t\t\n\t\t<section class=\"download\">\n\t\t\t<div class=\"container\">\n\t\t\t\t<div class=\"row\">\n\t\t\t\t\t<div class=\"col-md-12\">\n\t\t\t\t\t\t<h2>Download<\/h2>\n\t\t\t\t\t\t<div class=\"items\">\n\t\t\t\t\t\t\t\t\t\t\t\t\t\t\t<div automation-id=\"pdf_download_\" class=\"item\" onclick=\"downloadPDF(this, 'https:\/\/aresstaticapiprod.azurewebsites.net\/api\/tenants\/23\/documents\/factsheetandcoverage?language=de')\"><span>Riepilogo delle coperture<\/span>.pdf<\/div>\n\t\t\t\t\t\t\t\t\t\t\t\t\t\t\t<div automation-id=\"pdf_download_\" class=\"item\" onclick=\"downloadPDF(this, 'https:\/\/aresstaticapiqa.azurewebsites.net\/api\/tenants\/17\/documents\/vag?language=de')\"><span>Informazioni sugli intermediari ai sensi dell\u2019art. 45 LSA<\/span>.pdf<\/div>\n\t\t\t\t\t\t\t\t\t\t\t\t\t\t\t<div automation-id=\"pdf_download_\" class=\"item\" onclick=\"downloadPDF(this, 'https:\/\/aresstaticapiqa.azurewebsites.net\/api\/tenants\/17\/documents\/avb?product=householdliability&amp;language=de')\"><span>vCondizioni generali di assicurazione (CGA)<\/span>.pdf<\/div>\n\t\t\t\t\t\t\t\t\t\t\t\t\t<\/div>\n\t\t\t\t\t<\/div>\n\t\t\t\t<\/div>\n\t\t\t<\/div>\n\t\t\t<script>\n\t\t\t\tasync function downloadPDF(element, url) {\n\t\t\t\t\tlet res = await fetch(url);\n\t\t\t\t\tlet blob = await res.blob();\n\n\t\t\t\t\tconst blobUrl = window.URL.createObjectURL(\n\t\t\t\t\t\tblob\n\t\t\t\t\t);\n\n\t\t\t\t\tlet link = document.createElement('a');\n\t\t\t\t\tlink.href = blobUrl;\n\n\t\t\t\t\tconst filename = element.getElementsByTagName('span')[0].innerText;\n\t\t\t\t\tlink.setAttribute('download', filename + '.pdf');\n\t\t\t\t\tdocument.body.appendChild(link);\n\t\t\t\t\tlink.click();\n\t\t\t\t\tconsole.log(link);\n\t\t\t\t}\n\t\t\t<\/script>\n\t\t<\/section>\n\n\t\t\t\t<\/div>\n\t\t\t\t<\/div>\n\t\t\t\t<div class=\"elementor-element elementor-element-cb27585 elementor-widget__width-auto elementor-widget elementor-widget-heading\" data-id=\"cb27585\" data-element_type=\"widget\" data-e-type=\"widget\" data-widget_type=\"heading.default\">\n\t\t\t\t<div class=\"elementor-widget-container\">\n\t\t\t\t\t<span class=\"elementor-heading-title elementor-size-default\">Un credito di CHF 10 000 a un tasso effettivo annuo tra il 4,9% e il 7,9% per 12 mesi genera una rata mensile tra CHF 855.15 e CHF 868.15 e costi complessivi compresi tra CHF 261.80 e CHF 417.80. Il tasso d\u2019interesse dipende dalla capacit\u00e0 creditizia e vale per le richieste online. Concessionaria del credito \u00e8 la Banca Migros SA con sede a Zurigo. Avvertenza legale: la concessione di un credito \u00e8 vietata se comporta un indebitamento eccessivo (art. 3 LCSl). \u00c8 fatto salvo l\u2019esito positivo dell\u2019esame della capacit\u00e0 creditizia.\n\n<\/span>\t\t\t\t<\/div>\n\t\t\t\t<\/div>\n\t\t\t\t\t<\/div>\n\t\t<\/div>\n\t\t\t\t\t<\/div>\n\t\t<\/section>\n\t\t\t\t<\/div>\n\t\t","protected":false},"excerpt":{"rendered":"<p>Copertura delpagamento creditoprivato Migros Perch\u00e9 a volte possono esserci ristrettezze economiche. Avete bisogno di una nuova auto o dovete ristrutturare il vostro appartamento? Un fabbisogno finanziario temporaneo pu\u00f2 essere facilmente colmato con un credito privato della Banca Migros. Evitate che in una situazione del genere un problema di salute o professionale limiti la vostra capacit\u00e0 [&hellip;]<\/p>\n","protected":false},"author":15,"featured_media":0,"parent":0,"menu_order":17,"comment_status":"closed","ping_status":"closed","template":"page-templates\/no-elementor.php","meta":{"_acf_changed":false,"footnotes":""},"class_list":["post-2280","page","type-page","status-publish","hentry"],"acf":[],"_links":{"self":[{"href":"https:\/\/www.migros-versicherungen.ch\/it\/wp-json\/wp\/v2\/pages\/2280","targetHints":{"allow":["GET"]}}],"collection":[{"href":"https:\/\/www.migros-versicherungen.ch\/it\/wp-json\/wp\/v2\/pages"}],"about":[{"href":"https:\/\/www.migros-versicherungen.ch\/it\/wp-json\/wp\/v2\/types\/page"}],"author":[{"embeddable":true,"href":"https:\/\/www.migros-versicherungen.ch\/it\/wp-json\/wp\/v2\/users\/15"}],"replies":[{"embeddable":true,"href":"https:\/\/www.migros-versicherungen.ch\/it\/wp-json\/wp\/v2\/comments?post=2280"}],"version-history":[{"count":0,"href":"https:\/\/www.migros-versicherungen.ch\/it\/wp-json\/wp\/v2\/pages\/2280\/revisions"}],"wp:attachment":[{"href":"https:\/\/www.migros-versicherungen.ch\/it\/wp-json\/wp\/v2\/media?parent=2280"}],"curies":[{"name":"wp","href":"https:\/\/api.w.org\/{rel}","templated":true}]}}