{"id":849,"date":"2022-06-10T10:47:35","date_gmt":"2022-06-10T08:47:35","guid":{"rendered":"https:\/\/migros.local\/?page_id=849"},"modified":"2022-10-25T15:45:26","modified_gmt":"2022-10-25T13:45:26","slug":"concours-europapark","status":"publish","type":"page","link":"https:\/\/www.migros-versicherungen.ch\/fr\/concours-europapark\/","title":{"rendered":"Concours Europapark"},"content":{"rendered":"\t\t<div data-elementor-type=\"wp-page\" data-elementor-id=\"849\" class=\"elementor elementor-849 elementor-801\">\n\t\t\t\t\t\t<section class=\"elementor-section elementor-top-section elementor-element elementor-element-2a96c9c elementor-section-boxed elementor-section-height-default elementor-section-height-default\" data-id=\"2a96c9c\" data-element_type=\"section\" data-e-type=\"section\">\n\t\t\t\t\t\t<div class=\"elementor-container elementor-column-gap-default\">\n\t\t\t\t\t<div class=\"elementor-column elementor-col-50 elementor-top-column elementor-element elementor-element-0cedd52\" data-id=\"0cedd52\" data-element_type=\"column\" data-e-type=\"column\">\n\t\t\t<div class=\"elementor-widget-wrap elementor-element-populated\">\n\t\t\t\t\t\t<div class=\"elementor-element elementor-element-f4ae8be elementor-widget elementor-widget-spacer\" data-id=\"f4ae8be\" data-element_type=\"widget\" data-e-type=\"widget\" data-widget_type=\"spacer.default\">\n\t\t\t\t<div class=\"elementor-widget-container\">\n\t\t\t\t\t\t\t<div class=\"elementor-spacer\">\n\t\t\t<div class=\"elementor-spacer-inner\"><\/div>\n\t\t<\/div>\n\t\t\t\t\t\t<\/div>\n\t\t\t\t<\/div>\n\t\t\t\t<div class=\"elementor-element elementor-element-65bc734 elementor-widget elementor-widget-heading\" data-id=\"65bc734\" data-element_type=\"widget\" data-e-type=\"widget\" data-widget_type=\"heading.default\">\n\t\t\t\t<div class=\"elementor-widget-container\">\n\t\t\t\t\t<h1 class=\"elementor-heading-title elementor-size-default\">Gagnez des adventures pour toute la famille \u00e0 Europapark!<\/h1>\t\t\t\t<\/div>\n\t\t\t\t<\/div>\n\t\t\t\t<div class=\"elementor-element elementor-element-c05dd3b elementor-widget elementor-widget-heading\" data-id=\"c05dd3b\" data-element_type=\"widget\" data-e-type=\"widget\" data-widget_type=\"heading.default\">\n\t\t\t\t<div class=\"elementor-widget-container\">\n\t\t\t\t\t<h2 class=\"elementor-heading-title elementor-size-default\">Plaisir garanti \u00e0 tous les \u00e2ges.<\/h2>\t\t\t\t<\/div>\n\t\t\t\t<\/div>\n\t\t\t\t<div class=\"elementor-element elementor-element-7ff09c5 elementor-widget elementor-widget-spacer\" data-id=\"7ff09c5\" data-element_type=\"widget\" data-e-type=\"widget\" data-widget_type=\"spacer.default\">\n\t\t\t\t<div class=\"elementor-widget-container\">\n\t\t\t\t\t\t\t<div class=\"elementor-spacer\">\n\t\t\t<div class=\"elementor-spacer-inner\"><\/div>\n\t\t<\/div>\n\t\t\t\t\t\t<\/div>\n\t\t\t\t<\/div>\n\t\t\t\t<div class=\"elementor-element elementor-element-8ddfb07 unset-justify elementor-widget elementor-widget-text-editor\" data-id=\"8ddfb07\" data-element_type=\"widget\" data-e-type=\"widget\" data-widget_type=\"text-editor.default\">\n\t\t\t\t<div class=\"elementor-widget-container\">\n\t\t\t\t\t\t\t\t\t<p>Passez une journ\u00e9e inoubliable en famille dans l\u2019un des plus grands parcs de loisirs d\u2019Europe.<\/p><p>Plus de 100\u00a0attractions et spectacles vous attendent! Descentes tr\u00e9pidantes dans les grands\u00a08 et \u00e9claboussures \u00e0 gogo dans les attractions aquatiques, l\u2019action sera au rendez-vous. Europapark compte bien vous \u00e9merveiller aussi avec ses magnifiques spectacles et ses univers enchanteurs. Une journ\u00e9e pleine de magie s\u2019annonce!<\/p><p><b>Migros Assurances et Europapark mettent en jeu\u00a0<span style=\"color: var( --e-global-color-text );\">2\u00a0billets famille, valables chacun pour quatre personnes.<\/span><\/b><\/p><p><span style=\"color: var( --e-global-color-text );\">Que l\u2019aventure commence!<\/span><\/p>\t\t\t\t\t\t\t\t<\/div>\n\t\t\t\t<\/div>\n\t\t\t\t\t<\/div>\n\t\t<\/div>\n\t\t\t\t<div class=\"elementor-column elementor-col-50 elementor-top-column elementor-element elementor-element-6a8bd69\" data-id=\"6a8bd69\" data-element_type=\"column\" data-e-type=\"column\">\n\t\t\t<div class=\"elementor-widget-wrap elementor-element-populated\">\n\t\t\t\t\t\t<div class=\"elementor-element elementor-element-e80da8e elementor-widget__width-inherit elementor-absolute elementor-hidden-tablet elementor-hidden-mobile elementor-widget elementor-widget-image\" data-id=\"e80da8e\" data-element_type=\"widget\" data-e-type=\"widget\" data-settings=\"{&quot;_position&quot;:&quot;absolute&quot;}\" data-widget_type=\"image.default\">\n\t\t\t\t<div class=\"elementor-widget-container\">\n\t\t\t\t\t\t\t\t\t\t\t\t\t\t\t<img fetchpriority=\"high\" decoding=\"async\" width=\"1024\" height=\"1024\" src=\"https:\/\/www.migros-versicherungen.ch\/assets\/MV_Wettbewerb_Euroapark_Maus-1024x1024.jpg\" class=\"attachment-large size-large wp-image-805\" alt=\"Europapark Maus\" srcset=\"https:\/\/www.migros-versicherungen.ch\/assets\/MV_Wettbewerb_Euroapark_Maus-1024x1024.jpg 1024w, https:\/\/www.migros-versicherungen.ch\/assets\/MV_Wettbewerb_Euroapark_Maus-300x300.jpg 300w, https:\/\/www.migros-versicherungen.ch\/assets\/MV_Wettbewerb_Euroapark_Maus-150x150.jpg 150w, https:\/\/www.migros-versicherungen.ch\/assets\/MV_Wettbewerb_Euroapark_Maus-768x768.jpg 768w, https:\/\/www.migros-versicherungen.ch\/assets\/MV_Wettbewerb_Euroapark_Maus-1536x1536.jpg 1536w, https:\/\/www.migros-versicherungen.ch\/assets\/MV_Wettbewerb_Euroapark_Maus-2048x2048.jpg 2048w\" sizes=\"(max-width: 1024px) 100vw, 1024px\" \/>\t\t\t\t\t\t\t\t\t\t\t\t\t\t\t<\/div>\n\t\t\t\t<\/div>\n\t\t\t\t\t<\/div>\n\t\t<\/div>\n\t\t\t\t\t<\/div>\n\t\t<\/section>\n\t\t\t\t<section class=\"elementor-section elementor-top-section elementor-element elementor-element-3dc4df5 elementor-section-boxed elementor-section-height-default elementor-section-height-default\" data-id=\"3dc4df5\" data-element_type=\"section\" data-e-type=\"section\">\n\t\t\t\t\t\t<div class=\"elementor-container elementor-column-gap-default\">\n\t\t\t\t\t<div class=\"elementor-column elementor-col-100 elementor-top-column elementor-element elementor-element-66df6f0\" data-id=\"66df6f0\" data-element_type=\"column\" data-e-type=\"column\">\n\t\t\t<div class=\"elementor-widget-wrap elementor-element-populated\">\n\t\t\t\t\t\t<div class=\"elementor-element elementor-element-784ce6c elementor-widget elementor-widget-heading\" data-id=\"784ce6c\" data-element_type=\"widget\" data-e-type=\"widget\" data-widget_type=\"heading.default\">\n\t\t\t\t<div class=\"elementor-widget-container\">\n\t\t\t\t\t<h3 class=\"elementor-heading-title elementor-size-default\">Plongez dans un univers magique:<\/h3>\t\t\t\t<\/div>\n\t\t\t\t<\/div>\n\t\t\t\t\t<\/div>\n\t\t<\/div>\n\t\t\t\t\t<\/div>\n\t\t<\/section>\n\t\t\t\t<section class=\"elementor-section elementor-top-section elementor-element elementor-element-e65016d elementor-section-boxed elementor-section-height-default elementor-section-height-default\" data-id=\"e65016d\" data-element_type=\"section\" data-e-type=\"section\">\n\t\t\t\t\t\t<div class=\"elementor-container elementor-column-gap-default\">\n\t\t\t\t\t<div class=\"elementor-column elementor-col-100 elementor-top-column elementor-element elementor-element-d655f49\" data-id=\"d655f49\" data-element_type=\"column\" data-e-type=\"column\">\n\t\t\t<div class=\"elementor-widget-wrap elementor-element-populated\">\n\t\t\t\t\t\t<div class=\"elementor-element elementor-element-53c26e2 elementor-widget elementor-widget-spacer\" data-id=\"53c26e2\" data-element_type=\"widget\" data-e-type=\"widget\" data-widget_type=\"spacer.default\">\n\t\t\t\t<div class=\"elementor-widget-container\">\n\t\t\t\t\t\t\t<div class=\"elementor-spacer\">\n\t\t\t<div class=\"elementor-spacer-inner\"><\/div>\n\t\t<\/div>\n\t\t\t\t\t\t<\/div>\n\t\t\t\t<\/div>\n\t\t\t\t<div class=\"elementor-element elementor-element-0fe7580 elementor-arrows-position-inside elementor-pagination-position-outside elementor-widget elementor-widget-image-carousel\" data-id=\"0fe7580\" data-element_type=\"widget\" data-e-type=\"widget\" data-settings=\"{&quot;navigation&quot;:&quot;both&quot;,&quot;autoplay&quot;:&quot;yes&quot;,&quot;pause_on_hover&quot;:&quot;yes&quot;,&quot;pause_on_interaction&quot;:&quot;yes&quot;,&quot;autoplay_speed&quot;:5000,&quot;infinite&quot;:&quot;yes&quot;,&quot;speed&quot;:500}\" data-widget_type=\"image-carousel.default\">\n\t\t\t\t<div class=\"elementor-widget-container\">\n\t\t\t\t\t\t\t<div class=\"elementor-image-carousel-wrapper swiper\" role=\"region\" aria-roledescription=\"carousel\" aria-label=\"Carrousel d\u2019images\" dir=\"ltr\">\n\t\t\t<div class=\"elementor-image-carousel swiper-wrapper swiper-image-stretch\" aria-live=\"off\">\n\t\t\t\t\t\t\t\t<div class=\"swiper-slide\" role=\"group\" aria-roledescription=\"slide\" aria-label=\"1 of 9\"><figure class=\"swiper-slide-inner\"><img decoding=\"async\" class=\"swiper-slide-image\" src=\"https:\/\/www.migros-versicherungen.ch\/assets\/MV_Wettbewerb_Europapark_Euromir-300x200.jpg\" alt=\"Mutter und Kind sitzen lachend auf einer Achterbahn\" \/><\/figure><\/div><div class=\"swiper-slide\" role=\"group\" aria-roledescription=\"slide\" aria-label=\"2 of 9\"><figure class=\"swiper-slide-inner\"><img decoding=\"async\" class=\"swiper-slide-image\" src=\"https:\/\/www.migros-versicherungen.ch\/assets\/MV_Wettbewerb_Europapark_Eurosat-300x200.jpg\" alt=\"Sicht auf den Europapark und den Wasserbrunnen\" \/><\/figure><\/div><div class=\"swiper-slide\" role=\"group\" aria-roledescription=\"slide\" aria-label=\"3 of 9\"><figure class=\"swiper-slide-inner\"><img decoding=\"async\" class=\"swiper-slide-image\" src=\"https:\/\/www.migros-versicherungen.ch\/assets\/Fjord_Rafting-300x200.jpg\" alt=\"Eine Gruppe von Personen die in einer Wildwasserbahn sitzen\" \/><\/figure><\/div><div class=\"swiper-slide\" role=\"group\" aria-roledescription=\"slide\" aria-label=\"4 of 9\"><figure class=\"swiper-slide-inner\"><img decoding=\"async\" class=\"swiper-slide-image\" src=\"https:\/\/www.migros-versicherungen.ch\/assets\/Winter_Traktorfahrt_01-300x200.jpg\" alt=\"Eine Familie in einem Traktor im Europapark\" \/><\/figure><\/div><div class=\"swiper-slide\" role=\"group\" aria-roledescription=\"slide\" aria-label=\"5 of 9\"><figure class=\"swiper-slide-inner\"><img decoding=\"async\" class=\"swiper-slide-image\" src=\"https:\/\/www.migros-versicherungen.ch\/assets\/London_Bus_15-300x200.jpg\" alt=\"Eine Familie in einem roten Bus im Europapark\" \/><\/figure><\/div><div class=\"swiper-slide\" role=\"group\" aria-roledescription=\"slide\" aria-label=\"6 of 9\"><figure class=\"swiper-slide-inner\"><img decoding=\"async\" class=\"swiper-slide-image\" src=\"https:\/\/www.migros-versicherungen.ch\/assets\/Ba_a_a_Express_01-1-300x200.jpg\" alt=\"Kinder auf einer Kinderachterbahn im Europapark\" \/><\/figure><\/div><div class=\"swiper-slide\" role=\"group\" aria-roledescription=\"slide\" aria-label=\"7 of 9\"><figure class=\"swiper-slide-inner\"><img decoding=\"async\" class=\"swiper-slide-image\" src=\"https:\/\/www.migros-versicherungen.ch\/assets\/ARTHUR_Im_Koenigreich_der_Minimoys-4-300x200.jpg\" alt=\"Arthur und die Minimoys Achterbahn\" \/><\/figure><\/div><div class=\"swiper-slide\" role=\"group\" aria-roledescription=\"slide\" aria-label=\"8 of 9\"><figure class=\"swiper-slide-inner\"><img decoding=\"async\" class=\"swiper-slide-image\" src=\"https:\/\/www.migros-versicherungen.ch\/assets\/Winter_Baaa_Express_01-300x200.jpg\" alt=\"Kinder auf einer Kinderachterbahn\" \/><\/figure><\/div><div class=\"swiper-slide\" role=\"group\" aria-roledescription=\"slide\" aria-label=\"9 of 9\"><figure class=\"swiper-slide-inner\"><img decoding=\"async\" class=\"swiper-slide-image\" src=\"https:\/\/www.migros-versicherungen.ch\/assets\/ARTHUR-300x200.jpg\" alt=\"Personen die in der Arthur und die Minimoys Achterbahn sitzen\" \/><\/figure><\/div>\t\t\t<\/div>\n\t\t\t\t\t\t\t\t\t\t\t\t<div class=\"elementor-swiper-button elementor-swiper-button-prev\" role=\"button\" tabindex=\"0\">\n\t\t\t\t\t\t<i aria-hidden=\"true\" class=\"eicon-chevron-left\"><\/i>\t\t\t\t\t<\/div>\n\t\t\t\t\t<div class=\"elementor-swiper-button elementor-swiper-button-next\" role=\"button\" tabindex=\"0\">\n\t\t\t\t\t\t<i aria-hidden=\"true\" class=\"eicon-chevron-right\"><\/i>\t\t\t\t\t<\/div>\n\t\t\t\t\n\t\t\t\t\t\t\t\t\t<div class=\"swiper-pagination\"><\/div>\n\t\t\t\t\t\t\t\t\t<\/div>\n\t\t\t\t\t\t<\/div>\n\t\t\t\t<\/div>\n\t\t\t\t<div class=\"elementor-element elementor-element-ce76e5b elementor-widget elementor-widget-spacer\" data-id=\"ce76e5b\" data-element_type=\"widget\" data-e-type=\"widget\" data-widget_type=\"spacer.default\">\n\t\t\t\t<div class=\"elementor-widget-container\">\n\t\t\t\t\t\t\t<div class=\"elementor-spacer\">\n\t\t\t<div class=\"elementor-spacer-inner\"><\/div>\n\t\t<\/div>\n\t\t\t\t\t\t<\/div>\n\t\t\t\t<\/div>\n\t\t\t\t\t<\/div>\n\t\t<\/div>\n\t\t\t\t\t<\/div>\n\t\t<\/section>\n\t\t\t\t<section class=\"elementor-section elementor-top-section elementor-element elementor-element-8159005 elementor-section-boxed elementor-section-height-default elementor-section-height-default\" data-id=\"8159005\" data-element_type=\"section\" data-e-type=\"section\">\n\t\t\t\t\t\t<div class=\"elementor-container elementor-column-gap-default\">\n\t\t\t\t\t<div class=\"elementor-column elementor-col-100 elementor-top-column elementor-element elementor-element-84c719f\" data-id=\"84c719f\" data-element_type=\"column\" data-e-type=\"column\">\n\t\t\t<div class=\"elementor-widget-wrap elementor-element-populated\">\n\t\t\t\t\t\t<div class=\"elementor-element elementor-element-306deff elementor-widget elementor-widget-shortcode\" data-id=\"306deff\" data-element_type=\"widget\" data-e-type=\"widget\" data-widget_type=\"shortcode.default\">\n\t\t\t\t<div class=\"elementor-widget-container\">\n\t\t\t\t\t\t\t<div class=\"elementor-shortcode\">\n<div class=\"wpcf7 no-js\" id=\"wpcf7-f853-o1\" lang=\"fr-FR\" dir=\"ltr\" data-wpcf7-id=\"853\">\n<div class=\"screen-reader-response\"><p role=\"status\" aria-live=\"polite\" aria-atomic=\"true\"><\/p> <ul><\/ul><\/div>\n<form action=\"\/fr\/wp-json\/wp\/v2\/pages\/849#wpcf7-f853-o1\" method=\"post\" class=\"wpcf7-form init\" aria-label=\"Formulaire de contact\" novalidate=\"novalidate\" data-status=\"init\">\n<fieldset class=\"hidden-fields-container\"><input type=\"hidden\" name=\"_wpcf7\" value=\"853\" \/><input type=\"hidden\" name=\"_wpcf7_version\" value=\"6.1.5\" \/><input type=\"hidden\" name=\"_wpcf7_locale\" value=\"fr_FR\" \/><input type=\"hidden\" name=\"_wpcf7_unit_tag\" value=\"wpcf7-f853-o1\" \/><input type=\"hidden\" name=\"_wpcf7_container_post\" value=\"0\" \/><input type=\"hidden\" name=\"_wpcf7_posted_data_hash\" value=\"\" \/><input type=\"hidden\" name=\"_wpcf7_recaptcha_response\" value=\"\" \/>\n<\/fieldset>\n<h4>Participez et gagnez des billets pour toute la famille.<\/h4>\n\n<label>Pr\u00e9nom*<\/label>\n<span class=\"wpcf7-form-control-wrap\" data-name=\"your-name\"><input size=\"40\" maxlength=\"400\" class=\"wpcf7-form-control wpcf7-text wpcf7-validates-as-required\" aria-required=\"true\" aria-invalid=\"false\" placeholder=\"Pr\u00e9nom\" value=\"\" type=\"text\" name=\"your-name\" \/><\/span> \n\n<label>Nom de famille*<\/label>\n<span class=\"wpcf7-form-control-wrap\" data-name=\"surname\"><input size=\"40\" maxlength=\"400\" class=\"wpcf7-form-control wpcf7-text wpcf7-validates-as-required\" aria-required=\"true\" aria-invalid=\"false\" placeholder=\"Nom de famille\" value=\"\" type=\"text\" name=\"surname\" \/><\/span> \n\n<label>E-Mail*<\/label>\n<span class=\"wpcf7-form-control-wrap\" data-name=\"your-email\"><input size=\"40\" maxlength=\"400\" class=\"wpcf7-form-control wpcf7-email wpcf7-validates-as-required wpcf7-text wpcf7-validates-as-email\" aria-required=\"true\" aria-invalid=\"false\" placeholder=\"E-Mail\" value=\"\" type=\"email\" name=\"your-email\" \/><\/span> \n\n<label>Rue*<\/label>\n<span class=\"wpcf7-form-control-wrap\" data-name=\"street\"><input size=\"40\" maxlength=\"400\" class=\"wpcf7-form-control wpcf7-text wpcf7-validates-as-required\" aria-required=\"true\" aria-invalid=\"false\" placeholder=\"Rue\" value=\"\" type=\"text\" name=\"street\" \/><\/span> \n\n<label>Code postal*<\/label>\n<span class=\"wpcf7-form-control-wrap\" data-name=\"plz\"><input class=\"wpcf7-form-control wpcf7-number wpcf7-validates-as-required wpcf7-validates-as-number\" min=\"1000\" max=\"9683\" aria-required=\"true\" aria-invalid=\"false\" placeholder=\"Code postal\" value=\"\" type=\"number\" name=\"plz\" \/><\/span>\n\n<label>Lieu*<\/label>\n<span class=\"wpcf7-form-control-wrap\" data-name=\"ort\"><input size=\"40\" maxlength=\"400\" class=\"wpcf7-form-control wpcf7-text wpcf7-validates-as-required\" aria-required=\"true\" aria-invalid=\"false\" placeholder=\"Lieu\" value=\"\" type=\"text\" name=\"ort\" \/><\/span>\n\n<span class=\"wpcf7-form-control-wrap\" data-name=\"checkbox-588\"><span class=\"wpcf7-form-control wpcf7-checkbox wpcf7-validates-as-required\"><span class=\"wpcf7-list-item first last\"><label><input type=\"checkbox\" name=\"checkbox-588[]\" value=\"Je suis d&#039;accord avec les conditions de participation.*\" \/><span class=\"wpcf7-list-item-label\">Je suis d&#039;accord avec les conditions de participation.*<\/span><\/label><\/span><\/span><\/span>\n<p><\/br><\/p>\n<p class=\"form-submit-button\">\n  <input class=\"wpcf7-form-control wpcf7-submit has-spinner\" type=\"submit\" value=\"Participer au concours\" \/>\n\n<p class=\"text-justify\" style=\"font-size:14px;\">*La date limite de participation est le 24.7.2022. Deux billets d\u2019entr\u00e9e pour quatre personnes, d\u2019une valeur totale de 496 euros sont mis en jeu. Les billets d\u2019entr\u00e9e ne sont pas remboursables. Aucun versement en esp\u00e8ces ou \u00e9change possible. Tout recours juridique est exclu. Aucune correspondance ne sera \u00e9chang\u00e9e au sujet du tirage au sort. Une seule participation par personne autoris\u00e9e. Le ou la gagnant-e sera tir\u00e9-e au sort, puis avis\u00e9-e par e-mail. Si le ou la gagnant-e ne r\u00e9agit pas dans un d\u00e9lai de 7 jours, tout droit au prix devient caduc et le bon est \u00e0 nouveau tir\u00e9 au sort. Toute personne majeure domicili\u00e9e en Suisse est autoris\u00e9e \u00e0 participer. En envoyant le formulaire de participation au concours, les participant-es acceptent que leurs donn\u00e9es soient utilis\u00e9es pour le d\u00e9roulement du concours ainsi qu\u2019\u00e0 des fins publicitaires et de contact par Migros Assurances. Cette d\u00e9claration de consentement peut \u00eatre r\u00e9voqu\u00e9e \u00e0 tout moment et sans indication de motifs. Vous trouverez de plus amples informations sur la protection des donn\u00e9es de Migros Assurances sous <a class=\"text-link\" href=\"https:\/\/www.migros.ch\/de\/datenschutz.html\" target=\"_blank\">le lien suivant.<\/a><\/p>\n\n\n<\/p><div class=\"wpcf7-response-output\" aria-hidden=\"true\"><\/div>\n<\/form>\n<\/div>\n<\/div>\n\t\t\t\t\t\t<\/div>\n\t\t\t\t<\/div>\n\t\t\t\t\t<\/div>\n\t\t<\/div>\n\t\t\t\t\t<\/div>\n\t\t<\/section>\n\t\t\t\t<\/div>\n\t\t","protected":false},"excerpt":{"rendered":"<p>Gagnez des adventures pour toute la famille \u00e0 Europapark! Plaisir garanti \u00e0 tous les \u00e2ges. Passez une journ\u00e9e inoubliable en famille dans l\u2019un des plus grands parcs de loisirs d\u2019Europe. Plus de 100\u00a0attractions et spectacles vous attendent! Descentes tr\u00e9pidantes dans les grands\u00a08 et \u00e9claboussures \u00e0 gogo dans les attractions aquatiques, l\u2019action sera au rendez-vous. Europapark [&hellip;]<\/p>\n","protected":false},"author":6,"featured_media":0,"parent":0,"menu_order":25,"comment_status":"closed","ping_status":"closed","template":"","meta":{"_acf_changed":false,"footnotes":""},"class_list":["post-849","page","type-page","status-publish","hentry"],"acf":[],"_links":{"self":[{"href":"https:\/\/www.migros-versicherungen.ch\/fr\/wp-json\/wp\/v2\/pages\/849","targetHints":{"allow":["GET"]}}],"collection":[{"href":"https:\/\/www.migros-versicherungen.ch\/fr\/wp-json\/wp\/v2\/pages"}],"about":[{"href":"https:\/\/www.migros-versicherungen.ch\/fr\/wp-json\/wp\/v2\/types\/page"}],"author":[{"embeddable":true,"href":"https:\/\/www.migros-versicherungen.ch\/fr\/wp-json\/wp\/v2\/users\/6"}],"replies":[{"embeddable":true,"href":"https:\/\/www.migros-versicherungen.ch\/fr\/wp-json\/wp\/v2\/comments?post=849"}],"version-history":[{"count":0,"href":"https:\/\/www.migros-versicherungen.ch\/fr\/wp-json\/wp\/v2\/pages\/849\/revisions"}],"wp:attachment":[{"href":"https:\/\/www.migros-versicherungen.ch\/fr\/wp-json\/wp\/v2\/media?parent=849"}],"curies":[{"name":"wp","href":"https:\/\/api.w.org\/{rel}","templated":true}]}}