{"id":1918,"date":"2024-07-22T11:07:48","date_gmt":"2024-07-22T09:07:48","guid":{"rendered":"https:\/\/migrosproddev.wpenginepowered.com\/?page_id=1918"},"modified":"2025-09-08T12:00:25","modified_gmt":"2025-09-08T10:00:25","slug":"startseite_fr","status":"publish","type":"page","link":"https:\/\/www.migros-versicherungen.ch\/fr\/","title":{"rendered":"Startseite_FR"},"content":{"rendered":"<section>\n<h1>L&rsquo;assurance juste \u00e0 un prix Migros.<\/h1>\n<p>La complexit\u00e9 c\u2019est du pass\u00e9: chez Migros, l\u2019assurance c\u2019est vraiment simple, juste et bon march\u00e9. Une assurance en seulement 5 minutes, \u00e7a laisse plus de temps pour la vraie vie.<\/p>\n<p>\t\t\t\t\t<img decoding=\"async\" src=\"https:\/\/www.migros-versicherungen.ch\/assets\/Hauptbild2-fastquadratisch.jpg\" alt=\"\"><\/p>\n<h2>Quelle assurance voulez-vous?<\/h2>\n<p>                                <a automation-id=\"onboarding_link_preselected_0\" \n                                    href=\"https:\/\/online.q.migros-versicherungen.ch\/fr\/calculer-prime\/choisir-assurance?insuranceType=householdandliability\" title=\"M\u00e9nage &#038; responsabilit\u00e9 civile \"><br \/>\n                                    <img decoding=\"async\" src=\"https:\/\/www.migros-versicherungen.ch\/assets\/householdandliability-icon.svg\" width=\"56\" height=\"56\" alt=\"M\u00e9nage &#038; responsabilit\u00e9 civile \" \/><br \/>\n                                    M\u00e9nage &#038; responsabilit\u00e9 civile<br \/>\n                                     Notre offre tout inclus pris\u00e9e<br \/>\n                                     \u00e0 partir de CHF 130.20<br \/>\n                                <\/a><br \/>\n                                <a automation-id=\"onboarding_link_preselected_1\" \n                                    href=\"https:\/\/online.q.migros-versicherungen.ch\/fr\/calculer-prime\/choisir-assurance?insuranceType=householdonly\" title=\"M\u00e9nage\"><br \/>\n                                    <img decoding=\"async\" src=\"https:\/\/www.migros-versicherungen.ch\/assets\/home-icon.svg\" width=\"56\" height=\"56\" alt=\"M\u00e9nage\" \/><br \/>\n                                    M\u00e9nage<br \/>\n                                    Assure vos possesions chez vous et ailleurs<br \/>\n                                     \u00e0 partir de CHF 69.80<br \/>\n                                <\/a><br \/>\n                                <a automation-id=\"onboarding_link_preselected_2\" \n                                    href=\"https:\/\/online.q.migros-versicherungen.ch\/fr\/calculer-prime\/choisir-assurance?insuranceType=liabilityonly\" title=\"Responsabilit\u00e9 civile \"><br \/>\n                                    <img decoding=\"async\" src=\"https:\/\/www.migros-versicherungen.ch\/assets\/shield-icon.svg\" width=\"56\" height=\"56\" alt=\"Responsabilit\u00e9 civile \" \/><br \/>\n                                    Responsabilit\u00e9 civile<br \/>\n                                     Votre ange gardien si vous \u00eates responsable<br \/>\n                                     \u00e0 partir de CHF 60.40<br \/>\n                                <\/a><br \/>\n                                <a automation-id=\"onboarding_link_preselected_3\" \n                                    href=\"\/fr\/assurance-batiment-et-construction\/\" title=\"Assurance b\u00e2timent et construction\"><br \/>\n                                    <img loading=\"lazy\" decoding=\"async\" src=\"https:\/\/www.migros-versicherungen.ch\/assets\/accident-icon.svg\" width=\"56\" height=\"56\" alt=\"Assurance b\u00e2timent et construction\" \/><br \/>\n                                    Assurance b\u00e2timent et construction<br \/>\n                                    Prot\u00e8ge votre logement et ses alentours<br \/>\n                                    conseil personnel<br \/>\n                                <\/a><br \/>\n                                <a automation-id=\"onboarding_link_preselected_4\" \n                                    href=\"\/fr\/protection-hypothecaire\/\" title=\"Protection hypoth\u00e9caire\"><br \/>\n                                    <img loading=\"lazy\" decoding=\"async\" src=\"https:\/\/www.migros-versicherungen.ch\/assets\/bank-money.png\" width=\"56\" height=\"56\" alt=\"Protection hypoth\u00e9caire\" \/><br \/>\n                                    Protection hypoth\u00e9caire<br \/>\n                                    Prot\u00e8ge vous et vos proches<br \/>\n                                    conseil personnel<br \/>\n                                <\/a><br \/>\n                                <a automation-id=\"onboarding_link_preselected_5\" \n                                    href=\"\/fr\/couverture-du-paiement-de-credit-prive\/\" title=\"Couverture du paiement de cr\u00e9dit priv\u00e9 \"><br \/>\n                                    <img loading=\"lazy\" decoding=\"async\" src=\"https:\/\/www.migros-versicherungen.ch\/assets\/cards-icon.svg\" width=\"56\" height=\"56\" alt=\"Couverture du paiement de cr\u00e9dit priv\u00e9 \" \/><br \/>\n                                    Couverture du paiement de cr\u00e9dit priv\u00e9<br \/>\n                                    Prot\u00e8ge vous et votre cr\u00e9dit priv\u00e9<br \/>\n                                    demande de cr\u00e9dit online<br \/>\n                                <\/a><br \/>\n    <\/section>\n<h3>R\u00e9servez ici votre conseil personnalis\u00e9 pour la protection de votre propri\u00e9t\u00e9<\/h3>\n<p>\t\t\t\t\t<a href=\"https:\/\/www.migrosbank.ch\/fr\/personnes-privees\/prets-hypothecaires\/couverture-des-proprietaires-immobiliers.html\"><br \/>\n\t\t\t\t\t\t\t\t\tR\u00e9server une date avec la Banque Migros<br \/>\n\t\t\t\t\t<\/a><\/p>\n<section>\n<p>Des questions? Contactez-nous au<\/p>\n<p>                    <a href=\"tel:058 561 58 58\">058 561 58 58<\/a><br \/>\n    <\/section>\n<section>\n<h2> Pourquoi Migros Assurances?<\/h2>\n<p>Une relation de confiance depuis 100 ans<\/p>\n<p>\t\t\t\t\t\t\t<img decoding=\"async\" src=\"https:\/\/www.migros-versicherungen.ch\/assets\/premium-icon.svg\" alt=\"Protection premium\" \/><\/p>\n<h3>Protection premium<\/h3>\n<p>Une assurance renforc\u00e9e dans votre budget <\/p>\n<p>\t\t\t\t\t\t\t<img decoding=\"async\" src=\"https:\/\/www.migros-versicherungen.ch\/assets\/partner-icon.svg\" alt=\"Un partenaire solide\" \/><\/p>\n<h3>Un partenaire solide<\/h3>\n<p> Migros: toujours \u00e0 vos c\u00f4t\u00e9s!<\/p>\n<p>\t\t\t\t\t\t\t<img decoding=\"async\" src=\"https:\/\/www.migros-versicherungen.ch\/assets\/clock-icon.svg\" alt=\"Souscription en ligne\" \/><\/p>\n<h3>Souscription en ligne<\/h3>\n<p> La protection parfaite en 5 minutes <\/p>\n<p>\t\t\t\t\t\t\t<img decoding=\"async\" src=\"https:\/\/www.migros-versicherungen.ch\/assets\/cards-icon.svg\" alt=\"Points Cumulus\" \/><\/p>\n<h3>Points Cumulus<\/h3>\n<p> Chaque ann\u00e9e et automatiquement<\/p>\n<p>\t\t\t\t\t\t<a automation-id=\"onboarding_link_cta_1\" href=\"https:\/\/online.q.migros-versicherungen.ch\/fr\/calculer-prime\/choisir-assurance\">Calculer votre prime<\/a><br \/>\n\t\t<\/section>\n<section>\n<h2>Une protection fiable au quotidien et chez soi<\/h2>\n<\/section>\n<section>\n<h3>Assurance m\u00e9nage<\/h3>\n<p>C\u2019est \u00e9videmment chez soi qu\u2019on se sent le mieux et nous veillons \u00e0 ce que ce soit toujours le cas. Avec l\u2019assurance inventaire de m\u00e9nage Migros, tout ce qui vous est cher est assur\u00e9 en cas de dommages dus au feu, \u00e0 l\u2019eau, aux dangers naturels et aux effractions. Bien-\u00eatre inclus!<\/p>\n<p>\t\t\t\t\t\t\t\t<a automation-id=\"onboarding_link_cta_3\" href=\"https:\/\/online.q.migros-versicherungen.ch\/fr\/calculer-prime\/choisir-assurance\">Calculer votre prime<\/a><br \/>\n\t\t\t\t\t\t\t\t<a automation-id=\"landing_link_1\" href=\"\/fr\/assurance-menage\">En savoir plus<\/a><br \/>\n\t\t\t\t\t\t\t<img decoding=\"async\" src=\"https:\/\/www.migros-versicherungen.ch\/assets\/Hausratversicherung-quadratisch.jpeg\" alt=\"Assurance m\u00e9nage\" \/><br \/>\n\t\t\t<\/section>\n<section>\n\t\t\t\t\t\t\t<img decoding=\"async\" src=\"https:\/\/www.migros-versicherungen.ch\/assets\/Privathaftpflichtversicherung-quadratisch.jpg\" alt=\"Assurance responsabilit\u00e9 civile priv\u00e9e\" \/><\/p>\n<h3>Assurance responsabilit\u00e9 civile priv\u00e9e<\/h3>\n<p>La vie est pleine de belles surprises. Malheureusement, nous ne sommes pas non plus \u00e0 l\u2019abri de m\u00e9saventures vis-\u00e0-vis de tiers ou de nos propres biens. Et \u00e7a peut co\u00fbter cher! Gr\u00e2ce aux prestations compl\u00e8tes de l\u2019assurance responsabilit\u00e9 civile priv\u00e9e Migros, m\u00eame les personnes les plus malchanceuses n\u2019ont plus de soucis \u00e0 se faire.<\/p>\n<p>\t\t\t\t\t\t\t\t<a automation-id=\"onboarding_link_cta_2\" href=\"https:\/\/online.q.migros-versicherungen.ch\/fr\/calculer-prime\/choisir-assurance\">Calculer votre prime<\/a><br \/>\n\t\t\t\t\t\t\t\t<a automation-id=\"landing_link_0\" href=\"\/fr\/assurance-responsabilite-civile-privee\">En savoir plus<\/a><br \/>\n\t\t\t<\/section>\n<section>\n<h2>Ce que disent les clients de Migros Assurances<\/h2>\n<p>Kann ich nur weiterempfehlen. Der Abschlussprozess ist sehr einfach, alles digital und der einzige Anbieter auf dem Markt, bei dem ich Cumulus-Punkte auf die Pr\u00e4mie erhalte. Danke Migros! \ud83d\ude42<\/p>\n<p>\t\t\t\t\t\t\t\t\t\t<img decoding=\"async\" src=\"https:\/\/www.migros-versicherungen.ch\/assets\/avatar1.png\" alt=\"Kann ich nur weiterempfehlen. Der Abschlussprozess ist sehr einfach, alles digital und der einzige Anbieter auf dem Markt, bei dem ich Cumulus-Punkte auf die Pr\u00e4mie erhalte. Danke Migros! :)\" \/><br \/>\n\t\t\t\t\t\t\t\t\t\tSabrina\t\t\t\t\t\t\t\t\t<\/p>\n<p>Faire Preise und gute Versicherungsdeckung. Auf der \u00fcbersichtlichen Website sind nur wenige Klicks notwendig bis zum Abschluss oder Offerte. Besonders positiv aufgefallen: 10mio Versicherungssumme bei der Haftpflichtversicherung und die verst\u00e4ndlichen Versicherungsbedingungen<\/p>\n<p>\t\t\t\t\t\t\t\t\t\t<img decoding=\"async\" src=\"https:\/\/www.migros-versicherungen.ch\/assets\/avatar2.png\" alt=\"Faire Preise und gute Versicherungsdeckung. Auf der \u00fcbersichtlichen Website sind nur wenige Klicks notwendig bis zum Abschluss oder Offerte. Besonders positiv aufgefallen: 10mio Versicherungssumme bei der Haftpflichtversicherung und die verst\u00e4ndlichen Versicherungsbedingungen\" \/><br \/>\n\t\t\t\t\t\t\t\t\t\tGabriela\t\t\t\t\t\t\t\t\t<\/p>\n<p>Sehr \u00fcbersichtliche Website, kurz und b\u00fcndig aber alles da, was ich wissen muss. Die Abwicklung scheint schnell und einfach und auf den ersten Blick auch ein gutes Preis \/ Leistungs Verh\u00e4ltnis<\/p>\n<p>\t\t\t\t\t\t\t\t\t\t<img decoding=\"async\" src=\"https:\/\/www.migros-versicherungen.ch\/assets\/avatar3.png\" alt=\"Sehr \u00fcbersichtliche Website, kurz und b\u00fcndig aber alles da, was ich wissen muss. Die Abwicklung scheint schnell und einfach und auf den ersten Blick auch ein gutes Preis \/ Leistungs Verh\u00e4ltnis\" \/><br \/>\n\t\t\t\t\t\t\t\t\t\tDaniel<br \/>\n\t\t<\/section>\n","protected":false},"excerpt":{"rendered":"<p>L&rsquo;assurance juste \u00e0 un prix Migros. La complexit\u00e9 c\u2019est du pass\u00e9: chez Migros, l\u2019assurance c\u2019est vraiment simple, juste et bon march\u00e9. Une assurance en seulement 5 minutes, \u00e7a laisse plus de temps pour la vraie vie. Quelle assurance voulez-vous? M\u00e9nage &#038; responsabilit\u00e9 civile Notre offre tout inclus pris\u00e9e \u00e0 partir de CHF 130.20 M\u00e9nage Assure [&hellip;]<\/p>\n","protected":false},"author":13,"featured_media":0,"parent":0,"menu_order":28,"comment_status":"closed","ping_status":"closed","template":"page-templates\/home.php","meta":{"_acf_changed":false,"footnotes":""},"class_list":["post-1918","page","type-page","status-publish","hentry"],"acf":[],"_links":{"self":[{"href":"https:\/\/www.migros-versicherungen.ch\/fr\/wp-json\/wp\/v2\/pages\/1918","targetHints":{"allow":["GET"]}}],"collection":[{"href":"https:\/\/www.migros-versicherungen.ch\/fr\/wp-json\/wp\/v2\/pages"}],"about":[{"href":"https:\/\/www.migros-versicherungen.ch\/fr\/wp-json\/wp\/v2\/types\/page"}],"author":[{"embeddable":true,"href":"https:\/\/www.migros-versicherungen.ch\/fr\/wp-json\/wp\/v2\/users\/13"}],"replies":[{"embeddable":true,"href":"https:\/\/www.migros-versicherungen.ch\/fr\/wp-json\/wp\/v2\/comments?post=1918"}],"version-history":[{"count":0,"href":"https:\/\/www.migros-versicherungen.ch\/fr\/wp-json\/wp\/v2\/pages\/1918\/revisions"}],"wp:attachment":[{"href":"https:\/\/www.migros-versicherungen.ch\/fr\/wp-json\/wp\/v2\/media?parent=1918"}],"curies":[{"name":"wp","href":"https:\/\/api.w.org\/{rel}","templated":true}]}}