{"id":1542,"date":"2022-09-29T19:22:08","date_gmt":"2022-09-29T17:22:08","guid":{"rendered":"https:\/\/migrosproddev.wpenginepowered.com\/?page_id=1542"},"modified":"2025-09-12T18:50:30","modified_gmt":"2025-09-12T16:50:30","slug":"assurance-responsabilite-civile-privee","status":"publish","type":"page","link":"https:\/\/www.migros-versicherungen.ch\/fr\/assurance-responsabilite-civile-privee\/","title":{"rendered":"Assurance responsabilit\u00e9 civile priv\u00e9e"},"content":{"rendered":"\t\t<div data-elementor-type=\"wp-page\" data-elementor-id=\"1542\" class=\"elementor elementor-1542 elementor-1528\">\n\t\t\t\t\t\t<section class=\"elementor-section elementor-top-section elementor-element elementor-element-f01e3f9 elementor-section-boxed elementor-section-height-default elementor-section-height-default\" data-id=\"f01e3f9\" data-element_type=\"section\" data-e-type=\"section\">\n\t\t\t\t\t\t<div class=\"elementor-container elementor-column-gap-default\">\n\t\t\t\t\t<div class=\"elementor-column elementor-col-100 elementor-top-column elementor-element elementor-element-f331711\" data-id=\"f331711\" data-element_type=\"column\" data-e-type=\"column\">\n\t\t\t<div class=\"elementor-widget-wrap elementor-element-populated\">\n\t\t\t\t\t\t<div class=\"elementor-element elementor-element-94b6f4e elementor-widget elementor-widget-haushaltheadline-widget\" data-id=\"94b6f4e\" data-element_type=\"widget\" data-e-type=\"widget\" data-widget_type=\"haushaltheadline-widget.default\">\n\t\t\t\t<div class=\"elementor-widget-container\">\n\t\t\t\t\t\t\t<section class=\"headline\">\n\t\t\t<div class=\"container\">\n\t\t\t\t<div class=\"row flex flex-row flex-center\">\n\t\t\t\t\t<div class=\"col-md-12 col-lg-6\">\n\t\t\t\t\t\t<h1 class=\"headline-title\">Assurance responsabilit\u00e9 civile priv\u00e9e Migros<\/h1>\n\t\t\t\t\t\t<h2 class=\"headline-sub-title\">Parce que ce sont des choses qui arrivent.<\/h2>\n\t\t\t\t\t\t<p>Sans assurance responsabilit\u00e9 civile priv\u00e9e, m\u00eame la plus petite inattention peut avoir de f\u00e2cheuses cons\u00e9quences. Un dommage caus\u00e9 \u00e0 un tiers ou sur vos propres biens peut vite conduire \u00e0 la ruine. Parce que \u00abcroiser les doigts\u00bb ne fonctionne pas toujours dans la vraie vie, l\u2019assurance responsabilit\u00e9 civile priv\u00e9e Migros propose une protection compl\u00e8te dans le monde entier et au juste prix. <\/p>\n\t\t\t\t\t\t<a href=\"https:\/\/online.migros-versicherungen.ch\/fr\/calculer-prime\/choisir-assurance\" class=\"button primary big\"> Calculer votre prime <\/a>\n\t\t\t\t\t<\/div>\n\t\t\t\t\t<div class=\"col-md-12 col-lg-6 img-right hausratversicherung\">\n\t\t\t\t\t\t<img decoding=\"async\" src=\"https:\/\/www.migros-versicherungen.ch\/assets\/Privathaftpflichtversicherung-quadratisch.jpg\" alt=\"\" title=\"\" \/>\n\t\t\t\t\t<\/div>\n\t\t\t\t<\/div>\n\t\t\t<\/div>\n\t\t<\/section>\n\t\t\t\t<\/div>\n\t\t\t\t<\/div>\n\t\t\t\t\t<\/div>\n\t\t<\/div>\n\t\t\t\t\t<\/div>\n\t\t<\/section>\n\t\t\t\t<section class=\"elementor-section elementor-top-section elementor-element elementor-element-2ee705e elementor-section-boxed elementor-section-height-default elementor-section-height-default\" data-id=\"2ee705e\" data-element_type=\"section\" data-e-type=\"section\">\n\t\t\t\t\t\t<div class=\"elementor-container elementor-column-gap-default\">\n\t\t\t\t\t<div class=\"elementor-column elementor-col-100 elementor-top-column elementor-element elementor-element-e397298\" data-id=\"e397298\" data-element_type=\"column\" data-e-type=\"column\">\n\t\t\t<div class=\"elementor-widget-wrap elementor-element-populated\">\n\t\t\t\t\t\t<div class=\"elementor-element elementor-element-9af634d elementor-widget elementor-widget-haushaltimagewidthtext-widget\" data-id=\"9af634d\" data-element_type=\"widget\" data-e-type=\"widget\" data-widget_type=\"haushaltimagewidthtext-widget.default\">\n\t\t\t\t<div class=\"elementor-widget-container\">\n\t\t\t\t\t\t\t<section class=\"worthwhile\">\n\t\t\t<div class=\"container\">\n\t\t\t\t<div class=\"row\">\n\t\t\t\t\t<div class=\"col-lg-7 col-md-12\">\n\t\t\t\t\t\t<h2>L\u2019int\u00e9r\u00eat d\u2019une assurance responsabilit\u00e9 civile priv\u00e9e?<\/h2>\n\t\t\t\t\t\t<p>Un pot de fleurs tombe de votre balcon sur la voiture du voisin, lors du d\u00e9m\u00e9nagement d\u2019un coll\u00e8gue vous lui cassez sa t\u00e9l\u00e9 ou votre nouvelle trottinette \u00e9lectrique n\u2019\u00e9tait en fait pas plus rapide que le pi\u00e9ton sur le passage clout\u00e9? Causer des dommages \u00e0 un tiers, \u00e7a arrive et \u00e7a peut tr\u00e8s vite co\u00fbter tr\u00e8s cher. Une assurance responsabilit\u00e9 civile priv\u00e9e vous prot\u00e8ge des cons\u00e9quences financi\u00e8res.<\/p>\t\t\t\t\t<\/div>\n\t\t\t\t\t<div class=\"col-lg-5 col-md-12\">\n\t\t\t\t\t\t<img decoding=\"async\" src=\"https:\/\/www.migros-versicherungen.ch\/assets\/schaden-beispiele.svg\" alt=\"Drei Symbole f\u00fcr m\u00f6gliche Sch\u00e4den\" \/>\n\t\t\t\t\t<\/div>\n\t\t\t\t<\/div>\n\t\t\t<\/div>\n\t\t<\/section>\n\t\t\t\t<\/div>\n\t\t\t\t<\/div>\n\t\t\t\t\t<\/div>\n\t\t<\/div>\n\t\t\t\t\t<\/div>\n\t\t<\/section>\n\t\t\t\t<section class=\"elementor-section elementor-top-section elementor-element elementor-element-30886fb elementor-section-boxed elementor-section-height-default elementor-section-height-default\" data-id=\"30886fb\" data-element_type=\"section\" data-e-type=\"section\">\n\t\t\t\t\t\t<div class=\"elementor-container elementor-column-gap-default\">\n\t\t\t\t\t<div class=\"elementor-column elementor-col-100 elementor-top-column elementor-element elementor-element-ae66ce8\" data-id=\"ae66ce8\" data-element_type=\"column\" data-e-type=\"column\">\n\t\t\t<div class=\"elementor-widget-wrap elementor-element-populated\">\n\t\t\t\t\t\t<div class=\"elementor-element elementor-element-f6f51d9 elementor-widget elementor-widget-comprehensiveprotection-widget\" data-id=\"f6f51d9\" data-element_type=\"widget\" data-e-type=\"widget\" data-widget_type=\"comprehensiveprotection-widget.default\">\n\t\t\t\t<div class=\"elementor-widget-container\">\n\t\t\t\t\t\n\n\n\t\t<section class=\"protection\">\n\t\t\t<div class=\"container\">\n\t\t\t\t<div class=\"row\">\n\t\t\t\t\t<div class=\"col-md-12\">\n\t\t\t\t\t\t<h2 class=\"section-title\">Une couverture compl\u00e8te avec Migros Assurances<\/h2>\n\t\t\t\t\t<\/div>\n\t\t\t\t<\/div>\n\t\t\t\t<div class=\"row\">\n\n\t\t\t\t\t\t\t\t\t\t\t<div class=\"col-md-3\">\n\t\t\t\t\t\t\t<img decoding=\"async\" src=\"https:\/\/www.migros-versicherungen.ch\/assets\/umberalla-icon.svg\" alt=\"\" \/>\n\t\t\t\t\t\t\t<h3>Un haut niveau de protection<\/h3>\n\t\t\t\t\t\t\t<p>Une couverture dans le monde entier de CHF 10 mio.<\/p>\n\t\t\t\t\t\t<\/div>\n\t\t\t\t\t\t\t\t\t\t\t<div class=\"col-md-3\">\n\t\t\t\t\t\t\t<img decoding=\"async\" src=\"https:\/\/www.migros-versicherungen.ch\/assets\/premium-icon.svg\" alt=\"\" \/>\n\t\t\t\t\t\t\t<h3>Protection premium<\/h3>\n\t\t\t\t\t\t\t<p>Une assurance renforc\u00e9e dans votre budget<\/p>\n\t\t\t\t\t\t<\/div>\n\t\t\t\t\t\t\t\t\t\t\t<div class=\"col-md-3\">\n\t\t\t\t\t\t\t<img decoding=\"async\" src=\"https:\/\/www.migros-versicherungen.ch\/assets\/partner-icon.svg\" alt=\"\" \/>\n\t\t\t\t\t\t\t<h3>Un partenaire solide<\/h3>\n\t\t\t\t\t\t\t<p>Migros: toujours \u00e0 vos c\u00f4t\u00e9s!<\/p>\n\t\t\t\t\t\t<\/div>\n\t\t\t\t\t\t\t\t\t\t\t<div class=\"col-md-3\">\n\t\t\t\t\t\t\t<img decoding=\"async\" src=\"https:\/\/www.migros-versicherungen.ch\/assets\/cards-icon.svg\" alt=\"\" \/>\n\t\t\t\t\t\t\t<h3>Points Cumulus<\/h3>\n\t\t\t\t\t\t\t<p>Chaque ann\u00e9e et automatiquement<\/p>\n\t\t\t\t\t\t<\/div>\n\t\t\t\t\t\t\t\t\t<\/div>\n\t\t\t<\/div>\n\t\t<\/section>\n\n\t\t\t\t<\/div>\n\t\t\t\t<\/div>\n\t\t\t\t\t<\/div>\n\t\t<\/div>\n\t\t\t\t\t<\/div>\n\t\t<\/section>\n\t\t\t\t<section class=\"elementor-section elementor-top-section elementor-element elementor-element-116b11a elementor-section-boxed elementor-section-height-default elementor-section-height-default\" data-id=\"116b11a\" data-element_type=\"section\" data-e-type=\"section\">\n\t\t\t\t\t\t<div class=\"elementor-container elementor-column-gap-default\">\n\t\t\t\t\t<div class=\"elementor-column elementor-col-100 elementor-top-column elementor-element elementor-element-f254e21\" data-id=\"f254e21\" data-element_type=\"column\" data-e-type=\"column\">\n\t\t\t<div class=\"elementor-widget-wrap elementor-element-populated\">\n\t\t\t\t\t\t<div class=\"elementor-element elementor-element-0d85fa6 elementor-widget elementor-widget-haushaltperformance-widget\" data-id=\"0d85fa6\" data-element_type=\"widget\" data-e-type=\"widget\" data-widget_type=\"haushaltperformance-widget.default\">\n\t\t\t\t<div class=\"elementor-widget-container\">\n\t\t\t\t\t\n\n\t\t<section class=\"performance\">\n\t\t\t<div class=\"container\">\n\t\t\t\t<div class=\"row\">\n\t\t\t\t\t<div class=\"col-md-12\">\n\t\t\t\t\t\t<h2 class=\"section-title\">Une prestation renforc\u00e9e dans votre budget<\/h2>\n\t\t\t\t\t\t<p class=\"section-description\">Les avantages en bref<\/p>\n\t\t\t\t\t<\/div>\n\t\t\t\t<\/div>\n\t\t\t\t<div class=\"row\">\n\t\t\t\t\t<div class=\"col-md-12 inner-container\">\n\t\t\t\t\t\t\t\t\t\t\t\t\t<div class=\"col-md-4\">\n\t\t\t\t\t\t\t\t<div class=\"inner\">\n\t\t\t\t\t\t\t\t\t<h3 class=\"box-title\">Renonciation au recours<br>en cas de faute grave<\/h3>\n\t\t\t\t\t\t\t\t\t<p>Votre pot de fleurs mal fix\u00e9 est tomb\u00e9 du balcon sur votre voisin suite \u00e0 un coup de vent? Nous couvrons aussi les dommages dus \u00e0 une faute grave.<\/p>\n\t\t\t\t\t\t\t\t<\/div>\n\t\t\t\t\t\t\t<\/div>\n\t\t\t\t\t\t\t\t\t\t\t\t\t<div class=\"col-md-4\">\n\t\t\t\t\t\t\t\t<div class=\"inner\">\n\t\t\t\t\t\t\t\t\t<h3 class=\"box-title\">Un montant assur\u00e9 de<br>10\u00a0millions de CHF<\/h3>\n\t\t\t\t\t\t\t\t\t<p>Les dommages relevant de la responsabilit\u00e9 civile peuvent co\u00fbter cher. C\u2019est pourquoi nous vous offrons une couverture de 10\u00a0millions de CHF.<\/p>\n\t\t\t\t\t\t\t\t<\/div>\n\t\t\t\t\t\t\t<\/div>\n\t\t\t\t\t\t\t\t\t\t\t\t\t<div class=\"col-md-4\">\n\t\t\t\t\t\t\t\t<div class=\"inner\">\n\t\t\t\t\t\t\t\t\t<h3 class=\"box-title\">R\u00e9siliable<br>tous les mois<\/h3>\n\t\t\t\t\t\t\t\t\t<p>Nous croyons dans nos produits et n\u2019avons donc pas besoin de longs d\u00e9lais de r\u00e9siliation.<\/p>\n\t\t\t\t\t\t\t\t<\/div>\n\t\t\t\t\t\t\t<\/div>\n\t\t\t\t\t\t\t\t\t\t\t\t\t<div class=\"col-md-4\">\n\t\t\t\t\t\t\t\t<div class=\"inner\">\n\t\t\t\t\t\t\t\t\t<h3 class=\"box-title\">Protection juridique<br>passive<\/h3>\n\t\t\t\t\t\t\t\t\t<p>Un tiers vous r\u00e9clame injustement de l\u2019argent? Avec la protection juridique passive, nous vous d\u00e9fendons contre ce type de demandes.<\/p>\n\t\t\t\t\t\t\t\t<\/div>\n\t\t\t\t\t\t\t<\/div>\n\t\t\t\t\t\t\t\t\t\t\t\t\t<div class=\"col-md-4\">\n\t\t\t\t\t\t\t\t<div class=\"inner\">\n\t\t\t\t\t\t\t\t\t<h3 class=\"box-title\">Bonus en cas d\u2019absence<br>de sinistre<\/h3>\n\t\t\t\t\t\t\t\t\t<p>Les ann\u00e9es sans sinistre sont r\u00e9compens\u00e9es par des points Cumulus suppl\u00e9mentaires.<\/p>\n\t\t\t\t\t\t\t\t<\/div>\n\t\t\t\t\t\t\t<\/div>\n\t\t\t\t\t\t\t\t\t\t\t\t\t<div class=\"col-md-4\">\n\t\t\t\t\t\t\t\t<div class=\"inner\">\n\t\t\t\t\t\t\t\t\t<h3 class=\"box-title\">Des points Cumulus sur<br>la prime<\/h3>\n\t\t\t\t\t\t\t\t\t<p>Pour vous remercier, chaque franc de prime vous donne un point Cumulus.<\/p>\n\t\t\t\t\t\t\t\t<\/div>\n\t\t\t\t\t\t\t<\/div>\n\t\t\t\t\t\t\t\t\t\t\t<\/div>\n\t\t\t\t<\/div>\n\t\t\t<\/div>\n\t\t<\/section>\n\n\t\t\t\t<\/div>\n\t\t\t\t<\/div>\n\t\t\t\t\t<\/div>\n\t\t<\/div>\n\t\t\t\t\t<\/div>\n\t\t<\/section>\n\t\t\t\t<section class=\"elementor-section elementor-top-section elementor-element elementor-element-7784ca0 elementor-section-boxed elementor-section-height-default elementor-section-height-default\" data-id=\"7784ca0\" data-element_type=\"section\" data-e-type=\"section\">\n\t\t\t\t\t\t<div class=\"elementor-container elementor-column-gap-default\">\n\t\t\t\t\t<div class=\"elementor-column elementor-col-100 elementor-top-column elementor-element elementor-element-b9d2607\" data-id=\"b9d2607\" data-element_type=\"column\" data-e-type=\"column\">\n\t\t\t<div class=\"elementor-widget-wrap elementor-element-populated\">\n\t\t\t\t\t\t<div class=\"elementor-element elementor-element-c1318a7 elementor-widget elementor-widget-haushaltexraprotection-widget\" data-id=\"c1318a7\" data-element_type=\"widget\" data-e-type=\"widget\" data-widget_type=\"haushaltexraprotection-widget.default\">\n\t\t\t\t<div class=\"elementor-widget-container\">\n\t\t\t\t\t\n\t\t<section class=\"extra-protection\">\n\t\t\t<div class=\"container\">\n\t\t\t\t<div class=\"row\">\n\t\t\t\t\t<div class=\"col-md-12\">\n\t\t\t\t\t\t<h2 class=\"section-title\">Protection suppl\u00e9mentaire pour les risques individuels<\/h2>\n\t\t\t\t\t\t<p class=\"section-description\">Des options pour une s\u00e9curit\u00e9 renforc\u00e9e<\/p>\n\t\t\t\t\t<\/div>\n\t\t\t\t<\/div>\n\t\t\t\t<div class=\"row\">\n\t\t\t\t\t\t\t\t\t\t\t<div class=\"col-md-12 col-lg-4\">\n\t\t\t\t\t\t\t<img decoding=\"async\" src=\"https:\/\/www.migros-versicherungen.ch\/assets\/car-ellipse-icon.svg\" alt=\"Conduite de v\u00e9hicules tiers\" \/>\n\t\t\t\t\t\t\t<h3>Conduite de v\u00e9hicules tiers<\/h3>\n\t\t\t\t\t\t\t<p>Vous roulez \u00e0 l\u2019occasion avec la voiture de votre meilleur ami? Avec l\u2019option \u00abConduite de v\u00e9hicules tiers\u00bb, nous vous garantissons que votre amiti\u00e9, elle, ne s\u2019arr\u00eatera pas de rouler. <\/p>\n\t\t\t\t\t\t<\/div>\n\t\t\t\t\t\t\t\t\t\t\t<div class=\"col-md-12 col-lg-4\">\n\t\t\t\t\t\t\t<img decoding=\"async\" src=\"https:\/\/www.migros-versicherungen.ch\/assets\/key-ellipse-icon.svg\" alt=\"Cl\u00e9s\" \/>\n\t\t\t\t\t\t\t<h3>Cl\u00e9s<\/h3>\n\t\t\t\t\t\t\t<p>Vous ne retrouvez vraiment plus votre porte-cl\u00e9s?\nPas de panique: avec l\u2019option \u00abCl\u00e9s\u00bb, nous vous sortons de ce p\u00e9trin et prenons en charge les frais de l\u2019on\u00e9reux service de serrurerie, du changement des serrures et du remplacement des cl\u00e9s.<\/p>\n\t\t\t\t\t\t<\/div>\n\t\t\t\t\t\t\t\t\t<\/div>\n\t\t\t<\/div>\n\t\t<\/section>\n\n\t\t\t\t<\/div>\n\t\t\t\t<\/div>\n\t\t\t\t\t<\/div>\n\t\t<\/div>\n\t\t\t\t\t<\/div>\n\t\t<\/section>\n\t\t\t\t<section class=\"elementor-section elementor-top-section elementor-element elementor-element-835cdab elementor-section-boxed elementor-section-height-default elementor-section-height-default\" data-id=\"835cdab\" data-element_type=\"section\" data-e-type=\"section\">\n\t\t\t\t\t\t<div class=\"elementor-container elementor-column-gap-default\">\n\t\t\t\t\t<div class=\"elementor-column elementor-col-100 elementor-top-column elementor-element elementor-element-7c0e0ec\" data-id=\"7c0e0ec\" data-element_type=\"column\" data-e-type=\"column\">\n\t\t\t<div class=\"elementor-widget-wrap elementor-element-populated\">\n\t\t\t\t\t\t<div class=\"elementor-element elementor-element-1205605 elementor-widget elementor-widget-pdfdocuments-widget\" data-id=\"1205605\" data-element_type=\"widget\" data-e-type=\"widget\" data-widget_type=\"pdfdocuments-widget.default\">\n\t\t\t\t<div class=\"elementor-widget-container\">\n\t\t\t\t\t\n\t\t<section class=\"download\">\n\t\t\t<div class=\"container\">\n\t\t\t\t<div class=\"row\">\n\t\t\t\t\t<div class=\"col-md-12\">\n\t\t\t\t\t\t<h2>T\u00e9l\u00e9charger<\/h2>\n\t\t\t\t\t\t<div class=\"items\">\n\t\t\t\t\t\t\t\t\t\t\t\t\t\t\t<div automation-id=\"pdf_download_\" class=\"item\" onclick=\"downloadPDF(this, 'https:\/\/aresstaticapiprod.azurewebsites.net\/api\/tenants\/17\/documents\/factsheetandcoverage?language=fr')\"><span>Aper\u00e7u des prestations<\/span>.pdf<\/div>\n\t\t\t\t\t\t\t\t\t\t\t\t\t\t\t<div automation-id=\"pdf_download_\" class=\"item\" onclick=\"downloadPDF(this, 'https:\/\/aresstaticapiprod.azurewebsites.net\/api\/tenants\/17\/documents\/vag?language=fr')\"><span>Information d'interm\u00e9diaire selon l'art 45 LSA<\/span>.pdf<\/div>\n\t\t\t\t\t\t\t\t\t\t\t\t\t\t\t<div automation-id=\"pdf_download_\" class=\"item\" onclick=\"downloadPDF(this, 'https:\/\/aresstaticapiprod.azurewebsites.net\/api\/tenants\/17\/documents\/avb?product=householdliability&language=fr')\"><span>Conditions g\u00e9n\u00e9rales d\u2019assurance (CGA)<\/span>.pdf<\/div>\n\t\t\t\t\t\t\t\t\t\t\t\t\t\t\t<div automation-id=\"pdf_download_\" class=\"item\" onclick=\"downloadPDF(this, 'https:\/\/aresstaticapiprod.azurewebsites.net\/api\/tenants\/17\/documents\/cancellationform?language=fr')\"><span>Mod\u00e8le d'annulation<\/span>.pdf<\/div>\n\t\t\t\t\t\t\t\t\t\t\t\t\t<\/div>\n\t\t\t\t\t<\/div>\n\t\t\t\t<\/div>\n\t\t\t<\/div>\n\t\t\t<script>\n\t\t\t\tasync function downloadPDF(element, url) {\n\t\t\t\t\tlet res = await fetch(url);\n\t\t\t\t\tlet blob = await res.blob();\n\n\t\t\t\t\tconst blobUrl = window.URL.createObjectURL(\n\t\t\t\t\t\tblob\n\t\t\t\t\t);\n\n\t\t\t\t\tlet link = document.createElement('a');\n\t\t\t\t\tlink.href = blobUrl;\n\n\t\t\t\t\tconst filename = element.getElementsByTagName('span')[0].innerText;\n\t\t\t\t\tlink.setAttribute('download', filename + '.pdf');\n\t\t\t\t\tdocument.body.appendChild(link);\n\t\t\t\t\tlink.click();\n\t\t\t\t\tconsole.log(link);\n\t\t\t\t}\n\t\t\t<\/script>\n\t\t<\/section>\n\n\t\t\t\t<\/div>\n\t\t\t\t<\/div>\n\t\t\t\t\t<\/div>\n\t\t<\/div>\n\t\t\t\t\t<\/div>\n\t\t<\/section>\n\t\t\t\t<\/div>\n\t\t","protected":false},"excerpt":{"rendered":"<p>Assurance responsabilit\u00e9 civile priv\u00e9e Migros Parce que ce sont des choses qui arrivent. Sans assurance responsabilit\u00e9 civile priv\u00e9e, m\u00eame la plus petite inattention peut avoir de f\u00e2cheuses cons\u00e9quences. Un dommage caus\u00e9 \u00e0 un tiers ou sur vos propres biens peut vite conduire \u00e0 la ruine. Parce que \u00abcroiser les doigts\u00bb ne fonctionne pas toujours dans [&hellip;]<\/p>\n","protected":false},"author":10,"featured_media":0,"parent":0,"menu_order":22,"comment_status":"closed","ping_status":"closed","template":"page-templates\/no-elementor.php","meta":{"_acf_changed":false,"footnotes":""},"class_list":["post-1542","page","type-page","status-publish","hentry"],"acf":[],"_links":{"self":[{"href":"https:\/\/www.migros-versicherungen.ch\/fr\/wp-json\/wp\/v2\/pages\/1542","targetHints":{"allow":["GET"]}}],"collection":[{"href":"https:\/\/www.migros-versicherungen.ch\/fr\/wp-json\/wp\/v2\/pages"}],"about":[{"href":"https:\/\/www.migros-versicherungen.ch\/fr\/wp-json\/wp\/v2\/types\/page"}],"author":[{"embeddable":true,"href":"https:\/\/www.migros-versicherungen.ch\/fr\/wp-json\/wp\/v2\/users\/10"}],"replies":[{"embeddable":true,"href":"https:\/\/www.migros-versicherungen.ch\/fr\/wp-json\/wp\/v2\/comments?post=1542"}],"version-history":[{"count":0,"href":"https:\/\/www.migros-versicherungen.ch\/fr\/wp-json\/wp\/v2\/pages\/1542\/revisions"}],"wp:attachment":[{"href":"https:\/\/www.migros-versicherungen.ch\/fr\/wp-json\/wp\/v2\/media?parent=1542"}],"curies":[{"name":"wp","href":"https:\/\/api.w.org\/{rel}","templated":true}]}}