{"id":1540,"date":"2022-09-29T16:56:25","date_gmt":"2022-09-29T14:56:25","guid":{"rendered":"https:\/\/migrosproddev.wpenginepowered.com\/?page_id=1540"},"modified":"2025-09-12T18:48:06","modified_gmt":"2025-09-12T16:48:06","slug":"assurance-menage","status":"publish","type":"page","link":"https:\/\/www.migros-versicherungen.ch\/fr\/assurance-menage\/","title":{"rendered":"Assurance m\u00e9nage"},"content":{"rendered":"\t\t<div data-elementor-type=\"wp-page\" data-elementor-id=\"1540\" class=\"elementor elementor-1540 elementor-1518\">\n\t\t\t\t\t\t<section class=\"elementor-section elementor-top-section elementor-element elementor-element-b9c0b8a elementor-section-boxed elementor-section-height-default elementor-section-height-default\" data-id=\"b9c0b8a\" data-element_type=\"section\" data-e-type=\"section\">\n\t\t\t\t\t\t<div class=\"elementor-container elementor-column-gap-default\">\n\t\t\t\t\t<div class=\"elementor-column elementor-col-100 elementor-top-column elementor-element elementor-element-35e16ef\" data-id=\"35e16ef\" data-element_type=\"column\" data-e-type=\"column\">\n\t\t\t<div class=\"elementor-widget-wrap elementor-element-populated\">\n\t\t\t\t\t\t<div class=\"elementor-element elementor-element-37e956a elementor-widget elementor-widget-haushaltheadline-widget\" data-id=\"37e956a\" data-element_type=\"widget\" data-e-type=\"widget\" data-widget_type=\"haushaltheadline-widget.default\">\n\t\t\t\t<div class=\"elementor-widget-container\">\n\t\t\t\t\t\t\t<section class=\"headline\">\n\t\t\t<div class=\"container\">\n\t\t\t\t<div class=\"row flex flex-row flex-center\">\n\t\t\t\t\t<div class=\"col-md-12 col-lg-6\">\n\t\t\t\t\t\t<h1 class=\"headline-title\">Assurance m\u00e9nage<br>Migros<\/h1>\n\t\t\t\t\t\t<h2 class=\"headline-sub-title\">Parce que votre appartement le vaut bien.<\/h2>\n\t\t\t\t\t\t<p>L\u2019assurance m\u00e9nage Migros prot\u00e8ge tout ce \u00e0 quoi vous \u00eates attach\u00e9(e) chez vous: meubles, v\u00eatements, tableaux, tapis et objets de valeur. Car un sinistre, qu\u2019il soit li\u00e9 \u00e0 l\u2019eau, au feu ou \u00e0 une effraction, laisse aussi toujours des traces financi\u00e8res. Pour bien vivre, on ne peut donc se passer d\u2019une assurance m\u00e9nage compl\u00e8te. Avec peu de d\u00e9penses, beaucoup de s\u00e9curit\u00e9 et m\u00eame des points Cumulus suppl\u00e9mentaires de votre Migros.<\/p>\n\t\t\t\t\t\t<a href=\"https:\/\/online.migros-versicherungen.ch\/fr\/calculer-prime\/choisir-assurance\" class=\"button primary big\"> Calculer votre prime <\/a>\n\t\t\t\t\t<\/div>\n\t\t\t\t\t<div class=\"col-md-12 col-lg-6 img-right hausratversicherung\">\n\t\t\t\t\t\t<img decoding=\"async\" src=\"https:\/\/www.migros-versicherungen.ch\/assets\/Hausratversicherung-quadratisch.jpeg\" alt=\"\" title=\"\" \/>\n\t\t\t\t\t<\/div>\n\t\t\t\t<\/div>\n\t\t\t<\/div>\n\t\t<\/section>\n\t\t\t\t<\/div>\n\t\t\t\t<\/div>\n\t\t\t\t\t<\/div>\n\t\t<\/div>\n\t\t\t\t\t<\/div>\n\t\t<\/section>\n\t\t\t\t<section class=\"elementor-section elementor-top-section elementor-element elementor-element-dd9cdf9 elementor-section-boxed elementor-section-height-default elementor-section-height-default\" data-id=\"dd9cdf9\" data-element_type=\"section\" data-e-type=\"section\">\n\t\t\t\t\t\t<div class=\"elementor-container elementor-column-gap-default\">\n\t\t\t\t\t<div class=\"elementor-column elementor-col-100 elementor-top-column elementor-element elementor-element-3ee2c6c\" data-id=\"3ee2c6c\" data-element_type=\"column\" data-e-type=\"column\">\n\t\t\t<div class=\"elementor-widget-wrap elementor-element-populated\">\n\t\t\t\t\t\t<div class=\"elementor-element elementor-element-69ed9d5 elementor-widget elementor-widget-haushaltimagewidthtext-widget\" data-id=\"69ed9d5\" data-element_type=\"widget\" data-e-type=\"widget\" data-widget_type=\"haushaltimagewidthtext-widget.default\">\n\t\t\t\t<div class=\"elementor-widget-container\">\n\t\t\t\t\t\t\t<section class=\"worthwhile\">\n\t\t\t<div class=\"container\">\n\t\t\t\t<div class=\"row\">\n\t\t\t\t\t<div class=\"col-lg-7 col-md-12\">\n\t\t\t\t\t\t<h2>L\u2019int\u00e9r\u00eat d\u2019une assurance m\u00e9nage?<\/h2>\n\t\t\t\t\t\t<p>Un d\u00e9g\u00e2t des eaux a ab\u00eem\u00e9 votre luxueux tapis, la lampe halog\u00e8ne a fait br\u00fbler vos jolis rideaux ou un cambrioleur est parti avec la moiti\u00e9 de votre maison? La vie est pleine de surprises et elles ne sont pas toutes bonnes. C\u2019est pourquoi nous assurons ce qui vous est cher.<\/p>\n\n<p>L\u2019assurance m\u00e9nage Migros couvre les dommages dus au feu, \u00e0 l\u2019eau, aux dangers naturels, aux effractions ou aux vols sur l\u2019inventaire meuble de votre m\u00e9nage, qui comprend notamment le mobilier, les v\u00eatements, les bijoux ou l\u2019\u00e9lectronique.<\/p>\t\t\t\t\t<\/div>\n\t\t\t\t\t<div class=\"col-lg-5 col-md-12\">\n\t\t\t\t\t\t<img decoding=\"async\" src=\"https:\/\/www.migros-versicherungen.ch\/assets\/schaden-beispiele.svg\" alt=\"Drei Symbole f\u00fcr m\u00f6gliche Sch\u00e4den\" \/>\n\t\t\t\t\t<\/div>\n\t\t\t\t<\/div>\n\t\t\t<\/div>\n\t\t<\/section>\n\t\t\t\t<\/div>\n\t\t\t\t<\/div>\n\t\t\t\t\t<\/div>\n\t\t<\/div>\n\t\t\t\t\t<\/div>\n\t\t<\/section>\n\t\t\t\t<section class=\"elementor-section elementor-top-section elementor-element elementor-element-b46f35a elementor-section-boxed elementor-section-height-default elementor-section-height-default\" data-id=\"b46f35a\" data-element_type=\"section\" data-e-type=\"section\">\n\t\t\t\t\t\t<div class=\"elementor-container elementor-column-gap-default\">\n\t\t\t\t\t<div class=\"elementor-column elementor-col-100 elementor-top-column elementor-element elementor-element-7c71ef5\" data-id=\"7c71ef5\" data-element_type=\"column\" data-e-type=\"column\">\n\t\t\t<div class=\"elementor-widget-wrap elementor-element-populated\">\n\t\t\t\t\t\t<div class=\"elementor-element elementor-element-e499c92 elementor-widget elementor-widget-comprehensiveprotection-widget\" data-id=\"e499c92\" data-element_type=\"widget\" data-e-type=\"widget\" data-widget_type=\"comprehensiveprotection-widget.default\">\n\t\t\t\t<div class=\"elementor-widget-container\">\n\t\t\t\t\t\n\n\n\t\t<section class=\"protection\">\n\t\t\t<div class=\"container\">\n\t\t\t\t<div class=\"row\">\n\t\t\t\t\t<div class=\"col-md-12\">\n\t\t\t\t\t\t<h2 class=\"section-title\">Une couverture compl\u00e8te avec Migros Assurances<\/h2>\n\t\t\t\t\t<\/div>\n\t\t\t\t<\/div>\n\t\t\t\t<div class=\"row\">\n\n\t\t\t\t\t\t\t\t\t\t\t<div class=\"col-md-3\">\n\t\t\t\t\t\t\t<img decoding=\"async\" src=\"https:\/\/www.migros-versicherungen.ch\/assets\/shopping-car-icon.svg\" alt=\"\" \/>\n\t\t\t\t\t\t\t<h3>Couverture valeur \u00e0 neuf<\/h3>\n\t\t\t\t\t\t\t<p>L\u2019inventaire du m\u00e9nage assur\u00e9 \u00e0 la valeur \u00e0 neuf<\/p>\n\t\t\t\t\t\t<\/div>\n\t\t\t\t\t\t\t\t\t\t\t<div class=\"col-md-3\">\n\t\t\t\t\t\t\t<img decoding=\"async\" src=\"https:\/\/www.migros-versicherungen.ch\/assets\/premium-icon.svg\" alt=\"\" \/>\n\t\t\t\t\t\t\t<h3>Protection premium<\/h3>\n\t\t\t\t\t\t\t<p>Une assurance renforc\u00e9e dans votre budget<\/p>\n\t\t\t\t\t\t<\/div>\n\t\t\t\t\t\t\t\t\t\t\t<div class=\"col-md-3\">\n\t\t\t\t\t\t\t<img decoding=\"async\" src=\"https:\/\/www.migros-versicherungen.ch\/assets\/partner-icon.svg\" alt=\"\" \/>\n\t\t\t\t\t\t\t<h3>Un partenaire solide<\/h3>\n\t\t\t\t\t\t\t<p>Migros: toujours \u00e0 vos c\u00f4t\u00e9s!<\/p>\n\t\t\t\t\t\t<\/div>\n\t\t\t\t\t\t\t\t\t\t\t<div class=\"col-md-3\">\n\t\t\t\t\t\t\t<img decoding=\"async\" src=\"https:\/\/www.migros-versicherungen.ch\/assets\/cards-icon.svg\" alt=\"\" \/>\n\t\t\t\t\t\t\t<h3>Points Cumulus<\/h3>\n\t\t\t\t\t\t\t<p>Chaque ann\u00e9e et automatiquement<\/p>\n\t\t\t\t\t\t<\/div>\n\t\t\t\t\t\t\t\t\t<\/div>\n\t\t\t<\/div>\n\t\t<\/section>\n\n\t\t\t\t<\/div>\n\t\t\t\t<\/div>\n\t\t\t\t\t<\/div>\n\t\t<\/div>\n\t\t\t\t\t<\/div>\n\t\t<\/section>\n\t\t\t\t<section class=\"elementor-section elementor-top-section elementor-element elementor-element-0d242d9 elementor-section-boxed elementor-section-height-default elementor-section-height-default\" data-id=\"0d242d9\" data-element_type=\"section\" data-e-type=\"section\">\n\t\t\t\t\t\t<div class=\"elementor-container elementor-column-gap-default\">\n\t\t\t\t\t<div class=\"elementor-column elementor-col-100 elementor-top-column elementor-element elementor-element-38b029f\" data-id=\"38b029f\" data-element_type=\"column\" data-e-type=\"column\">\n\t\t\t<div class=\"elementor-widget-wrap elementor-element-populated\">\n\t\t\t\t\t\t<div class=\"elementor-element elementor-element-41ddbd9 elementor-widget elementor-widget-haushaltperformance-widget\" data-id=\"41ddbd9\" data-element_type=\"widget\" data-e-type=\"widget\" data-widget_type=\"haushaltperformance-widget.default\">\n\t\t\t\t<div class=\"elementor-widget-container\">\n\t\t\t\t\t\n\n\t\t<section class=\"performance\">\n\t\t\t<div class=\"container\">\n\t\t\t\t<div class=\"row\">\n\t\t\t\t\t<div class=\"col-md-12\">\n\t\t\t\t\t\t<h2 class=\"section-title\">Une prestation renforc\u00e9e dans votre budget<\/h2>\n\t\t\t\t\t\t<p class=\"section-description\">Les avantages en bref<\/p>\n\t\t\t\t\t<\/div>\n\t\t\t\t<\/div>\n\t\t\t\t<div class=\"row\">\n\t\t\t\t\t<div class=\"col-md-12 inner-container\">\n\t\t\t\t\t\t\t\t\t\t\t\t\t<div class=\"col-md-4\">\n\t\t\t\t\t\t\t\t<div class=\"inner\">\n\t\t\t\t\t\t\t\t\t<h3 class=\"box-title\">Renonciation au recours<br>en cas de faute grave<\/h3>\n\t\t\t\t\t\t\t\t\t<p>Votre maison est partie en fum\u00e9e, car vous avez laiss\u00e9 une bougie allum\u00e9e? Nous couvrons aussi les dommages dus \u00e0 une faute grave.<\/p>\n\t\t\t\t\t\t\t\t<\/div>\n\t\t\t\t\t\t\t<\/div>\n\t\t\t\t\t\t\t\t\t\t\t\t\t<div class=\"col-md-4\">\n\t\t\t\t\t\t\t\t<div class=\"inner\">\n\t\t\t\t\t\t\t\t\t<h3 class=\"box-title\">Couverture du vitrage<br>du mobilier comprise<\/h3>\n\t\t\t\t\t\t\t\t\t<p>Vous avez accidentellement renvers\u00e9 votre on\u00e9reuse vitrine? Les bris de verre du mobilier sont directement int\u00e9gr\u00e9s dans notre produit de base.<\/p>\n\t\t\t\t\t\t\t\t<\/div>\n\t\t\t\t\t\t\t<\/div>\n\t\t\t\t\t\t\t\t\t\t\t\t\t<div class=\"col-md-4\">\n\t\t\t\t\t\t\t\t<div class=\"inner\">\n\t\t\t\t\t\t\t\t\t<h3 class=\"box-title\">R\u00e9siliable<br>tous les mois<\/h3>\n\t\t\t\t\t\t\t\t\t<p>Nous croyons dans nos produits et n\u2019avons donc pas besoin de longs d\u00e9lais de r\u00e9siliation.<\/p>\n\t\t\t\t\t\t\t\t<\/div>\n\t\t\t\t\t\t\t<\/div>\n\t\t\t\t\t\t\t\t\t\t\t\t\t<div class=\"col-md-4\">\n\t\t\t\t\t\t\t\t<div class=\"inner\">\n\t\t\t\t\t\t\t\t\t<h3 class=\"box-title\">Nous sommes<br>indulgents<\/h3>\n\t\t\t\t\t\t\t\t\t<p>Vous avez mal calcul\u00e9 le montant de votre mobilier? Pas de probl\u00e8me - jusqu'\u00e0 un montant de CHF 20'000, nous renon\u00e7ons \u00e0 toute r\u00e9duction des prestations en cas de sinistre partiel.<\/p>\n\t\t\t\t\t\t\t\t<\/div>\n\t\t\t\t\t\t\t<\/div>\n\t\t\t\t\t\t\t\t\t\t\t\t\t<div class=\"col-md-4\">\n\t\t\t\t\t\t\t\t<div class=\"inner\">\n\t\t\t\t\t\t\t\t\t<h3 class=\"box-title\">Bonus en cas d\u2019absence<br>de sinistre<\/h3>\n\t\t\t\t\t\t\t\t\t<p>Les ann\u00e9es sans sinistre sont r\u00e9compens\u00e9es par des points Cumulus suppl\u00e9mentaires.<\/p>\n\t\t\t\t\t\t\t\t<\/div>\n\t\t\t\t\t\t\t<\/div>\n\t\t\t\t\t\t\t\t\t\t\t\t\t<div class=\"col-md-4\">\n\t\t\t\t\t\t\t\t<div class=\"inner\">\n\t\t\t\t\t\t\t\t\t<h3 class=\"box-title\">Des points Cumulus sur<br>la prime<\/h3>\n\t\t\t\t\t\t\t\t\t<p>Pour vous remercier, chaque franc de prime vous donne un point Cumulus.<\/p>\n\t\t\t\t\t\t\t\t<\/div>\n\t\t\t\t\t\t\t<\/div>\n\t\t\t\t\t\t\t\t\t\t\t<\/div>\n\t\t\t\t<\/div>\n\t\t\t<\/div>\n\t\t<\/section>\n\n\t\t\t\t<\/div>\n\t\t\t\t<\/div>\n\t\t\t\t\t<\/div>\n\t\t<\/div>\n\t\t\t\t\t<\/div>\n\t\t<\/section>\n\t\t\t\t<section class=\"elementor-section elementor-top-section elementor-element elementor-element-ab45868 elementor-section-boxed elementor-section-height-default elementor-section-height-default\" data-id=\"ab45868\" data-element_type=\"section\" data-e-type=\"section\">\n\t\t\t\t\t\t<div class=\"elementor-container elementor-column-gap-default\">\n\t\t\t\t\t<div class=\"elementor-column elementor-col-100 elementor-top-column elementor-element elementor-element-2d3e03f\" data-id=\"2d3e03f\" data-element_type=\"column\" data-e-type=\"column\">\n\t\t\t<div class=\"elementor-widget-wrap elementor-element-populated\">\n\t\t\t\t\t\t<div class=\"elementor-element elementor-element-24f1065 elementor-widget elementor-widget-haushaltexraprotection-widget\" data-id=\"24f1065\" data-element_type=\"widget\" data-e-type=\"widget\" data-widget_type=\"haushaltexraprotection-widget.default\">\n\t\t\t\t<div class=\"elementor-widget-container\">\n\t\t\t\t\t\n\t\t<section class=\"extra-protection\">\n\t\t\t<div class=\"container\">\n\t\t\t\t<div class=\"row\">\n\t\t\t\t\t<div class=\"col-md-12\">\n\t\t\t\t\t\t<h2 class=\"section-title\">Protection suppl\u00e9mentaire pour les risques individuels<\/h2>\n\t\t\t\t\t\t<p class=\"section-description\">Des options pour une s\u00e9curit\u00e9 renforc\u00e9e<\/p>\n\t\t\t\t\t<\/div>\n\t\t\t\t<\/div>\n\t\t\t\t<div class=\"row\">\n\t\t\t\t\t\t\t\t\t\t\t<div class=\"col-md-12 col-lg-4\">\n\t\t\t\t\t\t\t<img decoding=\"async\" src=\"https:\/\/www.migros-versicherungen.ch\/assets\/car-ellipse-icon.svg\" alt=\"Vols simples \u00e0 l\u2019ext\u00e9rieur\" \/>\n\t\t\t\t\t\t\t<h3>Vols simples \u00e0 l\u2019ext\u00e9rieur<\/h3>\n\t\t\t\t\t\t\t<p>On vous a vol\u00e9 votre sac, votre mobile ou votre porte-monnaie? La vie est parfois cruelle. Avec l\u2019option \u00abVols simples \u00e0 l\u2019ext\u00e9rieur\u00bb, nous prenons les frais en charge. Dans le monde entier. <\/p>\n\t\t\t\t\t\t<\/div>\n\t\t\t\t\t\t\t\t\t\t\t<div class=\"col-md-12 col-lg-4\">\n\t\t\t\t\t\t\t<img decoding=\"async\" src=\"https:\/\/www.migros-versicherungen.ch\/assets\/bike-icon.svg\" alt=\"\u00c9quipements sportifs\" \/>\n\t\t\t\t\t\t\t<h3>\u00c9quipements sportifs<\/h3>\n\t\t\t\t\t\t\t<p>Le sport occupe une place importante dans votre vie? Avec l\u2019option \u00ab\u00c9quipements sportifs\u00bb, tous vos \u00e9quipements sportifs sont assur\u00e9s: v\u00e9lo, skis, snowboard et bien d\u2019autres choses. En cas de vol, mais aussi d\u2019endommagement ou de perte. <\/p>\n\t\t\t\t\t\t<\/div>\n\t\t\t\t\t\t\t\t\t\t\t<div class=\"col-md-12 col-lg-4\">\n\t\t\t\t\t\t\t<img decoding=\"async\" src=\"https:\/\/www.migros-versicherungen.ch\/assets\/phone-icon.svg\" alt=\"Appareils \u00e9lectroniques\" \/>\n\t\t\t\t\t\t\t<h3>Appareils \u00e9lectroniques<\/h3>\n\t\t\t\t\t\t\t<p>Du caf\u00e9 renvers\u00e9 sur le portable? La dur\u00e9e de vie des appareils \u00e9lectroniques du quotidien est particuli\u00e8rement courte. Avec l\u2019option \u00abAppareils \u00e9lectroniques\u00bb, tous vos appareils \u00e9lectroniques, tels que votre mobile, votre ordinateur portable, votre tablette et bien d\u2019autres appareils encore, sont assur\u00e9s. En cas de vol, mais aussi d\u2019endommagement ou de perte. <\/p>\n\t\t\t\t\t\t<\/div>\n\t\t\t\t\t\t\t\t\t<\/div>\n\t\t\t<\/div>\n\t\t<\/section>\n\n\t\t\t\t<\/div>\n\t\t\t\t<\/div>\n\t\t\t\t\t<\/div>\n\t\t<\/div>\n\t\t\t\t\t<\/div>\n\t\t<\/section>\n\t\t\t\t<section class=\"elementor-section elementor-top-section elementor-element elementor-element-6d57e05 elementor-section-boxed elementor-section-height-default elementor-section-height-default\" data-id=\"6d57e05\" data-element_type=\"section\" data-e-type=\"section\">\n\t\t\t\t\t\t<div class=\"elementor-container elementor-column-gap-default\">\n\t\t\t\t\t<div class=\"elementor-column elementor-col-100 elementor-top-column elementor-element elementor-element-bed467a\" data-id=\"bed467a\" data-element_type=\"column\" data-e-type=\"column\">\n\t\t\t<div class=\"elementor-widget-wrap elementor-element-populated\">\n\t\t\t\t\t\t<div class=\"elementor-element elementor-element-28d5ce5 elementor-widget elementor-widget-pdfdocuments-widget\" data-id=\"28d5ce5\" data-element_type=\"widget\" data-e-type=\"widget\" data-widget_type=\"pdfdocuments-widget.default\">\n\t\t\t\t<div class=\"elementor-widget-container\">\n\t\t\t\t\t\n\t\t<section class=\"download\">\n\t\t\t<div class=\"container\">\n\t\t\t\t<div class=\"row\">\n\t\t\t\t\t<div class=\"col-md-12\">\n\t\t\t\t\t\t<h2>T\u00e9l\u00e9charger<\/h2>\n\t\t\t\t\t\t<div class=\"items\">\n\t\t\t\t\t\t\t\t\t\t\t\t\t\t\t<div automation-id=\"pdf_download_\" class=\"item\" onclick=\"downloadPDF(this, 'https:\/\/aresstaticapiprod.azurewebsites.net\/api\/tenants\/17\/documents\/factsheetandcoverage?language=fr')\"><span>Aper\u00e7u des prestations<\/span>.pdf<\/div>\n\t\t\t\t\t\t\t\t\t\t\t\t\t\t\t<div automation-id=\"pdf_download_\" class=\"item\" onclick=\"downloadPDF(this, 'https:\/\/aresstaticapiprod.azurewebsites.net\/api\/tenants\/17\/documents\/vag?language=fr')\"><span>Information d'interm\u00e9diaire selon l'art 45 LSA<\/span>.pdf<\/div>\n\t\t\t\t\t\t\t\t\t\t\t\t\t\t\t<div automation-id=\"pdf_download_\" class=\"item\" onclick=\"downloadPDF(this, 'https:\/\/aresstaticapiprod.azurewebsites.net\/api\/tenants\/17\/documents\/avb?product=householdliability&language=fr')\"><span>Conditions g\u00e9n\u00e9rales d\u2019assurance (CGA)<\/span>.pdf<\/div>\n\t\t\t\t\t\t\t\t\t\t\t\t\t\t\t<div automation-id=\"pdf_download_\" class=\"item\" onclick=\"downloadPDF(this, 'https:\/\/aresstaticapiprod.azurewebsites.net\/api\/tenants\/17\/documents\/cancellationform?language=fr')\"><span>Mod\u00e8le d'annulation<\/span>.pdf<\/div>\n\t\t\t\t\t\t\t\t\t\t\t\t\t<\/div>\n\t\t\t\t\t<\/div>\n\t\t\t\t<\/div>\n\t\t\t<\/div>\n\t\t\t<script>\n\t\t\t\tasync function downloadPDF(element, url) {\n\t\t\t\t\tlet res = await fetch(url);\n\t\t\t\t\tlet blob = await res.blob();\n\n\t\t\t\t\tconst blobUrl = window.URL.createObjectURL(\n\t\t\t\t\t\tblob\n\t\t\t\t\t);\n\n\t\t\t\t\tlet link = document.createElement('a');\n\t\t\t\t\tlink.href = blobUrl;\n\n\t\t\t\t\tconst filename = element.getElementsByTagName('span')[0].innerText;\n\t\t\t\t\tlink.setAttribute('download', filename + '.pdf');\n\t\t\t\t\tdocument.body.appendChild(link);\n\t\t\t\t\tlink.click();\n\t\t\t\t\tconsole.log(link);\n\t\t\t\t}\n\t\t\t<\/script>\n\t\t<\/section>\n\n\t\t\t\t<\/div>\n\t\t\t\t<\/div>\n\t\t\t\t\t<\/div>\n\t\t<\/div>\n\t\t\t\t\t<\/div>\n\t\t<\/section>\n\t\t\t\t<\/div>\n\t\t","protected":false},"excerpt":{"rendered":"<p>Assurance m\u00e9nage Migros Parce que votre appartement le vaut bien. L\u2019assurance m\u00e9nage Migros prot\u00e8ge tout ce \u00e0 quoi vous \u00eates attach\u00e9(e) chez vous: meubles, v\u00eatements, tableaux, tapis et objets de valeur. Car un sinistre, qu\u2019il soit li\u00e9 \u00e0 l\u2019eau, au feu ou \u00e0 une effraction, laisse aussi toujours des traces financi\u00e8res. Pour bien vivre, on [&hellip;]<\/p>\n","protected":false},"author":10,"featured_media":0,"parent":0,"menu_order":36,"comment_status":"closed","ping_status":"closed","template":"page-templates\/no-elementor.php","meta":{"_acf_changed":false,"footnotes":""},"class_list":["post-1540","page","type-page","status-publish","hentry"],"acf":[],"_links":{"self":[{"href":"https:\/\/www.migros-versicherungen.ch\/fr\/wp-json\/wp\/v2\/pages\/1540","targetHints":{"allow":["GET"]}}],"collection":[{"href":"https:\/\/www.migros-versicherungen.ch\/fr\/wp-json\/wp\/v2\/pages"}],"about":[{"href":"https:\/\/www.migros-versicherungen.ch\/fr\/wp-json\/wp\/v2\/types\/page"}],"author":[{"embeddable":true,"href":"https:\/\/www.migros-versicherungen.ch\/fr\/wp-json\/wp\/v2\/users\/10"}],"replies":[{"embeddable":true,"href":"https:\/\/www.migros-versicherungen.ch\/fr\/wp-json\/wp\/v2\/comments?post=1540"}],"version-history":[{"count":0,"href":"https:\/\/www.migros-versicherungen.ch\/fr\/wp-json\/wp\/v2\/pages\/1540\/revisions"}],"wp:attachment":[{"href":"https:\/\/www.migros-versicherungen.ch\/fr\/wp-json\/wp\/v2\/media?parent=1540"}],"curies":[{"name":"wp","href":"https:\/\/api.w.org\/{rel}","templated":true}]}}