{"id":1539,"date":"2022-09-29T16:48:59","date_gmt":"2022-09-29T14:48:59","guid":{"rendered":"https:\/\/migrosproddev.wpenginepowered.com\/?page_id=1539"},"modified":"2025-09-12T18:06:20","modified_gmt":"2025-09-12T16:06:20","slug":"declarer-un-sinistre-sadsa","status":"publish","type":"page","link":"https:\/\/www.migros-versicherungen.ch\/fr\/declarer-un-sinistre-assistance\/","title":{"rendered":"D\u00e9clarer un sinistre \u2013 Assistance"},"content":{"rendered":"\t\t<div data-elementor-type=\"wp-page\" data-elementor-id=\"1539\" class=\"elementor elementor-1539 elementor-1516\">\n\t\t\t\t\t\t<section class=\"elementor-section elementor-top-section elementor-element elementor-element-89117da elementor-section-boxed elementor-section-height-default elementor-section-height-default\" data-id=\"89117da\" data-element_type=\"section\" data-e-type=\"section\">\n\t\t\t\t\t\t<div class=\"elementor-container elementor-column-gap-default\">\n\t\t\t\t\t<div class=\"elementor-column elementor-col-100 elementor-top-column elementor-element elementor-element-27bb8c2\" data-id=\"27bb8c2\" data-element_type=\"column\" data-e-type=\"column\">\n\t\t\t<div class=\"elementor-widget-wrap elementor-element-populated\">\n\t\t\t\t\t\t<div class=\"elementor-element elementor-element-3cf17e8 elementor-widget elementor-widget-reportdamage-widget\" data-id=\"3cf17e8\" data-element_type=\"widget\" data-e-type=\"widget\" data-widget_type=\"reportdamage-widget.default\">\n\t\t\t\t<div class=\"elementor-widget-container\">\n\t\t\t\t\t\t\t<div class=\"container\">\n\t\t\t<div class=\"row\">\n\t\t\t\t<div class=\"col-md-12\">\n\t\t\t\t\t<h1 class=\"schaden-title\">D\u00e9clarer un sinistre<\/h1>\n\t\t\t\t\t<h2 class=\"schaden-description\">Aide rapide en cas de sinistre.<\/h2>\n\t\t\t\t<\/div>\n\t\t\t<\/div>\n\t\t\t<div class=\"row\">\n\t\t\t\t<div class=\"col-md-12 col-lg-6\">\n\t\t\t\t\t<div class=\"schaden-inner flex flex-column align-center\">\n\t\t\t\t\t\t<h3 class=\"schaden-sub-title\">D\u00e9claration sur le portail client<\/h3>\n\n\t\t\t\t\t\t<p>Saisissez calmement votre sinistre 24 heures sur 24 en ligne sur le portail client. Il suffit de se connecter, remplir la d\u00e9claration de sinistre et l\u2019envoyer.<\/p>\n\n\t\t\t\t\t\t<a id=\"report-damage-login-button\" href=\"https:\/\/online.migros-versicherungen.ch\/fr\/cockpit\/report-damage\" class=\"mlogin-button big centered\">\n\t\t\t\t\t\t\t<svg width=\"14\" height=\"12\" viewBox=\"0 0 14 12\" fill=\"none\" xmlns=\"http:\/\/www.w3.org\/2000\/svg\" aria-hidden=\"true\">\n\t\t\t\t\t\t\t\t<path d=\"M10.8602 12V5.07135L7.82085 12H6.13128L3.13983 5.07135V12H0V0H4.20718L7.07897 6.77427L10.1183 0H14V12H10.8602Z\" fill=\"#FF6600\"><\/path>\n\t\t\t\t\t\t\t<\/svg>\n\t\t\t\t\t\t\t<div class=\"line\"><\/div>\n\t\t\t\t\t\t\t<p class=\"mlogin-button__text\">Connexion<\/p>\n\t\t\t\t\t\t<\/a>\n\n\t\t\t\t\t\t<a id=\"report-damage-cockpit-button\" style=\"display: none;\" class=\"secondary-button with-trailing-icon\" href=\"https:\/\/online.migros-versicherungen.ch\/fr\/cockpit\/report-damage\"> D\u00e9clarer un sinistre<div class=\"trailing-icon\">\n\t\t\t\t\t\t\t\t<svg-icon><svg width=\"30\" height=\"30\" viewBox=\"0 0 30 30\" fill=\"none\" xmlns=\"http:\/\/www.w3.org\/2000\/svg\" aria-hidden=\"true\">\n\t\t\t\t\t\t\t\t\t\t<path d=\"M6.25 15H23.75\" stroke=\"currentColor\" stroke-width=\"2\" stroke-linecap=\"round\" stroke-linejoin=\"round\"><\/path>\n\t\t\t\t\t\t\t\t\t\t<path d=\"M18.75 20L23.75 15\" stroke=\"currentColor\" stroke-width=\"2\" stroke-linecap=\"round\" stroke-linejoin=\"round\"><\/path>\n\t\t\t\t\t\t\t\t\t\t<path d=\"M18.75 10L23.75 15\" stroke=\"currentColor\" stroke-width=\"2\" stroke-linecap=\"round\" stroke-linejoin=\"round\"><\/path>\n\t\t\t\t\t\t\t\t\t<\/svg>\n\t\t\t\t\t\t\t\t<\/svg-icon>\n\t\t\t\t\t\t\t<\/div>\n\t\t\t\t\t\t<\/a>\n\n\t\t\t\t\t<\/div>\n\t\t\t\t<\/div>\n\t\t\t\t<div class=\"col-md-12 col-lg-6\">\n\t\t\t\t\t<div class=\"schaden-inner noborder\">\n\t\t\t\t\t\t<h3 class=\"schaden-sub-title\"> D\u00e9claration par t\u00e9l\u00e9phone <\/h3>\n\t\t\t\t\t\t<p>D\u00e9clarez votre sinistre par t\u00e9l\u00e9phone. Notre \u00e9quipe se tient \u00e0 votre enti\u00e8re disposition du lundi au vendredi de 8h00 \u00e0 19h00.<\/p>\n\t\t\t\t\t\t<div class=\"schaden-call-phone\">\n\t\t\t\t\t\t\t<a href=\"tel:058 561 58 58\">058 561 58 58<\/a>\n\t\t\t\t\t\t<\/div>\n\t\t\t\t\t<\/div>\n\t\t\t\t<\/div>\n\t\t\t<\/div>\n\t\t<\/div>\n\t\t\t\t<\/div>\n\t\t\t\t<\/div>\n\t\t\t\t\t<\/div>\n\t\t<\/div>\n\t\t\t\t\t<\/div>\n\t\t<\/section>\n\t\t\t\t<\/div>\n\t\t","protected":false},"excerpt":{"rendered":"<p>D\u00e9clarer un sinistre Aide rapide en cas de sinistre. D\u00e9claration sur le portail client Saisissez calmement votre sinistre 24 heures sur 24 en ligne sur le portail client. Il suffit de se connecter, remplir la d\u00e9claration de sinistre et l\u2019envoyer. &nbsp; &nbsp; Connexion &nbsp; D\u00e9claration par t\u00e9l\u00e9phone D\u00e9clarez votre sinistre par t\u00e9l\u00e9phone. Notre \u00e9quipe se [&hellip;]<\/p>\n","protected":false},"author":10,"featured_media":0,"parent":0,"menu_order":41,"comment_status":"closed","ping_status":"closed","template":"page-templates\/no-elementor.php","meta":{"_acf_changed":false,"footnotes":""},"class_list":["post-1539","page","type-page","status-publish","hentry"],"acf":[],"_links":{"self":[{"href":"https:\/\/www.migros-versicherungen.ch\/fr\/wp-json\/wp\/v2\/pages\/1539","targetHints":{"allow":["GET"]}}],"collection":[{"href":"https:\/\/www.migros-versicherungen.ch\/fr\/wp-json\/wp\/v2\/pages"}],"about":[{"href":"https:\/\/www.migros-versicherungen.ch\/fr\/wp-json\/wp\/v2\/types\/page"}],"author":[{"embeddable":true,"href":"https:\/\/www.migros-versicherungen.ch\/fr\/wp-json\/wp\/v2\/users\/10"}],"replies":[{"embeddable":true,"href":"https:\/\/www.migros-versicherungen.ch\/fr\/wp-json\/wp\/v2\/comments?post=1539"}],"version-history":[{"count":0,"href":"https:\/\/www.migros-versicherungen.ch\/fr\/wp-json\/wp\/v2\/pages\/1539\/revisions"}],"wp:attachment":[{"href":"https:\/\/www.migros-versicherungen.ch\/fr\/wp-json\/wp\/v2\/media?parent=1539"}],"curies":[{"name":"wp","href":"https:\/\/api.w.org\/{rel}","templated":true}]}}