{"id":1538,"date":"2022-09-29T16:35:36","date_gmt":"2022-09-29T14:35:36","guid":{"rendered":"https:\/\/migrosproddev.wpenginepowered.com\/?page_id=1538"},"modified":"2023-10-01T16:36:49","modified_gmt":"2023-10-01T14:36:49","slug":"page-daccueil","status":"publish","type":"page","link":"https:\/\/www.migros-versicherungen.ch\/fr\/page-daccueil\/","title":{"rendered":"Page d&rsquo;accueil"},"content":{"rendered":"\t\t<div data-elementor-type=\"wp-page\" data-elementor-id=\"1538\" class=\"elementor elementor-1538 elementor-1473\">\n\t\t\t\t\t\t<section class=\"elementor-section elementor-top-section elementor-element elementor-element-0324379 elementor-section-boxed elementor-section-height-default elementor-section-height-default\" data-id=\"0324379\" data-element_type=\"section\" data-e-type=\"section\">\n\t\t\t\t\t\t<div class=\"elementor-container elementor-column-gap-default\">\n\t\t\t\t\t<div class=\"elementor-column elementor-col-100 elementor-top-column elementor-element elementor-element-a3557f5\" data-id=\"a3557f5\" data-element_type=\"column\" data-e-type=\"column\">\n\t\t\t<div class=\"elementor-widget-wrap elementor-element-populated\">\n\t\t\t\t\t\t<div class=\"elementor-element elementor-element-8e6d302 elementor-widget elementor-widget-headline-widget\" data-id=\"8e6d302\" data-element_type=\"widget\" data-e-type=\"widget\" data-widget_type=\"headline-widget.default\">\n\t\t\t\t<div class=\"elementor-widget-container\">\n\t\t\t\t\t\t<section class=\"headline\">\n        <div class=\"container\">\n            <div class=\"row\">\n                <div class=\"col-md-12 col-lg-6\">\n                    <h1 class=\"headline-title\">L'assurance juste \u00e0 un prix Migros.<\/h1>\n                    <p>La complexit\u00e9 c\u2019est du pass\u00e9: chez Migros, l\u2019assurance c\u2019est vraiment simple, juste et bon march\u00e9. Une assurance en seulement 5 minutes, \u00e7a laisse plus de temps pour la vraie vie. <\/p>\n                <\/div>\n                <div class=\"col-md-12 col-lg-6 img-right\">\n\t\t\t\t\t<img decoding=\"async\" src=\"https:\/\/www.migros-versicherungen.ch\/assets\/image-16.png\" alt=\"\">\n                <\/div>\n            <\/div>\n\t\t\t\t\t\t<div class=\"row\">\n\t\t\t\t\t\t\t\t<div class=\"col-md-12\">\n\t\t\t\t\t\t\t\t\t<div class=\"choose-insurance\">\n                        <h2 class=\"title\">Quelle assurance voulez-vous?<\/h2>\n                        <div class=\"list\">\n\t\t\t\t\t\t                            <div class=\"box\">\n                                <a automation-id=\"onboarding_link_preselected_0\" \n                                    href=\"https:\/\/online.migros-versicherungen.ch\/fr\/calculer-prime\/choisir-assurance?insuranceType=householdandliability\" title=\" M\u00e9nage & responsabilit\u00e9 civile \">\n                                    <img decoding=\"async\" src=\"https:\/\/www.migros-versicherungen.ch\/assets\/householdandliability-icon.svg\" width=\"56\" height=\"56\" alt=\" M\u00e9nage & responsabilit\u00e9 civile \" \/>\n                                    <span class=\"insurance-title\"> M\u00e9nage & responsabilit\u00e9 civile <\/span>\n                                    <span class=\"insurance-sub-title\"> Notre offre tout inclus pris\u00e9e <\/span>\n                                    <span class=\"insurance-price\"> \u00e0 partir de CHF 130.20 <\/span>\n                                <\/a>\n                            <\/div>\n\t\t\t\t\t\t\t                            <div class=\"box\">\n                                <a automation-id=\"onboarding_link_preselected_1\" \n                                    href=\"https:\/\/online.migros-versicherungen.ch\/fr\/calculer-prime\/choisir-assurance?insuranceType=householdonly\" title=\"M\u00e9nage\">\n                                    <img decoding=\"async\" src=\"https:\/\/www.migros-versicherungen.ch\/assets\/home-icon.svg\" width=\"56\" height=\"56\" alt=\"M\u00e9nage\" \/>\n                                    <span class=\"insurance-title\">M\u00e9nage<\/span>\n                                    <span class=\"insurance-sub-title\">Assure vos possesions chez vous et ailleurs<\/span>\n                                    <span class=\"insurance-price\"> \u00e0 partir de CHF 69.80 <\/span>\n                                <\/a>\n                            <\/div>\n\t\t\t\t\t\t\t                            <div class=\"box\">\n                                <a automation-id=\"onboarding_link_preselected_2\" \n                                    href=\"https:\/\/online.migros-versicherungen.ch\/fr\/calculer-prime\/choisir-assurance?insuranceType=liabilityonly\" title=\" Responsabilit\u00e9 civile \">\n                                    <img decoding=\"async\" src=\"https:\/\/www.migros-versicherungen.ch\/assets\/shield-icon.svg\" width=\"56\" height=\"56\" alt=\" Responsabilit\u00e9 civile \" \/>\n                                    <span class=\"insurance-title\"> Responsabilit\u00e9 civile <\/span>\n                                    <span class=\"insurance-sub-title\"> Votre ange gardien si vous \u00eates responsable <\/span>\n                                    <span class=\"insurance-price\"> \u00e0 partir de CHF 60.40 <\/span>\n                                <\/a>\n                            <\/div>\n\t\t\t\t\t\t\t                        <\/div>\n                    <\/div>\n\t\t\t\t\t\t\t\t<\/div>\n\t\t\t\t\t\t<\/div>\n        <\/div>\n    <\/section>\n\n\t\t\t\t\t<\/div>\n\t\t\t\t<\/div>\n\t\t\t\t\t<\/div>\n\t\t<\/div>\n\t\t\t\t\t<\/div>\n\t\t<\/section>\n\t\t\t\t<section class=\"elementor-section elementor-top-section elementor-element elementor-element-31ce6bb elementor-section-boxed elementor-section-height-default elementor-section-height-default\" data-id=\"31ce6bb\" data-element_type=\"section\" data-e-type=\"section\">\n\t\t\t\t\t\t<div class=\"elementor-container elementor-column-gap-default\">\n\t\t\t\t\t<div class=\"elementor-column elementor-col-100 elementor-top-column elementor-element elementor-element-c2058a6\" data-id=\"c2058a6\" data-element_type=\"column\" data-e-type=\"column\">\n\t\t\t<div class=\"elementor-widget-wrap elementor-element-populated\">\n\t\t\t\t\t\t<div class=\"elementor-element elementor-element-2dc05f9 elementor-widget elementor-widget-contact-widget\" data-id=\"2dc05f9\" data-element_type=\"widget\" data-e-type=\"widget\" data-widget_type=\"contact-widget.default\">\n\t\t\t\t<div class=\"elementor-widget-container\">\n\t\t\t\t\t\t<section class=\"contact-section\">\n        <div class=\"container\">\n            <div class=\"row\">\n                <div class=\"col-md-12 flex flex-column flex-center\">\n                    <p>Des questions? Contactez-nous au <\/p>\n                    <a href=\"tel:058 561 58 58\">058 561 58 58<\/a>\n                <\/div>\n            <\/div>\n        <\/div>\n    <\/section>\n\n\t\t\t\t\t<\/div>\n\t\t\t\t<\/div>\n\t\t\t\t\t<\/div>\n\t\t<\/div>\n\t\t\t\t\t<\/div>\n\t\t<\/section>\n\t\t\t\t<section class=\"elementor-section elementor-top-section elementor-element elementor-element-1092e32 elementor-section-boxed elementor-section-height-default elementor-section-height-default\" data-id=\"1092e32\" data-element_type=\"section\" data-e-type=\"section\">\n\t\t\t\t\t\t<div class=\"elementor-container elementor-column-gap-default\">\n\t\t\t\t\t<div class=\"elementor-column elementor-col-100 elementor-top-column elementor-element elementor-element-ab0f9b3\" data-id=\"ab0f9b3\" data-element_type=\"column\" data-e-type=\"column\">\n\t\t\t<div class=\"elementor-widget-wrap elementor-element-populated\">\n\t\t\t\t\t\t<div class=\"elementor-element elementor-element-2e76ff1 elementor-widget elementor-widget-whyus-widget\" data-id=\"2e76ff1\" data-element_type=\"widget\" data-e-type=\"widget\" data-widget_type=\"whyus-widget.default\">\n\t\t\t\t<div class=\"elementor-widget-container\">\n\t\t\t\t\t\n\t\t<section class=\"why-us\">\n\t\t\t<div class=\"container\">\n\t\t\t\t<div class=\"row\">\n\t\t\t\t\t<div class=\"col-md-12\">\n\t\t\t\t\t\t<h2 class=\"section-title\"> Pourquoi Migros Assurances? <\/h2>\n\t\t\t\t\t\t<p class=\"section-description\">Une relation de confiance depuis 100 ans<\/p>\n\t\t\t\t\t<\/div>\n\t\t\t\t<\/div>\n\t\t\t\t<div class=\"row\">\n\t\t\t\t\t\t\t\t\t\t\t<div class=\"col-md-3\">\n\t\t\t\t\t\t\t<img decoding=\"async\" src=\"https:\/\/www.migros-versicherungen.ch\/assets\/premium-icon.svg\" alt=\"Protection premium\" \/>\n\t\t\t\t\t\t\t<h3>Protection premium<\/h3>\n\t\t\t\t\t\t\t<p> Une assurance renforc\u00e9e dans votre budget <\/p>\n\t\t\t\t\t\t<\/div>\n\t\t\t\t\t\t\t\t\t\t\t<div class=\"col-md-3\">\n\t\t\t\t\t\t\t<img decoding=\"async\" src=\"https:\/\/www.migros-versicherungen.ch\/assets\/partner-icon.svg\" alt=\"Un partenaire solide\" \/>\n\t\t\t\t\t\t\t<h3>Un partenaire solide<\/h3>\n\t\t\t\t\t\t\t<p> Migros: toujours \u00e0 vos c\u00f4t\u00e9s! <\/p>\n\t\t\t\t\t\t<\/div>\n\t\t\t\t\t\t\t\t\t\t\t<div class=\"col-md-3\">\n\t\t\t\t\t\t\t<img decoding=\"async\" src=\"https:\/\/www.migros-versicherungen.ch\/assets\/clock-icon.svg\" alt=\"Souscription en ligne\" \/>\n\t\t\t\t\t\t\t<h3>Souscription en ligne<\/h3>\n\t\t\t\t\t\t\t<p> La protection parfaite en 5 minutes <\/p>\n\t\t\t\t\t\t<\/div>\n\t\t\t\t\t\t\t\t\t\t\t<div class=\"col-md-3\">\n\t\t\t\t\t\t\t<img decoding=\"async\" src=\"https:\/\/www.migros-versicherungen.ch\/assets\/cards-icon.svg\" alt=\"Points Cumulus\" \/>\n\t\t\t\t\t\t\t<h3>Points Cumulus<\/h3>\n\t\t\t\t\t\t\t<p> Chaque ann\u00e9e et automatiquement <\/p>\n\t\t\t\t\t\t<\/div>\n\t\t\t\t\t\t\t\t\t\t<div class=\"col-md-12\">\n\t\t\t\t\t\t<a automation-id=\"onboarding_link_cta_1\" href=\"https:\/\/online.migros-versicherungen.ch\/fr\/calculer-prime\/choisir-assurance\" class=\"button primary big\">Calculer votre prime<\/a>\n\t\t\t\t\t<\/div>\n\t\t\t\t<\/div>\n\t\t\t<\/div>\n\t\t<\/section>\n\n\t\t\t\t<\/div>\n\t\t\t\t<\/div>\n\t\t\t\t\t<\/div>\n\t\t<\/div>\n\t\t\t\t\t<\/div>\n\t\t<\/section>\n\t\t\t\t<section class=\"elementor-section elementor-top-section elementor-element elementor-element-0875a07 elementor-section-boxed elementor-section-height-default elementor-section-height-default\" data-id=\"0875a07\" data-element_type=\"section\" data-e-type=\"section\">\n\t\t\t\t\t\t<div class=\"elementor-container elementor-column-gap-default\">\n\t\t\t\t\t<div class=\"elementor-column elementor-col-100 elementor-top-column elementor-element elementor-element-2a6c1e6\" data-id=\"2a6c1e6\" data-element_type=\"column\" data-e-type=\"column\">\n\t\t\t<div class=\"elementor-widget-wrap elementor-element-populated\">\n\t\t\t\t\t\t<div class=\"elementor-element elementor-element-5cddbd5 elementor-widget elementor-widget-title-widget\" data-id=\"5cddbd5\" data-element_type=\"widget\" data-e-type=\"widget\" data-widget_type=\"title-widget.default\">\n\t\t\t\t<div class=\"elementor-widget-container\">\n\t\t\t\t\t\t\t<section class=\"section-big-title\">\n\t\t\t<div class=\"container\">\n\t\t\t\t<div class=\"row\">\n\t\t\t\t\t<div class=\"col-md-12\">\n\t\t\t\t\t\t<h2>Une protection fiable au quotidien et chez soi<\/h2>\n\t\t\t\t\t<\/div>\n\t\t\t\t<\/div>\n\t\t\t<\/div>\n\t\t<\/section>\n\t\t\t\t<\/div>\n\t\t\t\t<\/div>\n\t\t\t\t\t<\/div>\n\t\t<\/div>\n\t\t\t\t\t<\/div>\n\t\t<\/section>\n\t\t\t\t<section class=\"elementor-section elementor-top-section elementor-element elementor-element-daf4635 elementor-section-boxed elementor-section-height-default elementor-section-height-default\" data-id=\"daf4635\" data-element_type=\"section\" data-e-type=\"section\">\n\t\t\t\t\t\t<div class=\"elementor-container elementor-column-gap-default\">\n\t\t\t\t\t<div class=\"elementor-column elementor-col-100 elementor-top-column elementor-element elementor-element-10c28c6\" data-id=\"10c28c6\" data-element_type=\"column\" data-e-type=\"column\">\n\t\t\t<div class=\"elementor-widget-wrap elementor-element-populated\">\n\t\t\t\t\t\t<div class=\"elementor-element elementor-element-8b8ac84 elementor-widget elementor-widget-image-with-content-widget\" data-id=\"8b8ac84\" data-element_type=\"widget\" data-e-type=\"widget\" data-widget_type=\"image-with-content-widget.default\">\n\t\t\t\t<div class=\"elementor-widget-container\">\n\t\t\t\t\t\t\t\t\t\t<section class=\"image-with-content\">\n\t\t\t\t<div class=\"container\">\n\t\t\t\t\t<div class=\"row\">\n\t\t\t\t\t\t<div class=\"col-md-6 content-center\">\n\t\t\t\t\t\t\t<h3>Assurance m\u00e9nage<\/h3>\n\t\t\t\t\t\t\t<p>C\u2019est \u00e9videmment chez soi qu\u2019on se sent le mieux et nous veillons \u00e0 ce que ce soit toujours le cas. Avec l\u2019assurance inventaire de m\u00e9nage Migros, tout ce qui vous est cher est assur\u00e9 en cas de dommages dus au feu, \u00e0 l\u2019eau, aux dangers naturels et aux effractions. Bien-\u00eatre inclus! <\/p>\n\t\t\t\t\t\t\t<div class=\"buttons\">\n\t\t\t\t\t\t\t\t<a automation-id=\"onboarding_link_cta_3\" href=\"https:\/\/online.migros-versicherungen.ch\/fr\/calculer-prime\/choisir-assurance\" class=\"button primary big\">Calculer votre prime<\/a>\n\t\t\t\t\t\t\t\t<a automation-id=\"landing_link_1\" href=\"\/assurance-menage\" class=\"button primary big white\">En savoir plus<\/a>\n\t\t\t\t\t\t\t<\/div>\n\t\t\t\t\t\t<\/div>\n\t\t\t\t\t\t<div class=\"col-md-6 right\">\n\t\t\t\t\t\t\t<img decoding=\"async\" src=\"https:\/\/www.migros-versicherungen.ch\/assets\/mann-migros-versicherung.svg\" alt=\"Assurance m\u00e9nage\" \/>\n\t\t\t\t\t\t<\/div>\n\t\t\t\t\t<\/div>\n\t\t\t\t<\/div>\n\t\t\t<\/section>\n\t\t\t\t\t\t<\/div>\n\t\t\t\t<\/div>\n\t\t\t\t<div class=\"elementor-element elementor-element-cbedcb8 elementor-widget elementor-widget-image-with-content-widget\" data-id=\"cbedcb8\" data-element_type=\"widget\" data-e-type=\"widget\" data-widget_type=\"image-with-content-widget.default\">\n\t\t\t\t<div class=\"elementor-widget-container\">\n\t\t\t\t\t\t\t\t\t\t<section class=\"image-with-content\">\n\t\t\t\t<div class=\"container\">\n\t\t\t\t\t<div class=\"row\">\n\t\t\t\t\t\t<div class=\"col-md-6\">\n\t\t\t\t\t\t\t<img decoding=\"async\" src=\"https:\/\/www.migros-versicherungen.ch\/assets\/frau-migros-versicherungen.svg\" alt=\"Assurance responsabilit\u00e9 civile priv\u00e9e\" \/>\n\t\t\t\t\t\t<\/div>\n\t\t\t\t\t\t<div class=\"col-md-6 content-center\">\n\t\t\t\t\t\t\t<h3>Assurance responsabilit\u00e9 civile priv\u00e9e<\/h3>\n\t\t\t\t\t\t\t<p>La vie est pleine de belles surprises. Malheureusement, nous ne sommes pas non plus \u00e0 l\u2019abri de m\u00e9saventures vis-\u00e0-vis de tiers ou de nos propres biens. Et \u00e7a peut co\u00fbter cher! Gr\u00e2ce aux prestations compl\u00e8tes de l\u2019assurance responsabilit\u00e9 civile priv\u00e9e Migros, m\u00eame les personnes les plus malchanceuses n\u2019ont plus de soucis \u00e0 se faire.<\/p>\n\t\t\t\t\t\t\t<div class=\"buttons\">\n\t\t\t\t\t\t\t\t<a automation-id=\"onboarding_link_cta_2\" href=\"https:\/\/online.migros-versicherungen.ch\/fr\/calculer-prime\/choisir-assurance\" class=\"button primary big\">Calculer votre prime<\/a>\n\t\t\t\t\t\t\t\t<a automation-id=\"landing_link_0\" href=\"\/assurance-responsabilite-civile-privee\" class=\"button primary big white\">En savoir plus<\/a>\n\t\t\t\t\t\t\t<\/div>\n\t\t\t\t\t\t<\/div>\n\t\t\t\t\t<\/div>\n\t\t\t\t<\/div>\n\t\t\t<\/section>\n\t\t\t\t\t\t<\/div>\n\t\t\t\t<\/div>\n\t\t\t\t\t<\/div>\n\t\t<\/div>\n\t\t\t\t\t<\/div>\n\t\t<\/section>\n\t\t\t\t<section class=\"elementor-section elementor-top-section elementor-element elementor-element-5994eba elementor-section-boxed elementor-section-height-default elementor-section-height-default\" data-id=\"5994eba\" data-element_type=\"section\" data-e-type=\"section\">\n\t\t\t\t\t\t<div class=\"elementor-container elementor-column-gap-default\">\n\t\t\t\t\t<div class=\"elementor-column elementor-col-100 elementor-top-column elementor-element elementor-element-5bca1eb\" data-id=\"5bca1eb\" data-element_type=\"column\" data-e-type=\"column\">\n\t\t\t<div class=\"elementor-widget-wrap elementor-element-populated\">\n\t\t\t\t\t\t<div class=\"elementor-element elementor-element-b340527 elementor-widget elementor-widget-testimonials-widget\" data-id=\"b340527\" data-element_type=\"widget\" data-e-type=\"widget\" data-widget_type=\"testimonials-widget.default\">\n\t\t\t\t<div class=\"elementor-widget-container\">\n\t\t\t\t\t\t\t<section class=\"testimonials\">\n\t\t\t<div class=\"container\">\n\t\t\t\t<div class=\"row\">\n\t\t\t\t\t<div class=\"col-md-12\">\n\t\t\t\t\t\t<h2 class=\"section-title\">Ce que disent les clients de Migros Assurances<\/h2>\n\t\t\t\t\t\t<div class=\"testimonials-carousel owl-carousel\">\n\t\t\t\t\t\t\t\t\t\t\t\t\t\t\t<div class=\"item\">\n\t\t\t\t\t\t\t\t\t<p>Kann ich nur weiterempfehlen. Der Abschlussprozess ist sehr einfach, alles digital und der einzige Anbieter auf dem Markt, bei dem ich Cumulus-Punkte auf die Pr\u00e4mie erhalte. Danke Migros! \ud83d\ude42<\/p>\n\t\t\t\t\t\t\t\t\t<div class=\"author\">\n\t\t\t\t\t\t\t\t\t\t<img decoding=\"async\" src=\"https:\/\/www.migros-versicherungen.ch\/assets\/avatar1.png\" alt=\"Kann ich nur weiterempfehlen. Der Abschlussprozess ist sehr einfach, alles digital und der einzige Anbieter auf dem Markt, bei dem ich Cumulus-Punkte auf die Pr\u00e4mie erhalte. Danke Migros! :)\" \/>\n\t\t\t\t\t\t\t\t\t\tSabrina\t\t\t\t\t\t\t\t\t<\/div>\n\t\t\t\t\t\t\t\t<\/div>\n\t\t\t\t\t\t\t\t\t\t\t\t\t\t\t<div class=\"item\">\n\t\t\t\t\t\t\t\t\t<p>Faire Preise und gute Versicherungsdeckung. Auf der \u00fcbersichtlichen Website sind nur wenige Klicks notwendig bis zum Abschluss oder Offerte. Besonders positiv aufgefallen: 10mio Versicherungssumme bei der Haftpflichtversicherung und die verst\u00e4ndlichen Versicherungsbedingungen<\/p>\n\t\t\t\t\t\t\t\t\t<div class=\"author\">\n\t\t\t\t\t\t\t\t\t\t<img decoding=\"async\" src=\"https:\/\/www.migros-versicherungen.ch\/assets\/avatar2.png\" alt=\"Faire Preise und gute Versicherungsdeckung. Auf der \u00fcbersichtlichen Website sind nur wenige Klicks notwendig bis zum Abschluss oder Offerte. Besonders positiv aufgefallen: 10mio Versicherungssumme bei der Haftpflichtversicherung und die verst\u00e4ndlichen Versicherungsbedingungen\" \/>\n\t\t\t\t\t\t\t\t\t\tGabriela\t\t\t\t\t\t\t\t\t<\/div>\n\t\t\t\t\t\t\t\t<\/div>\n\t\t\t\t\t\t\t\t\t\t\t\t\t\t\t<div class=\"item\">\n\t\t\t\t\t\t\t\t\t<p>Sehr \u00fcbersichtliche Website, kurz und b\u00fcndig aber alles da, was ich wissen muss. Die Abwicklung scheint schnell und einfach und auf den ersten Blick auch ein gutes Preis \/ Leistungs Verh\u00e4ltnis<\/p>\n\t\t\t\t\t\t\t\t\t<div class=\"author\">\n\t\t\t\t\t\t\t\t\t\t<img decoding=\"async\" src=\"https:\/\/www.migros-versicherungen.ch\/assets\/avatar3.png\" alt=\"Sehr \u00fcbersichtliche Website, kurz und b\u00fcndig aber alles da, was ich wissen muss. Die Abwicklung scheint schnell und einfach und auf den ersten Blick auch ein gutes Preis \/ Leistungs Verh\u00e4ltnis\" \/>\n\t\t\t\t\t\t\t\t\t\tDaniel\t\t\t\t\t\t\t\t\t<\/div>\n\t\t\t\t\t\t\t\t<\/div>\n\t\t\t\t\t\t\t\t\t\t\t\t\t<\/div>\n\t\t\t\t\t<\/div>\n\t\t\t\t<\/div>\n\t\t\t<\/div>\n\t\t<\/section>\n\n\n\t\t\t\t<\/div>\n\t\t\t\t<\/div>\n\t\t\t\t\t<\/div>\n\t\t<\/div>\n\t\t\t\t\t<\/div>\n\t\t<\/section>\n\t\t\t\t<\/div>\n\t\t","protected":false},"excerpt":{"rendered":"<p>L&rsquo;assurance juste \u00e0 un prix Migros. La complexit\u00e9 c\u2019est du pass\u00e9: chez Migros, l\u2019assurance c\u2019est vraiment simple, juste et bon march\u00e9. Une assurance en seulement 5 minutes, \u00e7a laisse plus de temps pour la vraie vie. Calculer votre prime Quelle assurance voulez-vous? M\u00e9nage &#038; responsabilit\u00e9 civile Notre offre tout inclus pris\u00e9e \u00e0 partir de CHF [&hellip;]<\/p>\n","protected":false},"author":10,"featured_media":0,"parent":0,"menu_order":45,"comment_status":"closed","ping_status":"closed","template":"page-templates\/no-elementor.php","meta":{"_acf_changed":false,"footnotes":""},"class_list":["post-1538","page","type-page","status-publish","hentry"],"acf":[],"_links":{"self":[{"href":"https:\/\/www.migros-versicherungen.ch\/fr\/wp-json\/wp\/v2\/pages\/1538","targetHints":{"allow":["GET"]}}],"collection":[{"href":"https:\/\/www.migros-versicherungen.ch\/fr\/wp-json\/wp\/v2\/pages"}],"about":[{"href":"https:\/\/www.migros-versicherungen.ch\/fr\/wp-json\/wp\/v2\/types\/page"}],"author":[{"embeddable":true,"href":"https:\/\/www.migros-versicherungen.ch\/fr\/wp-json\/wp\/v2\/users\/10"}],"replies":[{"embeddable":true,"href":"https:\/\/www.migros-versicherungen.ch\/fr\/wp-json\/wp\/v2\/comments?post=1538"}],"version-history":[{"count":0,"href":"https:\/\/www.migros-versicherungen.ch\/fr\/wp-json\/wp\/v2\/pages\/1538\/revisions"}],"wp:attachment":[{"href":"https:\/\/www.migros-versicherungen.ch\/fr\/wp-json\/wp\/v2\/media?parent=1538"}],"curies":[{"name":"wp","href":"https:\/\/api.w.org\/{rel}","templated":true}]}}