{"id":580,"date":"2022-04-14T10:35:29","date_gmt":"2022-04-14T08:35:29","guid":{"rendered":"https:\/\/migros.local\/?page_id=580"},"modified":"2022-10-25T15:26:48","modified_gmt":"2022-10-25T13:26:48","slug":"gewinnspiel-fruehlingsputz","status":"publish","type":"page","link":"https:\/\/www.migros-versicherungen.ch\/de\/gewinnspiel-fruehlingsputz\/","title":{"rendered":"99-Gewinnspiel Fr\u00fchlingsputz"},"content":{"rendered":"\t\t<div data-elementor-type=\"wp-page\" data-elementor-id=\"580\" class=\"elementor elementor-580 elementor-722\">\n\t\t\t\t\t\t<section class=\"elementor-section elementor-top-section elementor-element elementor-element-2f86df1 elementor-section-boxed elementor-section-height-default elementor-section-height-default\" data-id=\"2f86df1\" data-element_type=\"section\" data-e-type=\"section\">\n\t\t\t\t\t\t<div class=\"elementor-container elementor-column-gap-default\">\n\t\t\t\t\t<div class=\"elementor-column elementor-col-100 elementor-top-column elementor-element elementor-element-066b08b\" data-id=\"066b08b\" data-element_type=\"column\" data-e-type=\"column\">\n\t\t\t<div class=\"elementor-widget-wrap elementor-element-populated\">\n\t\t\t\t\t\t<div class=\"elementor-element elementor-element-25b2dc8 elementor-widget elementor-widget-heading\" data-id=\"25b2dc8\" data-element_type=\"widget\" data-e-type=\"widget\" data-widget_type=\"heading.default\">\n\t\t\t\t<div class=\"elementor-widget-container\">\n\t\t\t\t\t<h2 class=\"elementor-heading-title elementor-size-default\">Dieser Wettbewerb ist bereits abgeschlossen und der\/die Gewinner*in wurde per E-Mail informiert.<\/h2>\t\t\t\t<\/div>\n\t\t\t\t<\/div>\n\t\t\t\t\t<\/div>\n\t\t<\/div>\n\t\t\t\t\t<\/div>\n\t\t<\/section>\n\t\t\t\t<section class=\"elementor-section elementor-top-section elementor-element elementor-element-6c033f3 elementor-section-full_width elementor-section-height-default elementor-section-height-default\" data-id=\"6c033f3\" data-element_type=\"section\" data-e-type=\"section\" data-settings=\"{&quot;animation&quot;:&quot;none&quot;}\">\n\t\t\t\t\t\t<div class=\"elementor-container elementor-column-gap-default\">\n\t\t\t\t\t<div class=\"elementor-column elementor-col-50 elementor-top-column elementor-element elementor-element-8f475f2\" data-id=\"8f475f2\" data-element_type=\"column\" data-e-type=\"column\" data-settings=\"{&quot;animation&quot;:&quot;none&quot;}\">\n\t\t\t<div class=\"elementor-widget-wrap elementor-element-populated\">\n\t\t\t\t\t\t<div class=\"elementor-element elementor-element-ff784a2 heading-1 elementor-widget elementor-widget-heading\" data-id=\"ff784a2\" data-element_type=\"widget\" data-e-type=\"widget\" data-widget_type=\"heading.default\">\n\t\t\t\t<div class=\"elementor-widget-container\">\n\t\t\t\t\t<h1 class=\"elementor-heading-title elementor-size-default\">Gewinnen Sie einen <br>Fr\u00fchlingsputz vom Profi! <\/h1>\t\t\t\t<\/div>\n\t\t\t\t<\/div>\n\t\t\t\t<div class=\"elementor-element elementor-element-2529b23 heading-2 elementor-widget elementor-widget-heading\" data-id=\"2529b23\" data-element_type=\"widget\" data-e-type=\"widget\" data-widget_type=\"heading.default\">\n\t\t\t\t<div class=\"elementor-widget-container\">\n\t\t\t\t\t<h2 class=\"elementor-heading-title elementor-size-default\">Hier wird nichts unter den Teppich gekehrt!<\/h2>\t\t\t\t<\/div>\n\t\t\t\t<\/div>\n\t\t\t\t<div class=\"elementor-element elementor-element-e2dc5b5 unset-justify elementor-widget elementor-widget-text-editor\" data-id=\"e2dc5b5\" data-element_type=\"widget\" data-e-type=\"widget\" data-widget_type=\"text-editor.default\">\n\t\t\t\t<div class=\"elementor-widget-container\">\n\t\t\t\t\t\t\t\t\t<p>Wenn die Sonne durch die dreckigen Scheiben scheint und der Bl\u00fctenstaub zur Plage wird, dann wird es h\u00f6chste Zeit f\u00fcr einen gr\u00fcndlichen Fr\u00fchlingsputz!<\/p><p>F\u00fcr alle die das herrliche Gef\u00fchl einer frisch herausgeputzten Wohnung lieben, selber aber partout keine Zeit oder Lust zum Putzen haben, gibt es jetzt eine ganz einfache, saubere Gelegenheit:<\/p><p><b>Wir verlosen 5x eine professionelle Wohnungsreinigung von <a href=\"https:\/\/batmaid.ch\/de\/\">Batmaid<\/a> im Wert von je CHF 200.\u00a0\u00a0<\/b><\/p><p>Einfach entspannt zur\u00fccklehnen, am Wettbewerb teilnehmen und die Daumen dr\u00fccken. Mit ein wenig Gl\u00fcck strahlt ihre Wohnung wieder bald wie von allein.<\/p><p><span style=\"color: var( --e-global-color-text );\"><b>Wir w\u00fcnschen viel Gl\u00fcck!<\/b><\/span><\/p>\t\t\t\t\t\t\t\t<\/div>\n\t\t\t\t<\/div>\n\t\t\t\t\t<\/div>\n\t\t<\/div>\n\t\t\t\t<div class=\"elementor-column elementor-col-50 elementor-top-column elementor-element elementor-element-69b37d1\" data-id=\"69b37d1\" data-element_type=\"column\" data-e-type=\"column\">\n\t\t\t<div class=\"elementor-widget-wrap elementor-element-populated\">\n\t\t\t\t\t\t<div class=\"elementor-element elementor-element-4cde046 elementor-widget elementor-widget-image\" data-id=\"4cde046\" data-element_type=\"widget\" data-e-type=\"widget\" data-widget_type=\"image.default\">\n\t\t\t\t<div class=\"elementor-widget-container\">\n\t\t\t\t\t\t\t\t\t\t\t\t\t\t\t<img decoding=\"async\" src=\"https:\/\/www.migros-versicherungen.ch\/assets\/elementor\/thumbs\/Migros-Versicherungen-Wettbewerb-Fruehlingsputz-rg8tzwvprezn67qznqxoi683rrx59j6nlc245uen3k.jpg\" title=\"Migros Versicherungen Wettbewerb Fr\u00fchlingsputz\" alt=\"Frau in unaufger\u00e4umter Wohnung mit Staubsauger in der Hand\" loading=\"lazy\" \/>\t\t\t\t\t\t\t\t\t\t\t\t\t\t\t<\/div>\n\t\t\t\t<\/div>\n\t\t\t\t\t<\/div>\n\t\t<\/div>\n\t\t\t\t\t<\/div>\n\t\t<\/section>\n\t\t\t\t<section class=\"elementor-section elementor-top-section elementor-element elementor-element-c1ea532 elementor-section-boxed elementor-section-height-default elementor-section-height-default\" data-id=\"c1ea532\" data-element_type=\"section\" data-e-type=\"section\">\n\t\t\t\t\t\t<div class=\"elementor-container elementor-column-gap-default\">\n\t\t\t\t\t<div class=\"elementor-column elementor-col-100 elementor-top-column elementor-element elementor-element-590558e\" data-id=\"590558e\" data-element_type=\"column\" data-e-type=\"column\">\n\t\t\t<div class=\"elementor-widget-wrap elementor-element-populated\">\n\t\t\t\t\t\t<div class=\"elementor-element elementor-element-00dae27 elementor-widget elementor-widget-spacer\" data-id=\"00dae27\" data-element_type=\"widget\" data-e-type=\"widget\" data-widget_type=\"spacer.default\">\n\t\t\t\t<div class=\"elementor-widget-container\">\n\t\t\t\t\t\t\t<div class=\"elementor-spacer\">\n\t\t\t<div class=\"elementor-spacer-inner\"><\/div>\n\t\t<\/div>\n\t\t\t\t\t\t<\/div>\n\t\t\t\t<\/div>\n\t\t\t\t<div class=\"elementor-element elementor-element-7c052bc elementor-widget__width-initial elementor-widget elementor-widget-heading\" data-id=\"7c052bc\" data-element_type=\"widget\" data-e-type=\"widget\" data-widget_type=\"heading.default\">\n\t\t\t\t<div class=\"elementor-widget-container\">\n\t\t\t\t\t<h3 class=\"elementor-heading-title elementor-size-default\">Fr\u00fchlingsputz? Lassen Sie die Profis von Batmaid ran!<\/h3>\t\t\t\t<\/div>\n\t\t\t\t<\/div>\n\t\t\t\t\t<\/div>\n\t\t<\/div>\n\t\t\t\t\t<\/div>\n\t\t<\/section>\n\t\t\t\t<section class=\"elementor-section elementor-top-section elementor-element elementor-element-d20c263 elementor-section-boxed elementor-section-height-default elementor-section-height-default\" data-id=\"d20c263\" data-element_type=\"section\" data-e-type=\"section\">\n\t\t\t\t\t\t<div class=\"elementor-container elementor-column-gap-default\">\n\t\t\t\t\t<div class=\"elementor-column elementor-col-100 elementor-top-column elementor-element elementor-element-206cbcd\" data-id=\"206cbcd\" data-element_type=\"column\" data-e-type=\"column\">\n\t\t\t<div class=\"elementor-widget-wrap elementor-element-populated\">\n\t\t\t\t\t\t<div class=\"elementor-element elementor-element-ba66d9f elementor-widget elementor-widget-image\" data-id=\"ba66d9f\" data-element_type=\"widget\" data-e-type=\"widget\" data-widget_type=\"image.default\">\n\t\t\t\t<div class=\"elementor-widget-container\">\n\t\t\t\t\t\t\t\t\t\t\t\t\t\t\t<img fetchpriority=\"high\" decoding=\"async\" width=\"768\" height=\"576\" src=\"https:\/\/www.migros-versicherungen.ch\/assets\/MigrosVersicherungen_Wettbewerb_Fruehlingsputz-768x576.jpg\" class=\"attachment-medium_large size-medium_large wp-image-700\" alt=\"Reinigungskr\u00e4fte von Batmaid\" srcset=\"https:\/\/www.migros-versicherungen.ch\/assets\/MigrosVersicherungen_Wettbewerb_Fruehlingsputz-768x576.jpg 768w, https:\/\/www.migros-versicherungen.ch\/assets\/MigrosVersicherungen_Wettbewerb_Fruehlingsputz-300x225.jpg 300w, https:\/\/www.migros-versicherungen.ch\/assets\/MigrosVersicherungen_Wettbewerb_Fruehlingsputz.jpg 800w\" sizes=\"(max-width: 768px) 100vw, 768px\" \/>\t\t\t\t\t\t\t\t\t\t\t\t\t\t\t<\/div>\n\t\t\t\t<\/div>\n\t\t\t\t<div class=\"elementor-element elementor-element-738fe17 elementor-widget elementor-widget-shortcode\" data-id=\"738fe17\" data-element_type=\"widget\" data-e-type=\"widget\" data-widget_type=\"shortcode.default\">\n\t\t\t\t<div class=\"elementor-widget-container\">\n\t\t\t\t\t\t\t<div class=\"elementor-shortcode\">\n<div class=\"wpcf7 no-js\" id=\"wpcf7-f609-o1\" lang=\"de-DE\" dir=\"ltr\" data-wpcf7-id=\"609\">\n<div class=\"screen-reader-response\"><p role=\"status\" aria-live=\"polite\" aria-atomic=\"true\"><\/p> <ul><\/ul><\/div>\n<form action=\"\/de\/wp-json\/wp\/v2\/pages\/580#wpcf7-f609-o1\" method=\"post\" class=\"wpcf7-form init\" aria-label=\"Kontaktformular\" novalidate=\"novalidate\" data-status=\"init\">\n<fieldset class=\"hidden-fields-container\"><input type=\"hidden\" name=\"_wpcf7\" value=\"609\" \/><input type=\"hidden\" name=\"_wpcf7_version\" value=\"6.1.5\" \/><input type=\"hidden\" name=\"_wpcf7_locale\" value=\"de_DE\" \/><input type=\"hidden\" name=\"_wpcf7_unit_tag\" value=\"wpcf7-f609-o1\" \/><input type=\"hidden\" name=\"_wpcf7_container_post\" value=\"0\" \/><input type=\"hidden\" name=\"_wpcf7_posted_data_hash\" value=\"\" \/><input type=\"hidden\" name=\"_wpcf7_recaptcha_response\" value=\"\" \/>\n<\/fieldset>\n<h4>Jetzt mitmachen und Fr\u00fchlingsputz gewinnen<\/h4>\n\n<label>Anrede*<\/label>\n<span class=\"wpcf7-form-control-wrap\" data-name=\"radio-604\"><span class=\"wpcf7-form-control wpcf7-radio\"><span class=\"wpcf7-list-item first\"><label><input type=\"radio\" name=\"radio-604\" value=\"Frau\" checked=\"checked\" \/><span class=\"wpcf7-list-item-label\">Frau<\/span><\/label><\/span><span class=\"wpcf7-list-item\"><label><input type=\"radio\" name=\"radio-604\" value=\"Herr\" \/><span class=\"wpcf7-list-item-label\">Herr<\/span><\/label><\/span><span class=\"wpcf7-list-item last\"><label><input type=\"radio\" name=\"radio-604\" value=\"Divers\" \/><span class=\"wpcf7-list-item-label\">Divers<\/span><\/label><\/span><\/span><\/span>\n\n<label>Vorname*<\/label>\n<span class=\"wpcf7-form-control-wrap\" data-name=\"your-name\"><input size=\"40\" maxlength=\"400\" class=\"wpcf7-form-control wpcf7-text wpcf7-validates-as-required\" aria-required=\"true\" aria-invalid=\"false\" placeholder=\"Vorname\" value=\"\" type=\"text\" name=\"your-name\" \/><\/span> \n\n<label>Nachname*<\/label>\n<span class=\"wpcf7-form-control-wrap\" data-name=\"surname\"><input size=\"40\" maxlength=\"400\" class=\"wpcf7-form-control wpcf7-text wpcf7-validates-as-required\" aria-required=\"true\" aria-invalid=\"false\" placeholder=\"Nachname\" value=\"\" type=\"text\" name=\"surname\" \/><\/span> \n\n<label>E-Mail*<\/label>\n<span class=\"wpcf7-form-control-wrap\" data-name=\"your-email\"><input size=\"40\" maxlength=\"400\" class=\"wpcf7-form-control wpcf7-email wpcf7-validates-as-required wpcf7-text wpcf7-validates-as-email\" aria-required=\"true\" aria-invalid=\"false\" placeholder=\"E-Mail\" value=\"\" type=\"email\" name=\"your-email\" \/><\/span> \n\n<label>Strasse*<\/label>\n<span class=\"wpcf7-form-control-wrap\" data-name=\"street\"><input size=\"40\" maxlength=\"400\" class=\"wpcf7-form-control wpcf7-text wpcf7-validates-as-required\" aria-required=\"true\" aria-invalid=\"false\" placeholder=\"Strasse\" value=\"\" type=\"text\" name=\"street\" \/><\/span> \n\n<label>PLZ*<\/label>\n<span class=\"wpcf7-form-control-wrap\" data-name=\"plz\"><input class=\"wpcf7-form-control wpcf7-number wpcf7-validates-as-required wpcf7-validates-as-number\" min=\"1000\" max=\"9683\" aria-required=\"true\" aria-invalid=\"false\" placeholder=\"PLZ\" value=\"\" type=\"number\" name=\"plz\" \/><\/span>\n\n<label>Ort*<\/label>\n<span class=\"wpcf7-form-control-wrap\" data-name=\"ort\"><input size=\"40\" maxlength=\"400\" class=\"wpcf7-form-control wpcf7-text wpcf7-validates-as-required\" aria-required=\"true\" aria-invalid=\"false\" placeholder=\"Ort\" value=\"\" type=\"text\" name=\"ort\" \/><\/span>\n\n\n<p class=\"text-justify\" style=\"font-size:14px;\">Teilnahmeschluss ist der 12.06.2022. Verlost werden 5x CHF 200.- Gutscheine f\u00fcr Batmaid. Der Gutschein ist nicht kumulierbar und nur einl\u00f6sbar unter batmaid.ch. G\u00fcltig in der Schweiz und je nach regionaler Verf\u00fcgbarkeit f\u00fcr die auf batmaid.ch gebuchte Haus- und Endreinigung. Der Promotionscode ist bis zum 31.12.22 g\u00fcltig. Barauszahlung und Umtausch nicht m\u00f6glich. Der Rechtsweg ist ausgeschlossen. \u00dcber die Verlosung wird keine Korrespondenz gef\u00fchrt. Pro Person ist nur eine Teilnahme zul\u00e4ssig. Der oder die Gewinner*in wird per Zufallslos gezogen und anschliessend per E-Mail benachrichtigt. Erfolgt innerhalb von 7 Tagen seitens des bzw. der Gewinner*in keine Reaktion, verf\u00e4llt der Gewinnanspruch und der Gutschein wird neu ausgelost. Teilnahmeberechtigt sind alle vollj\u00e4hrigen Personen mit Wohnsitz in der Schweiz. Durch Absenden des Wettbewerbformulars erkl\u00e4ren sich die Teilnehmenden einverstanden, dass ihre Daten zur Abwicklung des Gewinnspiels sowie zu Werbezwecken und zur Kontaktaufnahme durch die Migros Versicherungen verwendet werden d\u00fcrfen. Diese Einverst\u00e4ndniserkl\u00e4rung kann jederzeit und ohne Angaben von Gr\u00fcnden widerrufen werden. Weitere Informationen zum Datenschutz der Migros Versicherungen erhalten Sie unter <a class=\"text-link\" href=\"https:\/\/www.migros.ch\/de\/datenschutz.html\" target=\"_blank\">dem folgenden Link.<\/a><\/p>\n<span class=\"wpcf7-form-control-wrap\" data-name=\"checkbox-588\"><span class=\"wpcf7-form-control wpcf7-checkbox wpcf7-validates-as-required\"><span class=\"wpcf7-list-item first last\"><label><input type=\"checkbox\" name=\"checkbox-588[]\" value=\"Ich bin mit den Teilnahmebedingungen einverstanden.*\" \/><span class=\"wpcf7-list-item-label\">Ich bin mit den Teilnahmebedingungen einverstanden.*<\/span><\/label><\/span><\/span><\/span>\n<p><\/br><\/p>\n<p class=\"form-submit-button\">\n  <input class=\"wpcf7-form-control wpcf7-submit has-spinner\" type=\"submit\" value=\"Am Wettbewerb teilnehmen\" \/>\n<\/p><div class=\"wpcf7-response-output\" aria-hidden=\"true\"><\/div>\n<\/form>\n<\/div>\n<\/div>\n\t\t\t\t\t\t<\/div>\n\t\t\t\t<\/div>\n\t\t\t\t\t<\/div>\n\t\t<\/div>\n\t\t\t\t\t<\/div>\n\t\t<\/section>\n\t\t\t\t<\/div>\n\t\t","protected":false},"excerpt":{"rendered":"<p>Dieser Wettbewerb ist bereits abgeschlossen und der\/die Gewinner*in wurde per E-Mail informiert. Gewinnen Sie einen Fr\u00fchlingsputz vom Profi! Hier wird nichts unter den Teppich gekehrt! Wenn die Sonne durch die dreckigen Scheiben scheint und der Bl\u00fctenstaub zur Plage wird, dann wird es h\u00f6chste Zeit f\u00fcr einen gr\u00fcndlichen Fr\u00fchlingsputz! F\u00fcr alle die das herrliche Gef\u00fchl einer [&hellip;]<\/p>\n","protected":false},"author":6,"featured_media":0,"parent":0,"menu_order":9,"comment_status":"closed","ping_status":"closed","template":"","meta":{"_acf_changed":false,"footnotes":""},"class_list":["post-580","page","type-page","status-publish","hentry"],"acf":[],"_links":{"self":[{"href":"https:\/\/www.migros-versicherungen.ch\/de\/wp-json\/wp\/v2\/pages\/580","targetHints":{"allow":["GET"]}}],"collection":[{"href":"https:\/\/www.migros-versicherungen.ch\/de\/wp-json\/wp\/v2\/pages"}],"about":[{"href":"https:\/\/www.migros-versicherungen.ch\/de\/wp-json\/wp\/v2\/types\/page"}],"author":[{"embeddable":true,"href":"https:\/\/www.migros-versicherungen.ch\/de\/wp-json\/wp\/v2\/users\/6"}],"replies":[{"embeddable":true,"href":"https:\/\/www.migros-versicherungen.ch\/de\/wp-json\/wp\/v2\/comments?post=580"}],"version-history":[{"count":0,"href":"https:\/\/www.migros-versicherungen.ch\/de\/wp-json\/wp\/v2\/pages\/580\/revisions"}],"wp:attachment":[{"href":"https:\/\/www.migros-versicherungen.ch\/de\/wp-json\/wp\/v2\/media?parent=580"}],"curies":[{"name":"wp","href":"https:\/\/api.w.org\/{rel}","templated":true}]}}