{"id":2013,"date":"2024-10-17T18:58:28","date_gmt":"2024-10-17T16:58:28","guid":{"rendered":"https:\/\/migrosproddev.wpenginepowered.com\/?page_id=2013"},"modified":"2025-09-01T10:43:58","modified_gmt":"2025-09-01T08:43:58","slug":"hypothekenschutz","status":"publish","type":"page","link":"https:\/\/www.migros-versicherungen.ch\/de\/hypothekenschutz\/","title":{"rendered":"Hypothekenschutz"},"content":{"rendered":"\t\t<div data-elementor-type=\"wp-page\" data-elementor-id=\"2013\" class=\"elementor elementor-2013\">\n\t\t\t\t\t\t<section class=\"elementor-section elementor-top-section elementor-element elementor-element-b9c0b8a elementor-section-boxed elementor-section-height-default elementor-section-height-default\" data-id=\"b9c0b8a\" data-element_type=\"section\" data-e-type=\"section\">\n\t\t\t\t\t\t<div class=\"elementor-container elementor-column-gap-default\">\n\t\t\t\t\t<div class=\"elementor-column elementor-col-100 elementor-top-column elementor-element elementor-element-35e16ef\" data-id=\"35e16ef\" data-element_type=\"column\" data-e-type=\"column\">\n\t\t\t<div class=\"elementor-widget-wrap elementor-element-populated\">\n\t\t\t\t\t\t<div class=\"elementor-element elementor-element-37e956a elementor-widget elementor-widget-haushaltheadline-widget\" data-id=\"37e956a\" data-element_type=\"widget\" data-e-type=\"widget\" data-widget_type=\"haushaltheadline-widget.default\">\n\t\t\t\t<div class=\"elementor-widget-container\">\n\t\t\t\t\t\t\t<section class=\"headline\">\n\t\t\t<div class=\"container\">\n\t\t\t\t<div class=\"row flex flex-row flex-center\">\n\t\t\t\t\t<div class=\"col-md-12 col-lg-6\">\n\t\t\t\t\t\t<h1 class=\"headline-title\">Migros<br>Hypothekenschutz<\/h1>\n\t\t\t\t\t\t<h2 class=\"headline-sub-title\">Weil Ihre Liebsten Ihnen am Herzen liegen. <\/h2>\n\t\t\t\t\t\t<p>Der Erwerb von Wohneigentum ist f\u00fcr viele Menschen die bedeutendste und sch\u00f6nste Investition ihres Lebens. Unerwartete Risiken k\u00f6nnen jedoch schnell die Finanzierung gef\u00e4hrden. Sch\u00fctzen Sie sich und Ihre Liebsten und sichern Sie Ihre Zukunft ab. <\/p>\n\t\t\t\t\t\t<a href=\"https:\/\/www.migrosbank.ch\/de\/privatpersonen\/hypotheken\/absicherung-eigenheimbesitzer.html\" class=\"button primary big\">Beratung bei Migros Bank vereinbaren<\/a>\n\t\t\t\t\t<\/div>\n\t\t\t\t\t<div class=\"col-md-12 col-lg-6 img-right hausratversicherung\">\n\t\t\t\t\t\t<img decoding=\"async\" src=\"https:\/\/www.migros-versicherungen.ch\/assets\/Hypothekenschutz-quadratisch-scaled.jpg\" alt=\"\" title=\"\" \/>\n\t\t\t\t\t<\/div>\n\t\t\t\t<\/div>\n\t\t\t<\/div>\n\t\t<\/section>\n\t\t\t\t<\/div>\n\t\t\t\t<\/div>\n\t\t\t\t\t<\/div>\n\t\t<\/div>\n\t\t\t\t\t<\/div>\n\t\t<\/section>\n\t\t\t\t<section class=\"elementor-section elementor-top-section elementor-element elementor-element-dd9cdf9 elementor-section-boxed elementor-section-height-default elementor-section-height-default\" data-id=\"dd9cdf9\" data-element_type=\"section\" data-e-type=\"section\">\n\t\t\t\t\t\t<div class=\"elementor-container elementor-column-gap-default\">\n\t\t\t\t\t<div class=\"elementor-column elementor-col-100 elementor-top-column elementor-element elementor-element-3ee2c6c\" data-id=\"3ee2c6c\" data-element_type=\"column\" data-e-type=\"column\">\n\t\t\t<div class=\"elementor-widget-wrap elementor-element-populated\">\n\t\t\t\t\t\t<div class=\"elementor-element elementor-element-69ed9d5 elementor-widget elementor-widget-haushaltimagewidthtext-widget\" data-id=\"69ed9d5\" data-element_type=\"widget\" data-e-type=\"widget\" data-widget_type=\"haushaltimagewidthtext-widget.default\">\n\t\t\t\t<div class=\"elementor-widget-container\">\n\t\t\t\t\t\t\t<section class=\"worthwhile\">\n\t\t\t<div class=\"container\">\n\t\t\t\t<div class=\"row\">\n\t\t\t\t\t<div class=\"col-lg-7 col-md-12\">\n\t\t\t\t\t\t<h2>Darum lohnt sich ein Hypothekenschutz<\/h2>\n\t\t\t\t\t\t<p>Ein Arbeitsunfall oder eine schwere Krankheit f\u00fchrt zu einer anhaltenden Erwerbsunf\u00e4higkeit oder im schlimmsten Fall sogar zum Tod. Ein solches tragisches Ereignis f\u00fchrt nebst den emotionalen Auswirkungen auch zu finanziellen Ver\u00e4nderungen. Dass in einer solchen Situation die Fortf\u00fchrung der Migros Bank   Hypothek gew\u00e4hrleistet ist, daf\u00fcr sorgt der Migros Hypothekenschutz.<\/p>\n\n<p>Der Migros Hypothekenschutz unterst\u00fctzt Sie und Ihre Angeh\u00f6rigen bei einer andauernden  Erwerbsunf\u00e4higkeit oder bei einem Tod aufgrund Unfall oder Krankheit. Zus\u00e4tzlich entlasten wir Ihr Haushaltsbudget bei Arbeitslosigkeit und vor\u00fcbergehender Arbeitsarbeitsunf\u00e4higkeit aufgrund eines Unfalls oder einer Krankheit.<\/p>\n\n<p>Haben Sie keine Migros Bank Hypothek oder w\u00fcnschen einen zus\u00e4tzlichen Absicherungsbetrag? Mit dem Migros Personenschutz PLUS  k\u00f6nnen Sie sich umfassend gegen die finanziellen Risiken bei Tod und Erwerbsunf\u00e4higkeit sch\u00fctzen.<\/p>\t\t\t\t\t<\/div>\n\t\t\t\t\t<div class=\"col-lg-5 col-md-12\">\n\t\t\t\t\t\t<img decoding=\"async\" src=\"https:\/\/www.migros-versicherungen.ch\/assets\/schaden-beispiele.svg\" alt=\"Drei Symbole f\u00fcr m\u00f6gliche Sch\u00e4den\" \/>\n\t\t\t\t\t<\/div>\n\t\t\t\t<\/div>\n\t\t\t<\/div>\n\t\t<\/section>\n\t\t\t\t<\/div>\n\t\t\t\t<\/div>\n\t\t\t\t\t<\/div>\n\t\t<\/div>\n\t\t\t\t\t<\/div>\n\t\t<\/section>\n\t\t\t\t<section class=\"elementor-section elementor-top-section elementor-element elementor-element-b46f35a elementor-section-boxed elementor-section-height-default elementor-section-height-default\" data-id=\"b46f35a\" data-element_type=\"section\" data-e-type=\"section\">\n\t\t\t\t\t\t<div class=\"elementor-container elementor-column-gap-default\">\n\t\t\t\t\t<div class=\"elementor-column elementor-col-100 elementor-top-column elementor-element elementor-element-7c71ef5\" data-id=\"7c71ef5\" data-element_type=\"column\" data-e-type=\"column\">\n\t\t\t<div class=\"elementor-widget-wrap elementor-element-populated\">\n\t\t\t\t\t\t<div class=\"elementor-element elementor-element-e499c92 elementor-widget elementor-widget-comprehensiveprotection-widget\" data-id=\"e499c92\" data-element_type=\"widget\" data-e-type=\"widget\" data-widget_type=\"comprehensiveprotection-widget.default\">\n\t\t\t\t<div class=\"elementor-widget-container\">\n\t\t\t\t\t\n\n\n\t\t<section class=\"protection\">\n\t\t\t<div class=\"container\">\n\t\t\t\t<div class=\"row\">\n\t\t\t\t\t<div class=\"col-md-12\">\n\t\t\t\t\t\t<h2 class=\"section-title\">Umfassend gesch\u00fctzt mit Migros Versicherungen<\/h2>\n\t\t\t\t\t<\/div>\n\t\t\t\t<\/div>\n\t\t\t\t<div class=\"row\">\n\n\t\t\t\t\t\t\t\t\t\t\t<div class=\"col-md-3\">\n\t\t\t\t\t\t\t<img decoding=\"async\" src=\"https:\/\/www.migros-versicherungen.ch\/assets\/umberalla-icon.svg\" alt=\"\" \/>\n\t\t\t\t\t\t\t<h3>Finanzieller Schutz<\/h3>\n\t\t\t\t\t\t\t<p>Sofort tiefere Kosten<\/p>\n\t\t\t\t\t\t<\/div>\n\t\t\t\t\t\t\t\t\t\t\t<div class=\"col-md-3\">\n\t\t\t\t\t\t\t<img decoding=\"async\" src=\"https:\/\/www.migros-versicherungen.ch\/assets\/cash-payment-coins.png\" alt=\"\" \/>\n\t\t\t\t\t\t\t<h3>Verzicht Vorf\u00e4lligkeit<\/h3>\n\t\t\t\t\t\t\t<p>R\u00fcckzahlung der Hypothek ohne Kostenfolge<\/p>\n\t\t\t\t\t\t<\/div>\n\t\t\t\t\t\t\t\t\t\t\t<div class=\"col-md-3\">\n\t\t\t\t\t\t\t<img decoding=\"async\" src=\"https:\/\/www.migros-versicherungen.ch\/assets\/partner-icon.svg\" alt=\"\" \/>\n\t\t\t\t\t\t\t<h3>Volle Flexibilit\u00e4t<\/h3>\n\t\t\t\t\t\t\t<p>Monatliches K\u00fcndigungsrecht<\/p>\n\t\t\t\t\t\t<\/div>\n\t\t\t\t\t\t\t\t\t\t\t<div class=\"col-md-3\">\n\t\t\t\t\t\t\t<img decoding=\"async\" src=\"https:\/\/www.migros-versicherungen.ch\/assets\/cards-icon.svg\" alt=\"\" \/>\n\t\t\t\t\t\t\t<h3>Cumulus-Punkte<\/h3>\n\t\t\t\t\t\t\t<p>Jedes Jahr und ganz automatisch<\/p>\n\t\t\t\t\t\t<\/div>\n\t\t\t\t\t\t\t\t\t<\/div>\n\t\t\t<\/div>\n\t\t<\/section>\n\n\t\t\t\t<\/div>\n\t\t\t\t<\/div>\n\t\t\t\t\t<\/div>\n\t\t<\/div>\n\t\t\t\t\t<\/div>\n\t\t<\/section>\n\t\t\t\t<section class=\"elementor-section elementor-top-section elementor-element elementor-element-0d242d9 elementor-section-boxed elementor-section-height-default elementor-section-height-default\" data-id=\"0d242d9\" data-element_type=\"section\" data-e-type=\"section\">\n\t\t\t\t\t\t<div class=\"elementor-container elementor-column-gap-default\">\n\t\t\t\t\t<div class=\"elementor-column elementor-col-100 elementor-top-column elementor-element elementor-element-38b029f\" data-id=\"38b029f\" data-element_type=\"column\" data-e-type=\"column\">\n\t\t\t<div class=\"elementor-widget-wrap elementor-element-populated\">\n\t\t\t\t\t\t<div class=\"elementor-element elementor-element-41ddbd9 elementor-widget__width-inherit elementor-widget elementor-widget-haushaltperformance-widget\" data-id=\"41ddbd9\" data-element_type=\"widget\" data-e-type=\"widget\" data-widget_type=\"haushaltperformance-widget.default\">\n\t\t\t\t<div class=\"elementor-widget-container\">\n\t\t\t\t\t\n\n\t\t<section class=\"performance\">\n\t\t\t<div class=\"container\">\n\t\t\t\t<div class=\"row\">\n\t\t\t\t\t<div class=\"col-md-12\">\n\t\t\t\t\t\t<h2 class=\"section-title\">Mehr Leistung f\u00fcr Ihr Geld<\/h2>\n\t\t\t\t\t\t<p class=\"section-description\">Unsere Vorteile im \u00dcberblick<\/p>\n\t\t\t\t\t<\/div>\n\t\t\t\t<\/div>\n\t\t\t\t<div class=\"row\">\n\t\t\t\t\t<div class=\"col-md-12 inner-container\">\n\t\t\t\t\t\t\t\t\t\t\t\t\t<div class=\"col-md-4\">\n\t\t\t\t\t\t\t\t<div class=\"inner\">\n\t\t\t\t\t\t\t\t\t<h3 class=\"box-title\">R\u00fcckzahlung   Ihrer Hypothek<\/h3>\n\t\t\t\t\t\t\t\t\t<p>Ein Unfall oder eine Krankheit f\u00fchrt zu einer andauernden Erwerbsunf\u00e4higkeit oder zum Tod? Wir amortisieren sofort Ihre Hypothek im Umfang des Versicherungsschutzes. <\/p>\n\t\t\t\t\t\t\t\t<\/div>\n\t\t\t\t\t\t\t<\/div>\n\t\t\t\t\t\t\t\t\t\t\t\t\t<div class=\"col-md-4\">\n\t\t\t\t\t\t\t\t<div class=\"inner\">\n\t\t\t\t\t\t\t\t\t<h3 class=\"box-title\">Jobverlust<\/h3>\n\t\t\t\t\t\t\t\t\t<p>Sie verlieren Ihre Stelle aufgrund einer Reorganisation oder Gesch\u00e4ftsaufgabe? Erhalten Sie bis zu CHF 2'000 pro Monat zur Unterst\u00fctzung.<\/p>\n\t\t\t\t\t\t\t\t<\/div>\n\t\t\t\t\t\t\t<\/div>\n\t\t\t\t\t\t\t\t\t\t\t\t\t<div class=\"col-md-4\">\n\t\t\t\t\t\t\t\t<div class=\"inner\">\n\t\t\t\t\t\t\t\t\t<h3 class=\"box-title\">Krankheit oder Unfall<\/h3>\n\t\t\t\t\t\t\t\t\t<p>Sie k\u00f6nnen wegen eines Unfalls oder einer Krankheit vor\u00fcbergehend nicht arbeiten? Erhalten Sie bis zu CHF 2'000 pro Monat zur Unterst\u00fctzung. <\/p>\n\t\t\t\t\t\t\t\t<\/div>\n\t\t\t\t\t\t\t<\/div>\n\t\t\t\t\t\t\t\t\t\t\t\t\t<div class=\"col-md-4\">\n\t\t\t\t\t\t\t\t<div class=\"inner\">\n\t\t\t\t\t\t\t\t\t<h3 class=\"box-title\">Monatlich k\u00fcndbar<\/h3>\n\t\t\t\t\t\t\t\t\t<p>Wir glauben an unsere Produkte, deshalb verzichten wir auf lange K\u00fcndigungsfristen.<\/p>\n\t\t\t\t\t\t\t\t<\/div>\n\t\t\t\t\t\t\t<\/div>\n\t\t\t\t\t\t\t\t\t\t\t\t\t<div class=\"col-md-4\">\n\t\t\t\t\t\t\t\t<div class=\"inner\">\n\t\t\t\t\t\t\t\t\t<h3 class=\"box-title\">Cumulus-Punkte auf die Pr\u00e4mie<\/h3>\n\t\t\t\t\t\t\t\t\t<p>F\u00fcr jeden Franken Pr\u00e4mie erhalten Sie als Dankesch\u00f6n einen Cumulus-Punkt.<\/p>\n\t\t\t\t\t\t\t\t<\/div>\n\t\t\t\t\t\t\t<\/div>\n\t\t\t\t\t\t\t\t\t\t\t<\/div>\n\t\t\t\t<\/div>\n\t\t\t<\/div>\n\t\t<\/section>\n\n\t\t\t\t<\/div>\n\t\t\t\t<\/div>\n\t\t\t\t\t<\/div>\n\t\t<\/div>\n\t\t\t\t\t<\/div>\n\t\t<\/section>\n\t\t\t\t<section class=\"elementor-section elementor-top-section elementor-element elementor-element-6d57e05 elementor-section-boxed elementor-section-height-default elementor-section-height-default\" data-id=\"6d57e05\" data-element_type=\"section\" data-e-type=\"section\">\n\t\t\t\t\t\t<div class=\"elementor-container elementor-column-gap-default\">\n\t\t\t\t\t<div class=\"elementor-column elementor-col-100 elementor-top-column elementor-element elementor-element-bed467a\" data-id=\"bed467a\" data-element_type=\"column\" data-e-type=\"column\">\n\t\t\t<div class=\"elementor-widget-wrap elementor-element-populated\">\n\t\t\t\t\t\t<div class=\"elementor-element elementor-element-da12543 elementor-widget elementor-widget-pdfdocuments-widget\" data-id=\"da12543\" data-element_type=\"widget\" data-e-type=\"widget\" data-widget_type=\"pdfdocuments-widget.default\">\n\t\t\t\t<div class=\"elementor-widget-container\">\n\t\t\t\t\t\n\t\t<section class=\"download\">\n\t\t\t<div class=\"container\">\n\t\t\t\t<div class=\"row\">\n\t\t\t\t\t<div class=\"col-md-12\">\n\t\t\t\t\t\t<h2>Herunterladen<\/h2>\n\t\t\t\t\t\t<div class=\"items\">\n\t\t\t\t\t\t\t\t\t\t\t\t\t\t\t<div automation-id=\"pdf_download_\" class=\"item\" onclick=\"downloadPDF(this, 'https:\/\/aresstaticapiprod.azurewebsites.net\/api\/tenants\/19\/documents\/factsheetandcoverage?language=personal-protection\/de')\"><span>Deckungs\u00fcbersicht Hypothekenschutz<\/span>.pdf<\/div>\n\t\t\t\t\t\t\t\t\t\t\t\t\t\t\t<div automation-id=\"pdf_download_\" class=\"item\" onclick=\"downloadPDF(this, 'https:\/\/aresstaticapiprod.azurewebsites.net\/api\/tenants\/19\/documents\/avb?product=ppi&language=de')\"><span>Allgemeine Versicherungsbedingungen Hypothekenschutz (AVB)<\/span>.pdf<\/div>\n\t\t\t\t\t\t\t\t\t\t\t\t\t\t\t<div automation-id=\"pdf_download_\" class=\"item\" onclick=\"downloadPDF(this, 'https:\/\/aresstaticapiprod.azurewebsites.net\/api\/tenants\/19\/documents\/avb?product=personal-protection&language=de')\"><span>Allgemeine Versicherungsbedingungen Personenschutz PLUS (AVB)<\/span>.pdf<\/div>\n\t\t\t\t\t\t\t\t\t\t\t\t\t<\/div>\n\t\t\t\t\t<\/div>\n\t\t\t\t<\/div>\n\t\t\t<\/div>\n\t\t\t<script>\n\t\t\t\tasync function downloadPDF(element, url) {\n\t\t\t\t\tlet res = await fetch(url);\n\t\t\t\t\tlet blob = await res.blob();\n\n\t\t\t\t\tconst blobUrl = window.URL.createObjectURL(\n\t\t\t\t\t\tblob\n\t\t\t\t\t);\n\n\t\t\t\t\tlet link = document.createElement('a');\n\t\t\t\t\tlink.href = blobUrl;\n\n\t\t\t\t\tconst filename = element.getElementsByTagName('span')[0].innerText;\n\t\t\t\t\tlink.setAttribute('download', filename + '.pdf');\n\t\t\t\t\tdocument.body.appendChild(link);\n\t\t\t\t\tlink.click();\n\t\t\t\t\tconsole.log(link);\n\t\t\t\t}\n\t\t\t<\/script>\n\t\t<\/section>\n\n\t\t\t\t<\/div>\n\t\t\t\t<\/div>\n\t\t\t\t\t<\/div>\n\t\t<\/div>\n\t\t\t\t\t<\/div>\n\t\t<\/section>\n\t\t\t\t<\/div>\n\t\t","protected":false},"excerpt":{"rendered":"<p>MigrosHypothekenschutz Weil Ihre Liebsten Ihnen am Herzen liegen. Der Erwerb von Wohneigentum ist f\u00fcr viele Menschen die bedeutendste und sch\u00f6nste Investition ihres Lebens. Unerwartete Risiken k\u00f6nnen jedoch schnell die Finanzierung gef\u00e4hrden. Sch\u00fctzen Sie sich und Ihre Liebsten und sichern Sie Ihre Zukunft ab. Beratung bei Migros Bank vereinbaren Darum lohnt sich ein Hypothekenschutz Ein Arbeitsunfall [&hellip;]<\/p>\n","protected":false},"author":15,"featured_media":0,"parent":0,"menu_order":12,"comment_status":"closed","ping_status":"closed","template":"page-templates\/no-elementor.php","meta":{"_acf_changed":false,"footnotes":""},"class_list":["post-2013","page","type-page","status-publish","hentry"],"acf":[],"_links":{"self":[{"href":"https:\/\/www.migros-versicherungen.ch\/de\/wp-json\/wp\/v2\/pages\/2013","targetHints":{"allow":["GET"]}}],"collection":[{"href":"https:\/\/www.migros-versicherungen.ch\/de\/wp-json\/wp\/v2\/pages"}],"about":[{"href":"https:\/\/www.migros-versicherungen.ch\/de\/wp-json\/wp\/v2\/types\/page"}],"author":[{"embeddable":true,"href":"https:\/\/www.migros-versicherungen.ch\/de\/wp-json\/wp\/v2\/users\/15"}],"replies":[{"embeddable":true,"href":"https:\/\/www.migros-versicherungen.ch\/de\/wp-json\/wp\/v2\/comments?post=2013"}],"version-history":[{"count":0,"href":"https:\/\/www.migros-versicherungen.ch\/de\/wp-json\/wp\/v2\/pages\/2013\/revisions"}],"wp:attachment":[{"href":"https:\/\/www.migros-versicherungen.ch\/de\/wp-json\/wp\/v2\/media?parent=2013"}],"curies":[{"name":"wp","href":"https:\/\/api.w.org\/{rel}","templated":true}]}}