{"id":2012,"date":"2024-10-17T16:54:31","date_gmt":"2024-10-17T14:54:31","guid":{"rendered":"https:\/\/migrosproddev.wpenginepowered.com\/?page_id=2012"},"modified":"2025-09-01T10:39:48","modified_gmt":"2025-09-01T08:39:48","slug":"privatkredit-zahlungsschutz","status":"publish","type":"page","link":"https:\/\/www.migros-versicherungen.ch\/de\/privatkredit-zahlungsschutz\/","title":{"rendered":"Privatkredit Zahlungsschutz"},"content":{"rendered":"\t\t<div data-elementor-type=\"wp-page\" data-elementor-id=\"2012\" class=\"elementor elementor-2012\">\n\t\t\t\t\t\t<section class=\"elementor-section elementor-top-section elementor-element elementor-element-b9c0b8a elementor-section-boxed elementor-section-height-default elementor-section-height-default\" data-id=\"b9c0b8a\" data-element_type=\"section\" data-e-type=\"section\">\n\t\t\t\t\t\t<div class=\"elementor-container elementor-column-gap-default\">\n\t\t\t\t\t<div class=\"elementor-column elementor-col-100 elementor-top-column elementor-element elementor-element-35e16ef\" data-id=\"35e16ef\" data-element_type=\"column\" data-e-type=\"column\">\n\t\t\t<div class=\"elementor-widget-wrap\">\n\t\t\t\t\t\t\t<\/div>\n\t\t<\/div>\n\t\t\t\t\t<\/div>\n\t\t<\/section>\n\t\t\t\t<section class=\"elementor-section elementor-top-section elementor-element elementor-element-b46f35a elementor-section-boxed elementor-section-height-default elementor-section-height-default\" data-id=\"b46f35a\" data-element_type=\"section\" data-e-type=\"section\">\n\t\t\t\t\t\t<div class=\"elementor-container elementor-column-gap-default\">\n\t\t\t\t\t<div class=\"elementor-column elementor-col-100 elementor-top-column elementor-element elementor-element-7c71ef5\" data-id=\"7c71ef5\" data-element_type=\"column\" data-e-type=\"column\">\n\t\t\t<div class=\"elementor-widget-wrap elementor-element-populated\">\n\t\t\t\t\t\t<div class=\"elementor-element elementor-element-37e956a elementor-widget elementor-widget-haushaltheadline-widget\" data-id=\"37e956a\" data-element_type=\"widget\" data-e-type=\"widget\" data-widget_type=\"haushaltheadline-widget.default\">\n\t\t\t\t<div class=\"elementor-widget-container\">\n\t\t\t\t\t\t\t<section class=\"headline\">\n\t\t\t<div class=\"container\">\n\t\t\t\t<div class=\"row flex flex-row flex-center\">\n\t\t\t\t\t<div class=\"col-md-12 col-lg-6\">\n\t\t\t\t\t\t<h1 class=\"headline-title\">Migros Privatkredit<br>Zahlungsschutz<\/h1>\n\t\t\t\t\t\t<h2 class=\"headline-sub-title\">Weils mal finanziell eng werden kann.<\/h2>\n\t\t\t\t\t\t<p>Sie brauchen ein neues Auto oder m\u00fcssen Ihre Wohnung neu einrichten? Ein vor\u00fcbergehender finanzieller Mehrbedarf l\u00e4sst sich mit einem Migros Bank Privatkredit einfach \u00fcberbr\u00fccken. Vermeiden Sie, dass in dieser Situation eine gesundheitliche oder berufliche Beeintr\u00e4chtigung Ihre Zahlungsf\u00e4higkeit einschr\u00e4nkt. Sichern Sie sich daher mit dem Privatkredit Zahlungsschutz umfassend ab. Und das zu einem attraktiven Preis. <\/p>\n\t\t\t\t\t\t<a href=\"https:\/\/www.migrosbank.ch\/de\/privatpersonen\/kredite\/privatkredit.html\" class=\"button primary big\">Privatkredit bei Migros Bank beantragen<\/a>\n\t\t\t\t\t<\/div>\n\t\t\t\t\t<div class=\"col-md-12 col-lg-6 img-right hausratversicherung\">\n\t\t\t\t\t\t<img decoding=\"async\" src=\"https:\/\/www.migros-versicherungen.ch\/assets\/Privatkreditschutz-quadratisch.png\" alt=\"\" title=\"\" \/>\n\t\t\t\t\t<\/div>\n\t\t\t\t<\/div>\n\t\t\t<\/div>\n\t\t<\/section>\n\t\t\t\t<\/div>\n\t\t\t\t<\/div>\n\t\t\t\t<div class=\"elementor-element elementor-element-69ed9d5 elementor-widget elementor-widget-haushaltimagewidthtext-widget\" data-id=\"69ed9d5\" data-element_type=\"widget\" data-e-type=\"widget\" data-widget_type=\"haushaltimagewidthtext-widget.default\">\n\t\t\t\t<div class=\"elementor-widget-container\">\n\t\t\t\t\t\t\t<section class=\"worthwhile\">\n\t\t\t<div class=\"container\">\n\t\t\t\t<div class=\"row\">\n\t\t\t\t\t<div class=\"col-lg-7 col-md-12\">\n\t\t\t\t\t\t<h2>Darum lohnt sich ein Privatkredit Zahlungsschutz<\/h2>\n\t\t\t\t\t\t<p>Ein  Ski- oder Velounfall erfordert langwierige Therapien und Reha-Massnahmen und f\u00fchrt zu einer mehrmonatigen, vollst\u00e4ndigen Arbeitsunf\u00e4higkeit. Zur gesundheitlichen Beeintr\u00e4chtigung kommt die finanzielle Einschr\u00e4nkung: Die Unfallversicherung deckt nicht den ganzen Lohn. Dass es in einer solchen Situation trotzdem f\u00fcr die monatlichen Kreditraten reicht, daf\u00fcr sorgt der Privatkredit Zahlungsschutz.<\/p>\n\n<p>Der Migros Privatkredit Zahlungsschutz erbringt finanzielle Leistungen bei unterschiedlichen Erkrankungen und Unfallereignissen, welche die Arbeitsf\u00e4higkeit vor\u00fcbergehend oder anhaltend verunm\u00f6glichen. Zus\u00e4tzlich sch\u00fctzt er bei Arbeitslosigkeit.<\/p>\n\n<p>Ein Kredit \u00fcber CHF 10'000.00 mit effektivem Jahreszins zwischen 4,9% und 7,9% ergibt f\u00fcr 12 Monate eine monatliche Rate zwischen CHF 855.15 und CHF 868.15 und Gesamtkosten zwischen CHF 261.80 und CHF 417.80. Der Zinssatz ist abh\u00e4ngig von Ihrer Kreditf\u00e4higkeit und gilt f\u00fcr Online-Antr\u00e4ge. Kreditgeberin ist die Migros Bank AG mit Sitz in Z\u00fcrich. Hinweis laut Gesetz: Die Kreditvergabe ist verboten, wenn sie zur \u00dcberschuldung f\u00fchrt (Art. 3 UWG). Erfolgreiche Kreditf\u00e4higkeitspr\u00fcfung vorbehalten.<\/p>\t\t\t\t\t<\/div>\n\t\t\t\t\t<div class=\"col-lg-5 col-md-12\">\n\t\t\t\t\t\t<img decoding=\"async\" src=\"https:\/\/www.migros-versicherungen.ch\/assets\/schaden-beispiele.svg\" alt=\"Drei Symbole f\u00fcr m\u00f6gliche Sch\u00e4den\" \/>\n\t\t\t\t\t<\/div>\n\t\t\t\t<\/div>\n\t\t\t<\/div>\n\t\t<\/section>\n\t\t\t\t<\/div>\n\t\t\t\t<\/div>\n\t\t\t\t\t<\/div>\n\t\t<\/div>\n\t\t\t\t\t<\/div>\n\t\t<\/section>\n\t\t\t\t<section class=\"elementor-section elementor-top-section elementor-element elementor-element-dd9cdf9 elementor-section-boxed elementor-section-height-default elementor-section-height-default\" data-id=\"dd9cdf9\" data-element_type=\"section\" data-e-type=\"section\">\n\t\t\t\t\t\t<div class=\"elementor-container elementor-column-gap-default\">\n\t\t\t\t\t<div class=\"elementor-column elementor-col-100 elementor-top-column elementor-element elementor-element-3ee2c6c\" data-id=\"3ee2c6c\" data-element_type=\"column\" data-e-type=\"column\">\n\t\t\t<div class=\"elementor-widget-wrap elementor-element-populated\">\n\t\t\t\t\t\t<div class=\"elementor-element elementor-element-e499c92 elementor-widget elementor-widget-comprehensiveprotection-widget\" data-id=\"e499c92\" data-element_type=\"widget\" data-e-type=\"widget\" data-widget_type=\"comprehensiveprotection-widget.default\">\n\t\t\t\t<div class=\"elementor-widget-container\">\n\t\t\t\t\t\n\n\n\t\t<section class=\"protection\">\n\t\t\t<div class=\"container\">\n\t\t\t\t<div class=\"row\">\n\t\t\t\t\t<div class=\"col-md-12\">\n\t\t\t\t\t\t<h2 class=\"section-title\">Umfassend gesch\u00fctzt mit Migros Versicherungen<\/h2>\n\t\t\t\t\t<\/div>\n\t\t\t\t<\/div>\n\t\t\t\t<div class=\"row\">\n\n\t\t\t\t\t\t\t\t\t\t\t<div class=\"col-md-3\">\n\t\t\t\t\t\t\t<img decoding=\"async\" src=\"https:\/\/www.migros-versicherungen.ch\/assets\/umberalla-icon.svg\" alt=\"\" \/>\n\t\t\t\t\t\t\t<h3>Ohne Gesundheitspr\u00fcfung<\/h3>\n\t\t\t\t\t\t\t<p>Abschluss ohne Arztbesuch<\/p>\n\t\t\t\t\t\t<\/div>\n\t\t\t\t\t\t\t\t\t\t\t<div class=\"col-md-3\">\n\t\t\t\t\t\t\t<img decoding=\"async\" src=\"https:\/\/www.migros-versicherungen.ch\/assets\/premium-icon.svg\" alt=\"\" \/>\n\t\t\t\t\t\t\t<h3>Einfach<\/h3>\n\t\t\t\t\t\t\t<p>Abschluss mit Privatkredit zusammen<\/p>\n\t\t\t\t\t\t<\/div>\n\t\t\t\t\t\t\t\t\t\t\t<div class=\"col-md-3\">\n\t\t\t\t\t\t\t<img decoding=\"async\" src=\"https:\/\/www.migros-versicherungen.ch\/assets\/partner-icon.svg\" alt=\"\" \/>\n\t\t\t\t\t\t\t<h3>Starker Partner<\/h3>\n\t\t\t\t\t\t\t<p>Die Migros an Ihrer Seite mit Rechtsberatung durch Juristen der AXA ARAG<\/p>\n\t\t\t\t\t\t<\/div>\n\t\t\t\t\t\t\t\t\t\t\t<div class=\"col-md-3\">\n\t\t\t\t\t\t\t<img decoding=\"async\" src=\"https:\/\/www.migros-versicherungen.ch\/assets\/cards-icon.svg\" alt=\"\" \/>\n\t\t\t\t\t\t\t<h3>Cumulus-Punkte<\/h3>\n\t\t\t\t\t\t\t<p>Jedes Jahr und ganz automatisch<\/p>\n\t\t\t\t\t\t<\/div>\n\t\t\t\t\t\t\t\t\t<\/div>\n\t\t\t<\/div>\n\t\t<\/section>\n\n\t\t\t\t<\/div>\n\t\t\t\t<\/div>\n\t\t\t\t\t<\/div>\n\t\t<\/div>\n\t\t\t\t\t<\/div>\n\t\t<\/section>\n\t\t\t\t<section class=\"elementor-section elementor-top-section elementor-element elementor-element-0d242d9 elementor-section-boxed elementor-section-height-default elementor-section-height-default\" data-id=\"0d242d9\" data-element_type=\"section\" data-e-type=\"section\">\n\t\t\t\t\t\t<div class=\"elementor-container elementor-column-gap-default\">\n\t\t\t\t\t<div class=\"elementor-column elementor-col-100 elementor-top-column elementor-element elementor-element-38b029f\" data-id=\"38b029f\" data-element_type=\"column\" data-e-type=\"column\">\n\t\t\t<div class=\"elementor-widget-wrap elementor-element-populated\">\n\t\t\t\t\t\t<div class=\"elementor-element elementor-element-41ddbd9 elementor-widget__width-inherit elementor-widget elementor-widget-haushaltperformance-widget\" data-id=\"41ddbd9\" data-element_type=\"widget\" data-e-type=\"widget\" data-widget_type=\"haushaltperformance-widget.default\">\n\t\t\t\t<div class=\"elementor-widget-container\">\n\t\t\t\t\t\n\n\t\t<section class=\"performance\">\n\t\t\t<div class=\"container\">\n\t\t\t\t<div class=\"row\">\n\t\t\t\t\t<div class=\"col-md-12\">\n\t\t\t\t\t\t<h2 class=\"section-title\">Mehr Leistung f\u00fcr Ihr Geld<\/h2>\n\t\t\t\t\t\t<p class=\"section-description\">Unsere Vorteile im \u00dcberblick<\/p>\n\t\t\t\t\t<\/div>\n\t\t\t\t<\/div>\n\t\t\t\t<div class=\"row\">\n\t\t\t\t\t<div class=\"col-md-12 inner-container\">\n\t\t\t\t\t\t\t\t\t\t\t\t\t<div class=\"col-md-4\">\n\t\t\t\t\t\t\t\t<div class=\"inner\">\n\t\t\t\t\t\t\t\t\t<h3 class=\"box-title\">\u00dcbernahme der Kreditraten<\/h3>\n\t\t\t\t\t\t\t\t\t<p>\u00dcbernahme der monatlichen Kreditraten bei unverschuldeter Arbeitslosigkeit sowie w\u00e4hrend krankheits- oder unfallbedingter 100%iger Arbeitsunf\u00e4higkeit. <\/p>\n\t\t\t\t\t\t\t\t<\/div>\n\t\t\t\t\t\t\t<\/div>\n\t\t\t\t\t\t\t\t\t\t\t\t\t<div class=\"col-md-4\">\n\t\t\t\t\t\t\t\t<div class=\"inner\">\n\t\t\t\t\t\t\t\t\t<h3 class=\"box-title\">R\u00fcckzahlung des Kredits<\/h3>\n\t\t\t\t\t\t\t\t\t<p>Ein Unfall oder eine Krankheit f\u00fchrt zu einer Invalidit\u00e4t oder sogar zum Tod? Wir zahlen den offenen Kreditbetrag auf einmal zur\u00fcck. <\/p>\n\t\t\t\t\t\t\t\t<\/div>\n\t\t\t\t\t\t\t<\/div>\n\t\t\t\t\t\t\t\t\t\t\t\t\t<div class=\"col-md-4\">\n\t\t\t\t\t\t\t\t<div class=\"inner\">\n\t\t\t\t\t\t\t\t\t<h3 class=\"box-title\">Rechtsberatung inbegriffen<\/h3>\n\t\t\t\t\t\t\t\t\t<p>Wir beraten Sie z.B. als Mobbing-Opfer am Arbeitsplatz, bei einer ungerechtfertigten K\u00fcndigung oder wenn Ihre Unfallversicherung einen Unfall nicht anerkennt.<\/p>\n\t\t\t\t\t\t\t\t<\/div>\n\t\t\t\t\t\t\t<\/div>\n\t\t\t\t\t\t\t\t\t\t\t\t\t<div class=\"col-md-4\">\n\t\t\t\t\t\t\t\t<div class=\"inner\">\n\t\t\t\t\t\t\t\t\t<h3 class=\"box-title\">Attraktiver<br>Preis<\/h3>\n\t\t\t\t\t\t\t\t\t<p>Als Pr\u00e4mie f\u00fcr den Privatkredit Zahlungsschutz zahlen Sie fix nur 4,99% der monatlichen Kreditrate.<\/p>\n\t\t\t\t\t\t\t\t<\/div>\n\t\t\t\t\t\t\t<\/div>\n\t\t\t\t\t\t\t\t\t\t\t\t\t<div class=\"col-md-4\">\n\t\t\t\t\t\t\t\t<div class=\"inner\">\n\t\t\t\t\t\t\t\t\t<h3 class=\"box-title\">Monatlich<br>k\u00fcndbar<\/h3>\n\t\t\t\t\t\t\t\t\t<p>Wir glauben an unsere Produkte, deshalb verzichten wir auf lange K\u00fcndigungsfristen.<\/p>\n\t\t\t\t\t\t\t\t<\/div>\n\t\t\t\t\t\t\t<\/div>\n\t\t\t\t\t\t\t\t\t\t\t\t\t<div class=\"col-md-4\">\n\t\t\t\t\t\t\t\t<div class=\"inner\">\n\t\t\t\t\t\t\t\t\t<h3 class=\"box-title\">Cumulus-Punkte<br>auf die Pr\u00e4mie<\/h3>\n\t\t\t\t\t\t\t\t\t<p>F\u00fcr jeden Franken Pr\u00e4mie erhalten Sie als Dankesch\u00f6n einen Cumulus-Punkt. <\/p>\n\t\t\t\t\t\t\t\t<\/div>\n\t\t\t\t\t\t\t<\/div>\n\t\t\t\t\t\t\t\t\t\t\t<\/div>\n\t\t\t\t<\/div>\n\t\t\t<\/div>\n\t\t<\/section>\n\n\t\t\t\t<\/div>\n\t\t\t\t<\/div>\n\t\t\t\t\t<\/div>\n\t\t<\/div>\n\t\t\t\t\t<\/div>\n\t\t<\/section>\n\t\t\t\t<section class=\"elementor-section elementor-top-section elementor-element elementor-element-6d57e05 elementor-section-boxed elementor-section-height-default elementor-section-height-default\" data-id=\"6d57e05\" data-element_type=\"section\" data-e-type=\"section\">\n\t\t\t\t\t\t<div class=\"elementor-container elementor-column-gap-default\">\n\t\t\t\t\t<div class=\"elementor-column elementor-col-100 elementor-top-column elementor-element elementor-element-bed467a\" data-id=\"bed467a\" data-element_type=\"column\" data-e-type=\"column\">\n\t\t\t<div class=\"elementor-widget-wrap elementor-element-populated\">\n\t\t\t\t\t\t<div class=\"elementor-element elementor-element-da12543 elementor-widget elementor-widget-pdfdocuments-widget\" data-id=\"da12543\" data-element_type=\"widget\" data-e-type=\"widget\" data-widget_type=\"pdfdocuments-widget.default\">\n\t\t\t\t<div class=\"elementor-widget-container\">\n\t\t\t\t\t\n\t\t<section class=\"download\">\n\t\t\t<div class=\"container\">\n\t\t\t\t<div class=\"row\">\n\t\t\t\t\t<div class=\"col-md-12\">\n\t\t\t\t\t\t<h2>Herunterladen<\/h2>\n\t\t\t\t\t\t<div class=\"items\">\n\t\t\t\t\t\t\t\t\t\t\t\t\t\t\t<div automation-id=\"pdf_download_\" class=\"item\" onclick=\"downloadPDF(this, 'https:\/\/aresstaticapiprod.azurewebsites.net\/api\/tenants\/23\/documents\/avb?product=private_loan_ppi&language=de')\"><span>Allgemeine Versicherungsbedingungen (AVB)<\/span>.pdf<\/div>\n\t\t\t\t\t\t\t\t\t\t\t\t\t<\/div>\n\t\t\t\t\t<\/div>\n\t\t\t\t<\/div>\n\t\t\t<\/div>\n\t\t\t<script>\n\t\t\t\tasync function downloadPDF(element, url) {\n\t\t\t\t\tlet res = await fetch(url);\n\t\t\t\t\tlet blob = await res.blob();\n\n\t\t\t\t\tconst blobUrl = window.URL.createObjectURL(\n\t\t\t\t\t\tblob\n\t\t\t\t\t);\n\n\t\t\t\t\tlet link = document.createElement('a');\n\t\t\t\t\tlink.href = blobUrl;\n\n\t\t\t\t\tconst filename = element.getElementsByTagName('span')[0].innerText;\n\t\t\t\t\tlink.setAttribute('download', filename + '.pdf');\n\t\t\t\t\tdocument.body.appendChild(link);\n\t\t\t\t\tlink.click();\n\t\t\t\t\tconsole.log(link);\n\t\t\t\t}\n\t\t\t<\/script>\n\t\t<\/section>\n\n\t\t\t\t<\/div>\n\t\t\t\t<\/div>\n\t\t\t\t\t<\/div>\n\t\t<\/div>\n\t\t\t\t\t<\/div>\n\t\t<\/section>\n\t\t\t\t<\/div>\n\t\t","protected":false},"excerpt":{"rendered":"<p>Migros PrivatkreditZahlungsschutz Weils mal finanziell eng werden kann. Sie brauchen ein neues Auto oder m\u00fcssen Ihre Wohnung neu einrichten? Ein vor\u00fcbergehender finanzieller Mehrbedarf l\u00e4sst sich mit einem Migros Bank Privatkredit einfach \u00fcberbr\u00fccken. Vermeiden Sie, dass in dieser Situation eine gesundheitliche oder berufliche Beeintr\u00e4chtigung Ihre Zahlungsf\u00e4higkeit einschr\u00e4nkt. Sichern Sie sich daher mit dem Privatkredit Zahlungsschutz umfassend [&hellip;]<\/p>\n","protected":false},"author":15,"featured_media":0,"parent":0,"menu_order":16,"comment_status":"closed","ping_status":"closed","template":"page-templates\/no-elementor.php","meta":{"_acf_changed":false,"footnotes":""},"class_list":["post-2012","page","type-page","status-publish","hentry"],"acf":[],"_links":{"self":[{"href":"https:\/\/www.migros-versicherungen.ch\/de\/wp-json\/wp\/v2\/pages\/2012","targetHints":{"allow":["GET"]}}],"collection":[{"href":"https:\/\/www.migros-versicherungen.ch\/de\/wp-json\/wp\/v2\/pages"}],"about":[{"href":"https:\/\/www.migros-versicherungen.ch\/de\/wp-json\/wp\/v2\/types\/page"}],"author":[{"embeddable":true,"href":"https:\/\/www.migros-versicherungen.ch\/de\/wp-json\/wp\/v2\/users\/15"}],"replies":[{"embeddable":true,"href":"https:\/\/www.migros-versicherungen.ch\/de\/wp-json\/wp\/v2\/comments?post=2012"}],"version-history":[{"count":0,"href":"https:\/\/www.migros-versicherungen.ch\/de\/wp-json\/wp\/v2\/pages\/2012\/revisions"}],"wp:attachment":[{"href":"https:\/\/www.migros-versicherungen.ch\/de\/wp-json\/wp\/v2\/media?parent=2012"}],"curies":[{"name":"wp","href":"https:\/\/api.w.org\/{rel}","templated":true}]}}