{"id":1875,"date":"2024-07-05T10:08:22","date_gmt":"2024-07-05T08:08:22","guid":{"rendered":"https:\/\/migrosproddev.wpenginepowered.com\/?page_id=1875"},"modified":"2025-09-12T19:26:13","modified_gmt":"2025-09-12T17:26:13","slug":"schadenmeldeformular-axa-migros-privatkredit-zahlungsschutz","status":"publish","type":"page","link":"https:\/\/www.migros-versicherungen.ch\/de\/privatkredit-zahlungsschutz-schadenmeldeformular\/","title":{"rendered":"Privatkredit Zahlungsschutz Schadenmeldeformular"},"content":{"rendered":"\t\t<div data-elementor-type=\"wp-page\" data-elementor-id=\"1875\" class=\"elementor elementor-1875\">\n\t\t\t\t\t\t<section class=\"elementor-section elementor-top-section elementor-element elementor-element-eeaf847 elementor-section-full_width elementor-section-height-default elementor-section-height-default\" data-id=\"eeaf847\" data-element_type=\"section\" data-e-type=\"section\">\n\t\t\t\t\t\t<div class=\"elementor-container elementor-column-gap-default\">\n\t\t\t\t\t<div class=\"elementor-column elementor-col-100 elementor-top-column elementor-element elementor-element-48eb3ea\" data-id=\"48eb3ea\" data-element_type=\"column\" data-e-type=\"column\">\n\t\t\t<div class=\"elementor-widget-wrap elementor-element-populated\">\n\t\t\t\t\t\t<div class=\"elementor-element elementor-element-55ad945 elementor-hidden-mobile elementor-widget elementor-widget-spacer\" data-id=\"55ad945\" data-element_type=\"widget\" data-e-type=\"widget\" data-widget_type=\"spacer.default\">\n\t\t\t\t<div class=\"elementor-widget-container\">\n\t\t\t\t\t\t\t<div class=\"elementor-spacer\">\n\t\t\t<div class=\"elementor-spacer-inner\"><\/div>\n\t\t<\/div>\n\t\t\t\t\t\t<\/div>\n\t\t\t\t<\/div>\n\t\t\t\t<div class=\"elementor-element elementor-element-4c4123b elementor-widget__width-initial elementor-widget-mobile__width-initial elementor-widget elementor-widget-heading\" data-id=\"4c4123b\" data-element_type=\"widget\" data-e-type=\"widget\" data-widget_type=\"heading.default\">\n\t\t\t\t<div class=\"elementor-widget-container\">\n\t\t\t\t\t<h1 class=\"elementor-heading-title elementor-size-default\">Migros Privatkredit Zahlungsschutz Schadenmeldeformular<\/h1>\t\t\t\t<\/div>\n\t\t\t\t<\/div>\n\t\t\t\t\t<\/div>\n\t\t<\/div>\n\t\t\t\t\t<\/div>\n\t\t<\/section>\n\t\t\t\t<section class=\"elementor-section elementor-top-section elementor-element elementor-element-dabb924 elementor-section-full_width elementor-section-height-default elementor-section-height-default\" data-id=\"dabb924\" data-element_type=\"section\" data-e-type=\"section\">\n\t\t\t\t\t\t<div class=\"elementor-container elementor-column-gap-default\">\n\t\t\t\t\t<div class=\"elementor-column elementor-col-50 elementor-top-column elementor-element elementor-element-825e089\" data-id=\"825e089\" data-element_type=\"column\" data-e-type=\"column\">\n\t\t\t<div class=\"elementor-widget-wrap elementor-element-populated\">\n\t\t\t\t\t\t<div class=\"elementor-element elementor-element-f70bcb5 heading-2 elementor-widget elementor-widget-heading\" data-id=\"f70bcb5\" data-element_type=\"widget\" data-e-type=\"widget\" data-widget_type=\"heading.default\">\n\t\t\t\t<div class=\"elementor-widget-container\">\n\t\t\t\t\t<h2 class=\"elementor-heading-title elementor-size-default\"><br>Sie m\u00f6chten einen Leistungsfall zu Ihrer Migros Privatkredit Zahlungsschutz Versicherung melden?<\/h2>\t\t\t\t<\/div>\n\t\t\t\t<\/div>\n\t\t\t\t\t<\/div>\n\t\t<\/div>\n\t\t\t\t<div class=\"elementor-column elementor-col-50 elementor-top-column elementor-element elementor-element-d6e7f1f elementor-hidden-mobile\" data-id=\"d6e7f1f\" data-element_type=\"column\" data-e-type=\"column\">\n\t\t\t<div class=\"elementor-widget-wrap elementor-element-populated\">\n\t\t\t\t\t\t<div class=\"elementor-element elementor-element-c87d658 elementor-widget__width-initial elementor-widget elementor-widget-heading\" data-id=\"c87d658\" data-element_type=\"widget\" data-e-type=\"widget\" data-widget_type=\"heading.default\">\n\t\t\t\t<div class=\"elementor-widget-container\">\n\t\t\t\t\t<h3 class=\"elementor-heading-title elementor-size-default\">In nur zwei Schritten erledigt!<br><br>So funktionierts<\/h3>\t\t\t\t<\/div>\n\t\t\t\t<\/div>\n\t\t\t\t<div class=\"elementor-element elementor-element-e63ec9f elementor-align-start elementor-widget__width-auto elementor-icon-list--layout-traditional elementor-list-item-link-full_width elementor-widget elementor-widget-icon-list\" data-id=\"e63ec9f\" data-element_type=\"widget\" data-e-type=\"widget\" data-widget_type=\"icon-list.default\">\n\t\t\t\t<div class=\"elementor-widget-container\">\n\t\t\t\t\t\t\t<ul class=\"elementor-icon-list-items\">\n\t\t\t\t\t\t\t<li class=\"elementor-icon-list-item\">\n\t\t\t\t\t\t\t\t\t\t\t<span class=\"elementor-icon-list-icon\">\n\t\t\t\t\t\t\t<svg xmlns=\"http:\/\/www.w3.org\/2000\/svg\" width=\"25\" height=\"24\" viewBox=\"0 0 25 24\" fill=\"none\"><circle cx=\"12.9486\" cy=\"12\" r=\"12\" fill=\"#8CBC99\"><\/circle><path d=\"M14.9274 19H12.4974V10.36H9.54541V8.65L9.83341 8.632C10.4214 8.596 10.9194 8.5 11.3274 8.344C11.7474 8.188 12.0954 7.936 12.3714 7.588C12.6594 7.24 12.8694 6.772 13.0014 6.184H14.9274V19Z\" fill=\"white\"><\/path><\/svg>\t\t\t\t\t\t<\/span>\n\t\t\t\t\t\t\t\t\t\t<span class=\"elementor-icon-list-text\">Dieses Formular ausf\u00fcllen &amp; absenden.<\/span>\n\t\t\t\t\t\t\t\t\t<\/li>\n\t\t\t\t\t\t\t\t<li class=\"elementor-icon-list-item\">\n\t\t\t\t\t\t\t\t\t\t\t<span class=\"elementor-icon-list-icon\">\n\t\t\t\t\t\t\t<svg xmlns=\"http:\/\/www.w3.org\/2000\/svg\" width=\"25\" height=\"24\" viewBox=\"0 0 25 24\" fill=\"none\"><circle cx=\"12.9486\" cy=\"12\" r=\"12\" fill=\"#8CBC99\"><\/circle><path d=\"M17.13 16.948V19H7.86001V18.046C7.86001 17.026 8.09401 16.078 8.56201 15.202C9.04201 14.314 9.93601 13.576 11.244 12.988L12.504 12.34C13.236 11.98 13.758 11.614 14.07 11.242C14.394 10.87 14.556 10.408 14.556 9.856C14.556 9.268 14.37 8.806 13.998 8.47C13.626 8.122 13.11 7.948 12.45 7.948C11.742 7.948 11.196 8.14 10.812 8.524C10.428 8.896 10.236 9.484 10.236 10.288H7.89601C7.88401 9.388 8.04601 8.608 8.38201 7.948C8.73001 7.288 9.25201 6.784 9.94801 6.436C10.644 6.076 11.502 5.896 12.522 5.896C13.422 5.896 14.208 6.058 14.88 6.382C15.564 6.706 16.086 7.156 16.446 7.732C16.818 8.296 17.004 8.944 17.004 9.676C17.004 10.348 16.878 10.942 16.626 11.458C16.386 11.974 16.02 12.442 15.528 12.862C15.036 13.27 14.4 13.666 13.62 14.05L12.432 14.68C12 14.908 11.652 15.124 11.388 15.328C11.136 15.532 10.938 15.766 10.794 16.03C10.65 16.282 10.566 16.588 10.542 16.948H17.13Z\" fill=\"white\"><\/path><\/svg>\t\t\t\t\t\t<\/span>\n\t\t\t\t\t\t\t\t\t\t<span class=\"elementor-icon-list-text\">Unser Versicherungspartner AXA meldet sich schnellstm\u00f6glich bei Ihnen, um Ihren Leistungsfall zu bearbeiten.<\/span>\n\t\t\t\t\t\t\t\t\t<\/li>\n\t\t\t\t\t\t<\/ul>\n\t\t\t\t\t\t<\/div>\n\t\t\t\t<\/div>\n\t\t\t\t\t<\/div>\n\t\t<\/div>\n\t\t\t\t\t<\/div>\n\t\t<\/section>\n\t\t\t\t<section class=\"elementor-section elementor-top-section elementor-element elementor-element-7775adf elementor-hidden-desktop elementor-hidden-tablet elementor-section-boxed elementor-section-height-default elementor-section-height-default\" data-id=\"7775adf\" data-element_type=\"section\" data-e-type=\"section\">\n\t\t\t\t\t\t<div class=\"elementor-container elementor-column-gap-default\">\n\t\t\t\t\t<div class=\"elementor-column elementor-col-50 elementor-top-column elementor-element elementor-element-d3fe915 elementor-hidden-tablet elementor-hidden-mobile\" data-id=\"d3fe915\" data-element_type=\"column\" data-e-type=\"column\">\n\t\t\t<div class=\"elementor-widget-wrap\">\n\t\t\t\t\t\t\t<\/div>\n\t\t<\/div>\n\t\t\t\t<div class=\"elementor-column elementor-col-50 elementor-top-column elementor-element elementor-element-db1a78f\" data-id=\"db1a78f\" data-element_type=\"column\" data-e-type=\"column\">\n\t\t\t<div class=\"elementor-widget-wrap elementor-element-populated\">\n\t\t\t\t\t\t<div class=\"elementor-element elementor-element-7199a9a elementor-widget__width-initial elementor-widget elementor-widget-heading\" data-id=\"7199a9a\" data-element_type=\"widget\" data-e-type=\"widget\" data-widget_type=\"heading.default\">\n\t\t\t\t<div class=\"elementor-widget-container\">\n\t\t\t\t\t<h3 class=\"elementor-heading-title elementor-size-default\">So funktionierts<\/h3>\t\t\t\t<\/div>\n\t\t\t\t<\/div>\n\t\t\t\t<div class=\"elementor-element elementor-element-c8804b2 elementor-align-start elementor-widget__width-auto elementor-icon-list--layout-traditional elementor-list-item-link-full_width elementor-widget elementor-widget-icon-list\" data-id=\"c8804b2\" data-element_type=\"widget\" data-e-type=\"widget\" data-widget_type=\"icon-list.default\">\n\t\t\t\t<div class=\"elementor-widget-container\">\n\t\t\t\t\t\t\t<ul class=\"elementor-icon-list-items\">\n\t\t\t\t\t\t\t<li class=\"elementor-icon-list-item\">\n\t\t\t\t\t\t\t\t\t\t\t<span class=\"elementor-icon-list-icon\">\n\t\t\t\t\t\t\t<svg xmlns=\"http:\/\/www.w3.org\/2000\/svg\" width=\"25\" height=\"24\" viewBox=\"0 0 25 24\" fill=\"none\"><circle cx=\"12.9486\" cy=\"12\" r=\"12\" fill=\"#8CBC99\"><\/circle><path d=\"M14.9274 19H12.4974V10.36H9.54541V8.65L9.83341 8.632C10.4214 8.596 10.9194 8.5 11.3274 8.344C11.7474 8.188 12.0954 7.936 12.3714 7.588C12.6594 7.24 12.8694 6.772 13.0014 6.184H14.9274V19Z\" fill=\"white\"><\/path><\/svg>\t\t\t\t\t\t<\/span>\n\t\t\t\t\t\t\t\t\t\t<span class=\"elementor-icon-list-text\">Dieses Formular ausf\u00fcllen &amp; absenden<\/span>\n\t\t\t\t\t\t\t\t\t<\/li>\n\t\t\t\t\t\t\t\t<li class=\"elementor-icon-list-item\">\n\t\t\t\t\t\t\t\t\t\t\t<span class=\"elementor-icon-list-icon\">\n\t\t\t\t\t\t\t<svg xmlns=\"http:\/\/www.w3.org\/2000\/svg\" width=\"25\" height=\"24\" viewBox=\"0 0 25 24\" fill=\"none\"><circle cx=\"12.9486\" cy=\"12\" r=\"12\" fill=\"#8CBC99\"><\/circle><path d=\"M17.13 16.948V19H7.86001V18.046C7.86001 17.026 8.09401 16.078 8.56201 15.202C9.04201 14.314 9.93601 13.576 11.244 12.988L12.504 12.34C13.236 11.98 13.758 11.614 14.07 11.242C14.394 10.87 14.556 10.408 14.556 9.856C14.556 9.268 14.37 8.806 13.998 8.47C13.626 8.122 13.11 7.948 12.45 7.948C11.742 7.948 11.196 8.14 10.812 8.524C10.428 8.896 10.236 9.484 10.236 10.288H7.89601C7.88401 9.388 8.04601 8.608 8.38201 7.948C8.73001 7.288 9.25201 6.784 9.94801 6.436C10.644 6.076 11.502 5.896 12.522 5.896C13.422 5.896 14.208 6.058 14.88 6.382C15.564 6.706 16.086 7.156 16.446 7.732C16.818 8.296 17.004 8.944 17.004 9.676C17.004 10.348 16.878 10.942 16.626 11.458C16.386 11.974 16.02 12.442 15.528 12.862C15.036 13.27 14.4 13.666 13.62 14.05L12.432 14.68C12 14.908 11.652 15.124 11.388 15.328C11.136 15.532 10.938 15.766 10.794 16.03C10.65 16.282 10.566 16.588 10.542 16.948H17.13Z\" fill=\"white\"><\/path><\/svg>\t\t\t\t\t\t<\/span>\n\t\t\t\t\t\t\t\t\t\t<span class=\"elementor-icon-list-text\">Unser Versicherungspartner AXA meldet sich schnellstm\u00f6glich bei Ihnen, um Ihren Leistungsfall zu bearbeiten.<\/span>\n\t\t\t\t\t\t\t\t\t<\/li>\n\t\t\t\t\t\t<\/ul>\n\t\t\t\t\t\t<\/div>\n\t\t\t\t<\/div>\n\t\t\t\t\t<\/div>\n\t\t<\/div>\n\t\t\t\t\t<\/div>\n\t\t<\/section>\n\t\t\t\t<section class=\"elementor-section elementor-top-section elementor-element elementor-element-6c033f3 elementor-section-full_width elementor-section-height-default elementor-section-height-default\" data-id=\"6c033f3\" data-element_type=\"section\" data-e-type=\"section\">\n\t\t\t\t\t\t<div class=\"elementor-container elementor-column-gap-wider\">\n\t\t\t\t\t<div class=\"elementor-column elementor-col-50 elementor-top-column elementor-element elementor-element-8f475f2\" data-id=\"8f475f2\" data-element_type=\"column\" data-e-type=\"column\">\n\t\t\t<div class=\"elementor-widget-wrap elementor-element-populated\">\n\t\t\t\t\t\t<div class=\"elementor-element elementor-element-f2c8c79 elementor-widget__width-initial elementor-widget elementor-widget-shortcode\" data-id=\"f2c8c79\" data-element_type=\"widget\" data-e-type=\"widget\" data-widget_type=\"shortcode.default\">\n\t\t\t\t<div class=\"elementor-widget-container\">\n\t\t\t\t\t\t\t<div class=\"elementor-shortcode\">\n<div class=\"wpcf7 no-js\" id=\"wpcf7-f1876-o1\" lang=\"de-DE\" dir=\"ltr\" data-wpcf7-id=\"1876\">\n<div class=\"screen-reader-response\"><p role=\"status\" aria-live=\"polite\" aria-atomic=\"true\"><\/p> <ul><\/ul><\/div>\n<form action=\"\/de\/wp-json\/wp\/v2\/pages\/1875#wpcf7-f1876-o1\" method=\"post\" class=\"wpcf7-form init\" aria-label=\"Kontaktformular\" novalidate=\"novalidate\" data-status=\"init\">\n<fieldset class=\"hidden-fields-container\"><input type=\"hidden\" name=\"_wpcf7\" value=\"1876\" \/><input type=\"hidden\" name=\"_wpcf7_version\" value=\"6.1.5\" \/><input type=\"hidden\" name=\"_wpcf7_locale\" value=\"de_DE\" \/><input type=\"hidden\" name=\"_wpcf7_unit_tag\" value=\"wpcf7-f1876-o1\" \/><input type=\"hidden\" name=\"_wpcf7_container_post\" value=\"0\" \/><input type=\"hidden\" name=\"_wpcf7_posted_data_hash\" value=\"\" \/><input type=\"hidden\" name=\"_wpcf7_recaptcha_response\" value=\"\" \/>\n<\/fieldset>\n<h4>Angaben zu Ihrer Versicherung<\/h4>\n<label>Aktuelle Vertragsnummer<\/label>\n<span class=\"wpcf7-form-control-wrap\" data-name=\"police-number\"><input size=\"40\" maxlength=\"400\" class=\"wpcf7-form-control wpcf7-text\" aria-invalid=\"false\" placeholder=\"Aktuelle Vertragsnummer\" value=\"\" type=\"text\" name=\"police-number\" \/><\/span>\n\n<label>Meldedatum (bei Migros Versicherungen)<\/label>\n<div class=\"datepicker-with-checkbox\">\n  <span class=\"wpcf7-form-control-wrap\" data-name=\"time\"><input size=\"40\" maxlength=\"400\" class=\"wpcf7-form-control wpcf7-text walcf7-datepicker\" id=\"cancellationDate\" aria-invalid=\"false\" placeholder=\"tt.mm.jjjj\" value=\"\" type=\"text\" name=\"time\" \/><\/span>\n<\/div>\n\n<label>Ereignisdatum (sofern bekannt)<\/label>\n<div class=\"datepicker-with-checkbox\">\n  <span class=\"wpcf7-form-control-wrap\" data-name=\"time2\"><input size=\"40\" maxlength=\"400\" class=\"wpcf7-form-control wpcf7-text walcf7-datepicker\" aria-invalid=\"false\" placeholder=\"tt.mm.jjjj\" value=\"\" type=\"text\" name=\"time2\" \/><\/span>\n<\/div>\n\n<label>Zu welchem Ereignis m\u00f6chten Sie einen Leistungsfall melden?<\/label>\n<span class=\"wpcf7-form-control-wrap\" data-name=\"reason\"><span class=\"wpcf7-form-control wpcf7-radio\"><span class=\"wpcf7-list-item first\"><label><input type=\"radio\" name=\"reason\" value=\"Todesfall\" \/><span class=\"wpcf7-list-item-label\">Todesfall<\/span><\/label><\/span><span class=\"wpcf7-list-item\"><label><input type=\"radio\" name=\"reason\" value=\"Arbeitsunf\u00e4higkeit Unfall\" \/><span class=\"wpcf7-list-item-label\">Arbeitsunf\u00e4higkeit Unfall<\/span><\/label><\/span><span class=\"wpcf7-list-item\"><label><input type=\"radio\" name=\"reason\" value=\"Arbeitsunf\u00e4higkeit Krankheit\" \/><span class=\"wpcf7-list-item-label\">Arbeitsunf\u00e4higkeit Krankheit<\/span><\/label><\/span><span class=\"wpcf7-list-item\"><label><input type=\"radio\" name=\"reason\" value=\"Erwerbsunf\u00e4higkeit Unfall\" \/><span class=\"wpcf7-list-item-label\">Erwerbsunf\u00e4higkeit Unfall<\/span><\/label><\/span><span class=\"wpcf7-list-item\"><label><input type=\"radio\" name=\"reason\" value=\"Erwerbsunf\u00e4higkeit Krankheit\" \/><span class=\"wpcf7-list-item-label\">Erwerbsunf\u00e4higkeit Krankheit<\/span><\/label><\/span><span class=\"wpcf7-list-item\"><label><input type=\"radio\" name=\"reason\" value=\"Arbeitslosigkeit\" \/><span class=\"wpcf7-list-item-label\">Arbeitslosigkeit<\/span><\/label><\/span><span class=\"wpcf7-list-item\"><label><input type=\"radio\" name=\"reason\" value=\"Rechtsberatung Arbeitsrecht\" \/><span class=\"wpcf7-list-item-label\">Rechtsberatung Arbeitsrecht<\/span><\/label><\/span><span class=\"wpcf7-list-item last\"><label><input type=\"radio\" name=\"reason\" value=\"Rechtsberatung Sozialversicherungsrecht\" \/><span class=\"wpcf7-list-item-label\">Rechtsberatung Sozialversicherungsrecht<\/span><\/label><\/span><\/span><\/span><\/label>\n\n<h4>Pers\u00f6nliche Angaben der versicherten Person<\/h4>\n\n<label>Vorname*<\/label>\n<span class=\"wpcf7-form-control-wrap\" data-name=\"your-name\"><input size=\"40\" maxlength=\"400\" class=\"wpcf7-form-control wpcf7-text wpcf7-validates-as-required\" autocomplete=\"given-name\" aria-required=\"true\" aria-invalid=\"false\" placeholder=\"Vorname\" value=\"\" type=\"text\" name=\"your-name\" \/><\/span>\n\n<label>Nachname*<\/label>\n<span class=\"wpcf7-form-control-wrap\" data-name=\"surname\"><input size=\"40\" maxlength=\"400\" class=\"wpcf7-form-control wpcf7-text wpcf7-validates-as-required\" autocomplete=\"family-name\" aria-required=\"true\" aria-invalid=\"false\" placeholder=\"Nachname\" value=\"\" type=\"text\" name=\"surname\" \/><\/span>\n\n<label>Geburtsdatum*<\/label>\n<span class=\"wpcf7-form-control-wrap\" data-name=\"birth-date\"><input size=\"40\" maxlength=\"400\" class=\"wpcf7-form-control wpcf7-text wpcf7-validates-as-required\" autocomplete=\"birth-date\" aria-required=\"true\" aria-invalid=\"false\" placeholder=\"Geburtsdatum\" value=\"\" type=\"text\" name=\"birth-date\" \/><\/span>\n\n<label>E-Mail*<\/label>\n<span class=\"wpcf7-form-control-wrap\" data-name=\"your-email\"><input size=\"40\" maxlength=\"400\" class=\"wpcf7-form-control wpcf7-email wpcf7-validates-as-required wpcf7-text wpcf7-validates-as-email\" autocomplete=\"email\" aria-required=\"true\" aria-invalid=\"false\" placeholder=\"E-Mail\" value=\"\" type=\"email\" name=\"your-email\" \/><\/span>\n\n<label>Telefonnummer (optional)<\/label>\n<span class=\"wpcf7-form-control-wrap\" data-name=\"your-tel\"><input size=\"40\" maxlength=\"400\" class=\"wpcf7-form-control wpcf7-tel wpcf7-text wpcf7-validates-as-tel\" aria-invalid=\"false\" placeholder=\"+41\" value=\"\" type=\"tel\" name=\"your-tel\" \/><\/span>\n\n<label>Strasse*<\/label>\n<span class=\"wpcf7-form-control-wrap\" data-name=\"street\"><input size=\"40\" maxlength=\"400\" class=\"wpcf7-form-control wpcf7-text wpcf7-validates-as-required\" autocomplete=\"street-address\" aria-required=\"true\" aria-invalid=\"false\" placeholder=\"Strasse\" value=\"\" type=\"text\" name=\"street\" \/><\/span>\n\n<label>PLZ*<\/label>\n<span class=\"wpcf7-form-control-wrap\" data-name=\"plz\"><input class=\"wpcf7-form-control wpcf7-number wpcf7-validates-as-required wpcf7-validates-as-number\" min=\"1000\" max=\"9683\" autocomplete=\"postal-code\" aria-required=\"true\" aria-invalid=\"false\" placeholder=\"PLZ\" value=\"\" type=\"number\" name=\"plz\" \/><\/span>\n\n<label>Ort*<\/label>\n<span class=\"wpcf7-form-control-wrap\" data-name=\"ort\"><input size=\"40\" maxlength=\"400\" class=\"wpcf7-form-control wpcf7-text wpcf7-validates-as-required\" autocomplete=\"address-level2\" aria-required=\"true\" aria-invalid=\"false\" placeholder=\"Ort\" value=\"\" type=\"text\" name=\"ort\" \/><\/span>\n\n<h4>Kontaktperson (sofern der Schadenfall nicht von der versicherten Person bei Migros Versicherungen gemeldet wurde)<\/h4>\n\n<label>Vorname*<\/label>\n<span class=\"wpcf7-form-control-wrap\" data-name=\"your-name2\"><input size=\"40\" maxlength=\"400\" class=\"wpcf7-form-control wpcf7-text wpcf7-validates-as-required\" autocomplete=\"given-name\" aria-required=\"true\" aria-invalid=\"false\" placeholder=\"Vorname\" value=\"\" type=\"text\" name=\"your-name2\" \/><\/span>\n\n<label>Nachname*<\/label>\n<span class=\"wpcf7-form-control-wrap\" data-name=\"surname2\"><input size=\"40\" maxlength=\"400\" class=\"wpcf7-form-control wpcf7-text wpcf7-validates-as-required\" autocomplete=\"family-name\" aria-required=\"true\" aria-invalid=\"false\" placeholder=\"Nachname\" value=\"\" type=\"text\" name=\"surname2\" \/><\/span>\n\n<label>E-Mail*<\/label>\n<span class=\"wpcf7-form-control-wrap\" data-name=\"your-email2\"><input size=\"40\" maxlength=\"400\" class=\"wpcf7-form-control wpcf7-email wpcf7-validates-as-required wpcf7-text wpcf7-validates-as-email\" autocomplete=\"email\" aria-required=\"true\" aria-invalid=\"false\" placeholder=\"E-Mail\" value=\"\" type=\"email\" name=\"your-email2\" \/><\/span>\n\n<label>Telefonnummer (optional)<\/label>\n<span class=\"wpcf7-form-control-wrap\" data-name=\"your-tel2\"><input size=\"40\" maxlength=\"400\" class=\"wpcf7-form-control wpcf7-tel wpcf7-text wpcf7-validates-as-tel\" aria-invalid=\"false\" placeholder=\"+41\" value=\"\" type=\"tel\" name=\"your-tel2\" \/><\/span>\n\n<p class=\"form-submit-button\">\n  <input class=\"wpcf7-form-control wpcf7-submit has-spinner\" type=\"submit\" value=\"Jetzt absenden!\" \/>\n<\/p><div class=\"wpcf7-response-output\" aria-hidden=\"true\"><\/div>\n<\/form>\n<\/div>\n\n<\/div>\n\t\t\t\t\t\t<\/div>\n\t\t\t\t<\/div>\n\t\t\t\t\t<\/div>\n\t\t<\/div>\n\t\t\t\t<div class=\"elementor-column elementor-col-50 elementor-top-column elementor-element elementor-element-69b37d1\" data-id=\"69b37d1\" data-element_type=\"column\" data-e-type=\"column\">\n\t\t\t<div class=\"elementor-widget-wrap elementor-element-populated\">\n\t\t\t\t\t\t<section class=\"elementor-section elementor-inner-section elementor-element elementor-element-b1e007d elementor-section-full_width elementor-section-height-default elementor-section-height-default\" data-id=\"b1e007d\" data-element_type=\"section\" data-e-type=\"section\">\n\t\t\t\t\t\t<div class=\"elementor-container elementor-column-gap-default\">\n\t\t\t\t\t<div class=\"elementor-column elementor-col-100 elementor-inner-column elementor-element elementor-element-510e899 function-list\" data-id=\"510e899\" data-element_type=\"column\" data-e-type=\"column\">\n\t\t\t<div class=\"elementor-widget-wrap\">\n\t\t\t\t\t\t\t<\/div>\n\t\t<\/div>\n\t\t\t\t\t<\/div>\n\t\t<\/section>\n\t\t\t\t\t<\/div>\n\t\t<\/div>\n\t\t\t\t\t<\/div>\n\t\t<\/section>\n\t\t\t\t<\/div>\n\t\t","protected":false},"excerpt":{"rendered":"<p>Migros Privatkredit Zahlungsschutz Schadenmeldeformular Sie m\u00f6chten einen Leistungsfall zu Ihrer Migros Privatkredit Zahlungsschutz Versicherung melden? In nur zwei Schritten erledigt! So funktionierts &nbsp; Dieses Formular ausf\u00fcllen &amp; absenden. Unser Versicherungspartner AXA meldet sich schnellstm\u00f6glich bei Ihnen, um Ihren Leistungsfall zu bearbeiten. So funktionierts Dieses Formular ausf\u00fcllen &amp; absenden Unser Versicherungspartner AXA meldet sich schnellstm\u00f6glich bei [&hellip;]<\/p>\n","protected":false},"author":13,"featured_media":0,"parent":0,"menu_order":49,"comment_status":"closed","ping_status":"closed","template":"","meta":{"_acf_changed":false,"footnotes":""},"class_list":["post-1875","page","type-page","status-publish","hentry"],"acf":[],"_links":{"self":[{"href":"https:\/\/www.migros-versicherungen.ch\/de\/wp-json\/wp\/v2\/pages\/1875","targetHints":{"allow":["GET"]}}],"collection":[{"href":"https:\/\/www.migros-versicherungen.ch\/de\/wp-json\/wp\/v2\/pages"}],"about":[{"href":"https:\/\/www.migros-versicherungen.ch\/de\/wp-json\/wp\/v2\/types\/page"}],"author":[{"embeddable":true,"href":"https:\/\/www.migros-versicherungen.ch\/de\/wp-json\/wp\/v2\/users\/13"}],"replies":[{"embeddable":true,"href":"https:\/\/www.migros-versicherungen.ch\/de\/wp-json\/wp\/v2\/comments?post=1875"}],"version-history":[{"count":0,"href":"https:\/\/www.migros-versicherungen.ch\/de\/wp-json\/wp\/v2\/pages\/1875\/revisions"}],"wp:attachment":[{"href":"https:\/\/www.migros-versicherungen.ch\/de\/wp-json\/wp\/v2\/media?parent=1875"}],"curies":[{"name":"wp","href":"https:\/\/api.w.org\/{rel}","templated":true}]}}