{"id":1664,"date":"2022-10-26T13:44:34","date_gmt":"2022-10-26T11:44:34","guid":{"rendered":"https:\/\/migrosproddev.wpenginepowered.com\/?page_id=1664"},"modified":"2025-09-12T19:50:52","modified_gmt":"2025-09-12T17:50:52","slug":"ueber-uns","status":"publish","type":"page","link":"https:\/\/www.migros-versicherungen.ch\/de\/ueber-uns\/","title":{"rendered":"\u00dcber uns"},"content":{"rendered":"\t\t<div data-elementor-type=\"wp-page\" data-elementor-id=\"1664\" class=\"elementor elementor-1664\">\n\t\t\t\t\t\t<section class=\"elementor-section elementor-top-section elementor-element elementor-element-9611e1c elementor-section-full_width elementor-section-height-default elementor-section-height-default\" data-id=\"9611e1c\" data-element_type=\"section\" data-e-type=\"section\">\n\t\t\t\t\t\t<div class=\"elementor-container elementor-column-gap-no\">\n\t\t\t\t\t<div class=\"elementor-column elementor-col-50 elementor-top-column elementor-element elementor-element-2e82ec2\" data-id=\"2e82ec2\" data-element_type=\"column\" data-e-type=\"column\">\n\t\t\t<div class=\"elementor-widget-wrap elementor-element-populated\">\n\t\t\t\t\t\t<div class=\"elementor-element elementor-element-411c09d elementor-widget elementor-widget-heading\" data-id=\"411c09d\" data-element_type=\"widget\" data-e-type=\"widget\" data-widget_type=\"heading.default\">\n\t\t\t\t<div class=\"elementor-widget-container\">\n\t\t\t\t\t<h1 class=\"elementor-heading-title elementor-size-default\">Wer wir sind und was uns auszeichnet<\/h1>\t\t\t\t<\/div>\n\t\t\t\t<\/div>\n\t\t\t\t<div class=\"elementor-element elementor-element-3599ee4 elementor-widget elementor-widget-heading\" data-id=\"3599ee4\" data-element_type=\"widget\" data-e-type=\"widget\" data-widget_type=\"heading.default\">\n\t\t\t\t<div class=\"elementor-widget-container\">\n\t\t\t\t\t<h2 class=\"elementor-heading-title elementor-size-default\">Unsere Mission<\/h2>\t\t\t\t<\/div>\n\t\t\t\t<\/div>\n\t\t\t\t<div class=\"elementor-element elementor-element-d3fd700 elementor-widget elementor-widget-text-editor\" data-id=\"d3fd700\" data-element_type=\"widget\" data-e-type=\"widget\" data-widget_type=\"text-editor.default\">\n\t\t\t\t<div class=\"elementor-widget-container\">\n\t\t\t\t\t\t\t\t\t<p>Wer sich einmal durch den Versicherungsdschungel gek\u00e4mpft hat, weiss, dass dies so aufregend und gleichzeitig irref\u00fchrend sein kann wie ein Spaziergang im Labyrinth: Es gibt tausend Wege, wenig \u00dcbersicht, Sackgassen und fiese Fallstricke. Bei vielen Versicherungen weiss man nie wirklich, was drin steckt, und bezahlt oft f\u00fcr Leistungen, die man gar nicht braucht. Als Laie l\u00e4uft man sogar Gefahr, dass wichtige Risiken unwissentlich nicht versichert sind. Damit m\u00f6chten wir Schluss machen. Wir stellen den Menschen und seine Bed\u00fcrfnisse in den Mittelpunkt. Die richtige Versicherung ist Gold wert: Wer schnelle, ehrliche und gute Versicherungsprodukte sch\u00e4tzt, ist bei uns genau richtig, denn wir bieten Premiumschutz zum Migros-Preis: online, fair, aufs Wesentliche fokussiert und so einfach wie ein Einkauf bei der Migros.<\/p>\t\t\t\t\t\t\t\t<\/div>\n\t\t\t\t<\/div>\n\t\t\t\t\t<\/div>\n\t\t<\/div>\n\t\t\t\t<div class=\"elementor-column elementor-col-50 elementor-top-column elementor-element elementor-element-546f11e elementor-hidden-tablet elementor-hidden-mobile\" data-id=\"546f11e\" data-element_type=\"column\" data-e-type=\"column\">\n\t\t\t<div class=\"elementor-widget-wrap\">\n\t\t\t\t\t\t\t<\/div>\n\t\t<\/div>\n\t\t\t\t\t<\/div>\n\t\t<\/section>\n\t\t\t\t<section class=\"elementor-section elementor-top-section elementor-element elementor-element-d9a3b3a elementor-section-full_width elementor-hidden-tablet elementor-hidden-mobile elementor-section-height-default elementor-section-height-default\" data-id=\"d9a3b3a\" data-element_type=\"section\" data-e-type=\"section\">\n\t\t\t\t\t\t<div class=\"elementor-container elementor-column-gap-no\">\n\t\t\t\t\t<div class=\"elementor-column elementor-col-100 elementor-top-column elementor-element elementor-element-3f860c5\" data-id=\"3f860c5\" data-element_type=\"column\" data-e-type=\"column\">\n\t\t\t<div class=\"elementor-widget-wrap elementor-element-populated\">\n\t\t\t\t\t\t<div class=\"elementor-element elementor-element-07befa2 elementor-widget__width-inherit elementor-absolute elementor-widget elementor-widget-image\" data-id=\"07befa2\" data-element_type=\"widget\" data-e-type=\"widget\" data-settings=\"{&quot;_position&quot;:&quot;absolute&quot;}\" data-widget_type=\"image.default\">\n\t\t\t\t<div class=\"elementor-widget-container\">\n\t\t\t\t\t\t\t\t\t\t\t\t\t\t\t<img fetchpriority=\"high\" decoding=\"async\" width=\"1239\" height=\"530\" src=\"https:\/\/www.migros-versicherungen.ch\/assets\/home-bg.png\" class=\"attachment-full size-full wp-image-1038\" alt=\"\" srcset=\"https:\/\/www.migros-versicherungen.ch\/assets\/home-bg.png 1239w, https:\/\/www.migros-versicherungen.ch\/assets\/home-bg-300x128.png 300w, https:\/\/www.migros-versicherungen.ch\/assets\/home-bg-1024x438.png 1024w, https:\/\/www.migros-versicherungen.ch\/assets\/home-bg-768x329.png 768w\" sizes=\"(max-width: 1239px) 100vw, 1239px\" \/>\t\t\t\t\t\t\t\t\t\t\t\t\t\t\t<\/div>\n\t\t\t\t<\/div>\n\t\t\t\t\t<\/div>\n\t\t<\/div>\n\t\t\t\t\t<\/div>\n\t\t<\/section>\n\t\t\t\t<section class=\"elementor-section elementor-top-section elementor-element elementor-element-be215e8 elementor-section-full_width elementor-section-height-default elementor-section-height-default\" data-id=\"be215e8\" data-element_type=\"section\" data-e-type=\"section\">\n\t\t\t\t\t\t<div class=\"elementor-container elementor-column-gap-no\">\n\t\t\t\t\t<div class=\"elementor-column elementor-col-50 elementor-top-column elementor-element elementor-element-878a702\" data-id=\"878a702\" data-element_type=\"column\" data-e-type=\"column\">\n\t\t\t<div class=\"elementor-widget-wrap elementor-element-populated\">\n\t\t\t\t\t\t<div class=\"elementor-element elementor-element-8cc8b4e elementor-widget elementor-widget-heading\" data-id=\"8cc8b4e\" data-element_type=\"widget\" data-e-type=\"widget\" data-widget_type=\"heading.default\">\n\t\t\t\t<div class=\"elementor-widget-container\">\n\t\t\t\t\t<h2 class=\"elementor-heading-title elementor-size-default\">Unser Angebot<\/h2>\t\t\t\t<\/div>\n\t\t\t\t<\/div>\n\t\t\t\t<div class=\"elementor-element elementor-element-f9798a6 elementor-widget elementor-widget-text-editor\" data-id=\"f9798a6\" data-element_type=\"widget\" data-e-type=\"widget\" data-widget_type=\"text-editor.default\">\n\t\t\t\t<div class=\"elementor-widget-container\">\n\t\t\t\t\t\t\t\t\t<p>Wir offerieren nur Produkte, von denen wir pers\u00f6nlich \u00fcberzeugt sind und die wir mit gutem Gewissen empfehlen k\u00f6nnen. Alle wichtigen Risiken sind bei uns direkt in unseren Basisprodukten integriert. Stolpersteine und Schikanen wie Leistungsk\u00fcrzung bei Grobfahrl\u00e4ssigkeit, endlose Vertragsbindungen und lange K\u00fcndigungsfristen geh\u00f6ren nicht zu unserem Stil \u2013 ganz im Gegenteil: Wir bieten echten Versicherungsschutz zu attraktiven Konditionen und belohnen Treue lieber mit Cumulus-Punkten als mit Sperrfristen.<\/p>\t\t\t\t\t\t\t\t<\/div>\n\t\t\t\t<\/div>\n\t\t\t\t\t<\/div>\n\t\t<\/div>\n\t\t\t\t<div class=\"elementor-column elementor-col-50 elementor-top-column elementor-element elementor-element-243d37a elementor-hidden-tablet elementor-hidden-mobile\" data-id=\"243d37a\" data-element_type=\"column\" data-e-type=\"column\">\n\t\t\t<div class=\"elementor-widget-wrap elementor-element-populated\">\n\t\t\t\t\t\t<div class=\"elementor-element elementor-element-4510229 elementor-widget__width-initial elementor-absolute elementor-widget elementor-widget-image\" data-id=\"4510229\" data-element_type=\"widget\" data-e-type=\"widget\" data-settings=\"{&quot;_position&quot;:&quot;absolute&quot;}\" data-widget_type=\"image.default\">\n\t\t\t\t<div class=\"elementor-widget-container\">\n\t\t\t\t\t\t\t\t\t\t\t\t\t\t\t<img decoding=\"async\" src=\"https:\/\/www.migros-versicherungen.ch\/assets\/Ueberuns.jpg\" title=\"\u00dcberuns\" alt=\"1319451794\" loading=\"lazy\" \/>\t\t\t\t\t\t\t\t\t\t\t\t\t\t\t<\/div>\n\t\t\t\t<\/div>\n\t\t\t\t\t<\/div>\n\t\t<\/div>\n\t\t\t\t\t<\/div>\n\t\t<\/section>\n\t\t\t\t<section class=\"elementor-section elementor-top-section elementor-element elementor-element-ec89b72 elementor-section-full_width elementor-section-height-default elementor-section-height-default\" data-id=\"ec89b72\" data-element_type=\"section\" data-e-type=\"section\">\n\t\t\t\t\t\t<div class=\"elementor-container elementor-column-gap-no\">\n\t\t\t\t\t<div class=\"elementor-column elementor-col-50 elementor-top-column elementor-element elementor-element-2b8bd3f\" data-id=\"2b8bd3f\" data-element_type=\"column\" data-e-type=\"column\">\n\t\t\t<div class=\"elementor-widget-wrap elementor-element-populated\">\n\t\t\t\t\t\t<div class=\"elementor-element elementor-element-c520aad elementor-widget elementor-widget-heading\" data-id=\"c520aad\" data-element_type=\"widget\" data-e-type=\"widget\" data-widget_type=\"heading.default\">\n\t\t\t\t<div class=\"elementor-widget-container\">\n\t\t\t\t\t<h2 class=\"elementor-heading-title elementor-size-default\">Wie wir das erreichen?<\/h2>\t\t\t\t<\/div>\n\t\t\t\t<\/div>\n\t\t\t\t<div class=\"elementor-element elementor-element-963b896 elementor-widget elementor-widget-text-editor\" data-id=\"963b896\" data-element_type=\"widget\" data-e-type=\"widget\" data-widget_type=\"text-editor.default\">\n\t\t\t\t<div class=\"elementor-widget-container\">\n\t\t\t\t\t\t\t\t\t<p>Der technologische Wandel macht\u2019s m\u00f6glich: Versicherung heute geht auch ohne Glaspal\u00e4ste, Manager-Boni und Vertreterbesuche. Online oder direkt bei der Migros Bank geht es besser, einfacher und g\u00fcnstiger. Migros Versicherungen sind ein Angebot der Migros Bank und bieten gemeinsam mit ausgew\u00e4hlten Partnern und einem einfachen Konzept viel Schutz, null Schnickschnack und transparente, faire Online-Preise. Das Vertrauen in die Migros ist Teil unserer Philosophie und wir wissen genau, auf was es unseren Kundinnen und Kunden im Schadenfall ankommt.<\/p>\t\t\t\t\t\t\t\t<\/div>\n\t\t\t\t<\/div>\n\t\t\t\t\t<\/div>\n\t\t<\/div>\n\t\t\t\t<div class=\"elementor-column elementor-col-50 elementor-top-column elementor-element elementor-element-5d25311 elementor-hidden-tablet elementor-hidden-mobile\" data-id=\"5d25311\" data-element_type=\"column\" data-e-type=\"column\">\n\t\t\t<div class=\"elementor-widget-wrap\">\n\t\t\t\t\t\t\t<\/div>\n\t\t<\/div>\n\t\t\t\t\t<\/div>\n\t\t<\/section>\n\t\t\t\t<\/div>\n\t\t","protected":false},"excerpt":{"rendered":"<p>Wer wir sind und was uns auszeichnet Unsere Mission Wer sich einmal durch den Versicherungsdschungel gek\u00e4mpft hat, weiss, dass dies so aufregend und gleichzeitig irref\u00fchrend sein kann wie ein Spaziergang im Labyrinth: Es gibt tausend Wege, wenig \u00dcbersicht, Sackgassen und fiese Fallstricke. Bei vielen Versicherungen weiss man nie wirklich, was drin steckt, und bezahlt oft [&hellip;]<\/p>\n","protected":false},"author":10,"featured_media":0,"parent":0,"menu_order":39,"comment_status":"closed","ping_status":"closed","template":"","meta":{"_acf_changed":false,"footnotes":""},"class_list":["post-1664","page","type-page","status-publish","hentry"],"acf":[],"_links":{"self":[{"href":"https:\/\/www.migros-versicherungen.ch\/de\/wp-json\/wp\/v2\/pages\/1664","targetHints":{"allow":["GET"]}}],"collection":[{"href":"https:\/\/www.migros-versicherungen.ch\/de\/wp-json\/wp\/v2\/pages"}],"about":[{"href":"https:\/\/www.migros-versicherungen.ch\/de\/wp-json\/wp\/v2\/types\/page"}],"author":[{"embeddable":true,"href":"https:\/\/www.migros-versicherungen.ch\/de\/wp-json\/wp\/v2\/users\/10"}],"replies":[{"embeddable":true,"href":"https:\/\/www.migros-versicherungen.ch\/de\/wp-json\/wp\/v2\/comments?post=1664"}],"version-history":[{"count":0,"href":"https:\/\/www.migros-versicherungen.ch\/de\/wp-json\/wp\/v2\/pages\/1664\/revisions"}],"wp:attachment":[{"href":"https:\/\/www.migros-versicherungen.ch\/de\/wp-json\/wp\/v2\/media?parent=1664"}],"curies":[{"name":"wp","href":"https:\/\/api.w.org\/{rel}","templated":true}]}}