{"id":1528,"date":"2022-09-29T16:00:50","date_gmt":"2022-09-29T14:00:50","guid":{"rendered":"https:\/\/migrosproddev.wpenginepowered.com\/?page_id=1528"},"modified":"2025-09-01T10:41:47","modified_gmt":"2025-09-01T08:41:47","slug":"privathaftpflichtversicherung","status":"publish","type":"page","link":"https:\/\/www.migros-versicherungen.ch\/de\/privathaftpflichtversicherung\/","title":{"rendered":"Privathaftpflichtversicherung"},"content":{"rendered":"\t\t<div data-elementor-type=\"wp-page\" data-elementor-id=\"1528\" class=\"elementor elementor-1528\">\n\t\t\t\t\t\t<section class=\"elementor-section elementor-top-section elementor-element elementor-element-f01e3f9 elementor-section-boxed elementor-section-height-default elementor-section-height-default\" data-id=\"f01e3f9\" data-element_type=\"section\" data-e-type=\"section\">\n\t\t\t\t\t\t<div class=\"elementor-container elementor-column-gap-default\">\n\t\t\t\t\t<div class=\"elementor-column elementor-col-100 elementor-top-column elementor-element elementor-element-f331711\" data-id=\"f331711\" data-element_type=\"column\" data-e-type=\"column\">\n\t\t\t<div class=\"elementor-widget-wrap elementor-element-populated\">\n\t\t\t\t\t\t<div class=\"elementor-element elementor-element-94b6f4e elementor-widget elementor-widget-haushaltheadline-widget\" data-id=\"94b6f4e\" data-element_type=\"widget\" data-e-type=\"widget\" data-widget_type=\"haushaltheadline-widget.default\">\n\t\t\t\t<div class=\"elementor-widget-container\">\n\t\t\t\t\t\t\t<section class=\"headline\">\n\t\t\t<div class=\"container\">\n\t\t\t\t<div class=\"row flex flex-row flex-center\">\n\t\t\t\t\t<div class=\"col-md-12 col-lg-6\">\n\t\t\t\t\t\t<h1 class=\"headline-title\">Migros Haftpflicht\u00adversicherung<\/h1>\n\t\t\t\t\t\t<h2 class=\"headline-sub-title\">Weil Missgeschicke passieren.<\/h2>\n\t\t\t\t\t\t<p>Ohne Privathaftpflichtversicherung kann selbst die kleinste Unachtsamkeit b\u00f6se Folgen haben. Ein Schaden gegen\u00fcber anderen oder deren Eigentum kann schnell den finanziellen Ruin bedeuten. Weil \u00abDaumen dr\u00fccken\u00bb im echten Leben nicht immer funktioniert, bietet die Migros Privathaftpflichtversicherung weltweit einen umfassenden Schutz zum fairen Preis. <\/p>\n\t\t\t\t\t\t<a href=\"https:\/\/online.migros-versicherungen.ch\/de\/praemie-berechnen\/versicherung-waehlen\" class=\"button primary big\">Pr\u00e4mie berechnen<\/a>\n\t\t\t\t\t<\/div>\n\t\t\t\t\t<div class=\"col-md-12 col-lg-6 img-right hausratversicherung\">\n\t\t\t\t\t\t<img decoding=\"async\" src=\"https:\/\/www.migros-versicherungen.ch\/assets\/Privathaftpflichtversicherung-quadratisch.jpg\" alt=\"\" title=\"\" \/>\n\t\t\t\t\t<\/div>\n\t\t\t\t<\/div>\n\t\t\t<\/div>\n\t\t<\/section>\n\t\t\t\t<\/div>\n\t\t\t\t<\/div>\n\t\t\t\t\t<\/div>\n\t\t<\/div>\n\t\t\t\t\t<\/div>\n\t\t<\/section>\n\t\t\t\t<section class=\"elementor-section elementor-top-section elementor-element elementor-element-2ee705e elementor-section-boxed elementor-section-height-default elementor-section-height-default\" data-id=\"2ee705e\" data-element_type=\"section\" data-e-type=\"section\">\n\t\t\t\t\t\t<div class=\"elementor-container elementor-column-gap-default\">\n\t\t\t\t\t<div class=\"elementor-column elementor-col-100 elementor-top-column elementor-element elementor-element-e397298\" data-id=\"e397298\" data-element_type=\"column\" data-e-type=\"column\">\n\t\t\t<div class=\"elementor-widget-wrap elementor-element-populated\">\n\t\t\t\t\t\t<div class=\"elementor-element elementor-element-9af634d elementor-widget elementor-widget-haushaltimagewidthtext-widget\" data-id=\"9af634d\" data-element_type=\"widget\" data-e-type=\"widget\" data-widget_type=\"haushaltimagewidthtext-widget.default\">\n\t\t\t\t<div class=\"elementor-widget-container\">\n\t\t\t\t\t\t\t<section class=\"worthwhile\">\n\t\t\t<div class=\"container\">\n\t\t\t\t<div class=\"row\">\n\t\t\t\t\t<div class=\"col-lg-7 col-md-12\">\n\t\t\t\t\t\t<h2>Darum lohnt sich eine Privathaftpflicht\u00adversicherung<\/h2>\n\t\t\t\t\t\t<p>Der Blumentopf fiel vom Balkon auf das Nachbarsauto, beim Umzug ging der Fernseher des Kollegen zu Bruch oder das neue E-Trottinett war doch nicht schneller als der Fussg\u00e4nger auf dem Zebrastreifen? Missgeschicke gegen\u00fcber Dritten k\u00f6nnen passieren \u2013 und sehr schnell sehr teuer werden. Eine Privathaftpflichtversicherung sch\u00fctzt Sie vor den finanziellen Folgen.<\/p>\t\t\t\t\t<\/div>\n\t\t\t\t\t<div class=\"col-lg-5 col-md-12\">\n\t\t\t\t\t\t<img decoding=\"async\" src=\"https:\/\/www.migros-versicherungen.ch\/assets\/schaden-beispiele.svg\" alt=\"Drei Symbole f\u00fcr m\u00f6gliche Sch\u00e4den\" \/>\n\t\t\t\t\t<\/div>\n\t\t\t\t<\/div>\n\t\t\t<\/div>\n\t\t<\/section>\n\t\t\t\t<\/div>\n\t\t\t\t<\/div>\n\t\t\t\t\t<\/div>\n\t\t<\/div>\n\t\t\t\t\t<\/div>\n\t\t<\/section>\n\t\t\t\t<section class=\"elementor-section elementor-top-section elementor-element elementor-element-30886fb elementor-section-boxed elementor-section-height-default elementor-section-height-default\" data-id=\"30886fb\" data-element_type=\"section\" data-e-type=\"section\">\n\t\t\t\t\t\t<div class=\"elementor-container elementor-column-gap-default\">\n\t\t\t\t\t<div class=\"elementor-column elementor-col-100 elementor-top-column elementor-element elementor-element-ae66ce8\" data-id=\"ae66ce8\" data-element_type=\"column\" data-e-type=\"column\">\n\t\t\t<div class=\"elementor-widget-wrap elementor-element-populated\">\n\t\t\t\t\t\t<div class=\"elementor-element elementor-element-f6f51d9 elementor-widget elementor-widget-comprehensiveprotection-widget\" data-id=\"f6f51d9\" data-element_type=\"widget\" data-e-type=\"widget\" data-widget_type=\"comprehensiveprotection-widget.default\">\n\t\t\t\t<div class=\"elementor-widget-container\">\n\t\t\t\t\t\n\n\n\t\t<section class=\"protection\">\n\t\t\t<div class=\"container\">\n\t\t\t\t<div class=\"row\">\n\t\t\t\t\t<div class=\"col-md-12\">\n\t\t\t\t\t\t<h2 class=\"section-title\">Umfassend gesch\u00fctzt mit Migros Versicherungen<\/h2>\n\t\t\t\t\t<\/div>\n\t\t\t\t<\/div>\n\t\t\t\t<div class=\"row\">\n\n\t\t\t\t\t\t\t\t\t\t\t<div class=\"col-md-3\">\n\t\t\t\t\t\t\t<img decoding=\"async\" src=\"https:\/\/www.migros-versicherungen.ch\/assets\/umberalla-icon.svg\" alt=\"\" \/>\n\t\t\t\t\t\t\t<h3>Hoher Schutz<\/h3>\n\t\t\t\t\t\t\t<p>Weltweite Deckung von CHF 10 Mio.<\/p>\n\t\t\t\t\t\t<\/div>\n\t\t\t\t\t\t\t\t\t\t\t<div class=\"col-md-3\">\n\t\t\t\t\t\t\t<img decoding=\"async\" src=\"https:\/\/www.migros-versicherungen.ch\/assets\/premium-icon.svg\" alt=\"\" \/>\n\t\t\t\t\t\t\t<h3>Premiumschutz<\/h3>\n\t\t\t\t\t\t\t<p>Mehr Versicherung f\u00fcr Ihr Geld<\/p>\n\t\t\t\t\t\t<\/div>\n\t\t\t\t\t\t\t\t\t\t\t<div class=\"col-md-3\">\n\t\t\t\t\t\t\t<img decoding=\"async\" src=\"https:\/\/www.migros-versicherungen.ch\/assets\/partner-icon.svg\" alt=\"\" \/>\n\t\t\t\t\t\t\t<h3>Starker Partner<\/h3>\n\t\t\t\t\t\t\t<p>Die Migros an Ihrer Seite<\/p>\n\t\t\t\t\t\t<\/div>\n\t\t\t\t\t\t\t\t\t\t\t<div class=\"col-md-3\">\n\t\t\t\t\t\t\t<img decoding=\"async\" src=\"https:\/\/www.migros-versicherungen.ch\/assets\/cards-icon.svg\" alt=\"\" \/>\n\t\t\t\t\t\t\t<h3>Cumulus-Punkte<\/h3>\n\t\t\t\t\t\t\t<p>Jedes Jahr und ganz automatisch<\/p>\n\t\t\t\t\t\t<\/div>\n\t\t\t\t\t\t\t\t\t<\/div>\n\t\t\t<\/div>\n\t\t<\/section>\n\n\t\t\t\t<\/div>\n\t\t\t\t<\/div>\n\t\t\t\t\t<\/div>\n\t\t<\/div>\n\t\t\t\t\t<\/div>\n\t\t<\/section>\n\t\t\t\t<section class=\"elementor-section elementor-top-section elementor-element elementor-element-116b11a elementor-section-boxed elementor-section-height-default elementor-section-height-default\" data-id=\"116b11a\" data-element_type=\"section\" data-e-type=\"section\">\n\t\t\t\t\t\t<div class=\"elementor-container elementor-column-gap-default\">\n\t\t\t\t\t<div class=\"elementor-column elementor-col-100 elementor-top-column elementor-element elementor-element-f254e21\" data-id=\"f254e21\" data-element_type=\"column\" data-e-type=\"column\">\n\t\t\t<div class=\"elementor-widget-wrap elementor-element-populated\">\n\t\t\t\t\t\t<div class=\"elementor-element elementor-element-0d85fa6 elementor-widget elementor-widget-haushaltperformance-widget\" data-id=\"0d85fa6\" data-element_type=\"widget\" data-e-type=\"widget\" data-widget_type=\"haushaltperformance-widget.default\">\n\t\t\t\t<div class=\"elementor-widget-container\">\n\t\t\t\t\t\n\n\t\t<section class=\"performance\">\n\t\t\t<div class=\"container\">\n\t\t\t\t<div class=\"row\">\n\t\t\t\t\t<div class=\"col-md-12\">\n\t\t\t\t\t\t<h2 class=\"section-title\">Mehr Leistung f\u00fcr Ihr Geld<\/h2>\n\t\t\t\t\t\t<p class=\"section-description\">Unsere Vorteile im \u00dcberblick<\/p>\n\t\t\t\t\t<\/div>\n\t\t\t\t<\/div>\n\t\t\t\t<div class=\"row\">\n\t\t\t\t\t<div class=\"col-md-12 inner-container\">\n\t\t\t\t\t\t\t\t\t\t\t\t\t<div class=\"col-md-4\">\n\t\t\t\t\t\t\t\t<div class=\"inner\">\n\t\t\t\t\t\t\t\t\t<h3 class=\"box-title\">Regressverzicht bei Grobfahrl\u00e4ssigkeit<\/h3>\n\t\t\t\t\t\t\t\t\t<p>Ein Windstoss hat Ihren unbefestigten Blumentopf vom Balkon geweht und den Nachbarn getroffen? Bei uns sind auch Sch\u00e4den infolge grobfahrl\u00e4ssigem Handeln gedeckt.<\/p>\n\t\t\t\t\t\t\t\t<\/div>\n\t\t\t\t\t\t\t<\/div>\n\t\t\t\t\t\t\t\t\t\t\t\t\t<div class=\"col-md-4\">\n\t\t\t\t\t\t\t\t<div class=\"inner\">\n\t\t\t\t\t\t\t\t\t<h3 class=\"box-title\">Deckungssumme CHF 10 Millionen<\/h3>\n\t\t\t\t\t\t\t\t\t<p>Haftpflichtsch\u00e4den k\u00f6nnen teuer sein. Darum erhalten Sie bei uns eine Deckung von CHF 10 Millionen.<\/p>\n\t\t\t\t\t\t\t\t<\/div>\n\t\t\t\t\t\t\t<\/div>\n\t\t\t\t\t\t\t\t\t\t\t\t\t<div class=\"col-md-4\">\n\t\t\t\t\t\t\t\t<div class=\"inner\">\n\t\t\t\t\t\t\t\t\t<h3 class=\"box-title\">Monatlich<br>k\u00fcndbar<\/h3>\n\t\t\t\t\t\t\t\t\t<p>Wir glauben an unsere Produkte, deshalb verzichten wir auf lange K\u00fcndigungsfristen.<\/p>\n\t\t\t\t\t\t\t\t<\/div>\n\t\t\t\t\t\t\t<\/div>\n\t\t\t\t\t\t\t\t\t\t\t\t\t<div class=\"col-md-4\">\n\t\t\t\t\t\t\t\t<div class=\"inner\">\n\t\t\t\t\t\t\t\t\t<h3 class=\"box-title\">Passiver<br>Rechtsschutz<\/h3>\n\t\t\t\t\t\t\t\t\t<p>Sie werden zu Unrecht von einem Dritten zur Kasse gebeten? Mit dem passiven Rechtsschutz wehren wir solche Forderung f\u00fcr Sie ab.<\/p>\n\t\t\t\t\t\t\t\t<\/div>\n\t\t\t\t\t\t\t<\/div>\n\t\t\t\t\t\t\t\t\t\t\t\t\t<div class=\"col-md-4\">\n\t\t\t\t\t\t\t\t<div class=\"inner\">\n\t\t\t\t\t\t\t\t\t<h3 class=\"box-title\">Bonus bei<br>Schadenfreiheit<\/h3>\n\t\t\t\t\t\t\t\t\t<p>F\u00fcr schadenfreie Jahre belohnen wir Sie mit extra Cumulus-Punkten.<\/p>\n\t\t\t\t\t\t\t\t<\/div>\n\t\t\t\t\t\t\t<\/div>\n\t\t\t\t\t\t\t\t\t\t\t\t\t<div class=\"col-md-4\">\n\t\t\t\t\t\t\t\t<div class=\"inner\">\n\t\t\t\t\t\t\t\t\t<h3 class=\"box-title\">Cumulus-Punkte auf die<br>Pr\u00e4mie<\/h3>\n\t\t\t\t\t\t\t\t\t<p>F\u00fcr jeden Franken Pr\u00e4mie erhalten Sie als Dankesch\u00f6n einen Cumulus-Punkt.<\/p>\n\t\t\t\t\t\t\t\t<\/div>\n\t\t\t\t\t\t\t<\/div>\n\t\t\t\t\t\t\t\t\t\t\t<\/div>\n\t\t\t\t<\/div>\n\t\t\t<\/div>\n\t\t<\/section>\n\n\t\t\t\t<\/div>\n\t\t\t\t<\/div>\n\t\t\t\t\t<\/div>\n\t\t<\/div>\n\t\t\t\t\t<\/div>\n\t\t<\/section>\n\t\t\t\t<section class=\"elementor-section elementor-top-section elementor-element elementor-element-7784ca0 elementor-section-boxed elementor-section-height-default elementor-section-height-default\" data-id=\"7784ca0\" data-element_type=\"section\" data-e-type=\"section\">\n\t\t\t\t\t\t<div class=\"elementor-container elementor-column-gap-default\">\n\t\t\t\t\t<div class=\"elementor-column elementor-col-100 elementor-top-column elementor-element elementor-element-b9d2607\" data-id=\"b9d2607\" data-element_type=\"column\" data-e-type=\"column\">\n\t\t\t<div class=\"elementor-widget-wrap elementor-element-populated\">\n\t\t\t\t\t\t<div class=\"elementor-element elementor-element-c1318a7 elementor-widget elementor-widget-haushaltexraprotection-widget\" data-id=\"c1318a7\" data-element_type=\"widget\" data-e-type=\"widget\" data-widget_type=\"haushaltexraprotection-widget.default\">\n\t\t\t\t<div class=\"elementor-widget-container\">\n\t\t\t\t\t\n\t\t<section class=\"extra-protection\">\n\t\t\t<div class=\"container\">\n\t\t\t\t<div class=\"row\">\n\t\t\t\t\t<div class=\"col-md-12\">\n\t\t\t\t\t\t<h2 class=\"section-title\">Extra-Schutz f\u00fcr individuelle Risiken<\/h2>\n\t\t\t\t\t\t<p class=\"section-description\">Zusatzoptionen f\u00fcr noch mehr Sicherheit<\/p>\n\t\t\t\t\t<\/div>\n\t\t\t\t<\/div>\n\t\t\t\t<div class=\"row\">\n\t\t\t\t\t\t\t\t\t\t\t<div class=\"col-md-12 col-lg-4\">\n\t\t\t\t\t\t\t<img decoding=\"async\" src=\"https:\/\/www.migros-versicherungen.ch\/assets\/car-ellipse-icon.svg\" alt=\"F\u00fchren fremder Fahrzeuge\" \/>\n\t\t\t\t\t\t\t<h3>F\u00fchren fremder Fahrzeuge<\/h3>\n\t\t\t\t\t\t\t<p>Fahren Sie gelegentlich das Auto Ihres besten Freundes? Mit der Zusatzoption \u00abF\u00fchren fremder Fahrzeuge\u00bb stellen wir sicher, dass Ihre Freundschaft weiterhin so unbeschwert bleibt wie bisher.<\/p>\n\t\t\t\t\t\t<\/div>\n\t\t\t\t\t\t\t\t\t\t\t<div class=\"col-md-12 col-lg-4\">\n\t\t\t\t\t\t\t<img decoding=\"async\" src=\"https:\/\/www.migros-versicherungen.ch\/assets\/key-ellipse-icon.svg\" alt=\"Schl\u00fcssel\" \/>\n\t\t\t\t\t\t\t<h3>Schl\u00fcssel<\/h3>\n\t\t\t\t\t\t\t<p>st der Schl\u00fcsselbund weg und einfach nicht mehr auffindbar?<br>\nKeine Panik: Mit der Zusatzoption \u00abSchl\u00fcssel\u00bb helfen wir Ihnen aus der Patsche und \u00fcbernehmen die Kosten f\u00fcr den teuren Schl\u00fcsseldienst, das Auswechseln der Schl\u00f6sser sowie die Ersatzschl\u00fcssel.<\/p>\n\t\t\t\t\t\t<\/div>\n\t\t\t\t\t\t\t\t\t<\/div>\n\t\t\t<\/div>\n\t\t<\/section>\n\n\t\t\t\t<\/div>\n\t\t\t\t<\/div>\n\t\t\t\t\t<\/div>\n\t\t<\/div>\n\t\t\t\t\t<\/div>\n\t\t<\/section>\n\t\t\t\t<section class=\"elementor-section elementor-top-section elementor-element elementor-element-835cdab elementor-section-boxed elementor-section-height-default elementor-section-height-default\" data-id=\"835cdab\" data-element_type=\"section\" data-e-type=\"section\">\n\t\t\t\t\t\t<div class=\"elementor-container elementor-column-gap-default\">\n\t\t\t\t\t<div class=\"elementor-column elementor-col-100 elementor-top-column elementor-element elementor-element-7c0e0ec\" data-id=\"7c0e0ec\" data-element_type=\"column\" data-e-type=\"column\">\n\t\t\t<div class=\"elementor-widget-wrap elementor-element-populated\">\n\t\t\t\t\t\t<div class=\"elementor-element elementor-element-e522d4c elementor-widget elementor-widget-pdfdocuments-widget\" data-id=\"e522d4c\" data-element_type=\"widget\" data-e-type=\"widget\" data-widget_type=\"pdfdocuments-widget.default\">\n\t\t\t\t<div class=\"elementor-widget-container\">\n\t\t\t\t\t\n\t\t<section class=\"download\">\n\t\t\t<div class=\"container\">\n\t\t\t\t<div class=\"row\">\n\t\t\t\t\t<div class=\"col-md-12\">\n\t\t\t\t\t\t<h2>Herunterladen<\/h2>\n\t\t\t\t\t\t<div class=\"items\">\n\t\t\t\t\t\t\t\t\t\t\t\t\t\t\t<div automation-id=\"pdf_download_\" class=\"item\" onclick=\"downloadPDF(this, 'https:\/\/aresstaticapiprod.azurewebsites.net\/api\/tenants\/17\/documents\/factsheetandcoverage?language=de')\"><span>Deckungs\u00fcbersicht<\/span>.pdf<\/div>\n\t\t\t\t\t\t\t\t\t\t\t\t\t\t\t<div automation-id=\"pdf_download_\" class=\"item\" onclick=\"downloadPDF(this, 'https:\/\/aresstaticapiprod.azurewebsites.net\/api\/tenants\/17\/documents\/vag?language=de')\"><span>Vermittlerinformation gem\u00e4ss Art. 45 VAG<\/span>.pdf<\/div>\n\t\t\t\t\t\t\t\t\t\t\t\t\t\t\t<div automation-id=\"pdf_download_\" class=\"item\" onclick=\"downloadPDF(this, 'https:\/\/aresstaticapiprod.azurewebsites.net\/api\/tenants\/17\/documents\/avb?product=householdliability&language=de')\"><span>Allgemeine Versicherungsbedingungen (AVB)<\/span>.pdf<\/div>\n\t\t\t\t\t\t\t\t\t\t\t\t\t\t\t<div automation-id=\"pdf_download_\" class=\"item\" onclick=\"downloadPDF(this, 'https:\/\/aresstaticapiprod.azurewebsites.net\/api\/tenants\/17\/documents\/cancellationform?language=de')\"><span>K\u00fcndigungsvorlage<\/span>.pdf<\/div>\n\t\t\t\t\t\t\t\t\t\t\t\t\t<\/div>\n\t\t\t\t\t<\/div>\n\t\t\t\t<\/div>\n\t\t\t<\/div>\n\t\t\t<script>\n\t\t\t\tasync function downloadPDF(element, url) {\n\t\t\t\t\tlet res = await fetch(url);\n\t\t\t\t\tlet blob = await res.blob();\n\n\t\t\t\t\tconst blobUrl = window.URL.createObjectURL(\n\t\t\t\t\t\tblob\n\t\t\t\t\t);\n\n\t\t\t\t\tlet link = document.createElement('a');\n\t\t\t\t\tlink.href = blobUrl;\n\n\t\t\t\t\tconst filename = element.getElementsByTagName('span')[0].innerText;\n\t\t\t\t\tlink.setAttribute('download', filename + '.pdf');\n\t\t\t\t\tdocument.body.appendChild(link);\n\t\t\t\t\tlink.click();\n\t\t\t\t\tconsole.log(link);\n\t\t\t\t}\n\t\t\t<\/script>\n\t\t<\/section>\n\n\t\t\t\t<\/div>\n\t\t\t\t<\/div>\n\t\t\t\t\t<\/div>\n\t\t<\/div>\n\t\t\t\t\t<\/div>\n\t\t<\/section>\n\t\t\t\t<\/div>\n\t\t","protected":false},"excerpt":{"rendered":"<p>Migros Haftpflicht\u00adversicherung Weil Missgeschicke passieren. Ohne Privathaftpflichtversicherung kann selbst die kleinste Unachtsamkeit b\u00f6se Folgen haben. Ein Schaden gegen\u00fcber anderen oder deren Eigentum kann schnell den finanziellen Ruin bedeuten. Weil \u00abDaumen dr\u00fccken\u00bb im echten Leben nicht immer funktioniert, bietet die Migros Privathaftpflichtversicherung weltweit einen umfassenden Schutz zum fairen Preis. Pr\u00e4mie berechnen Darum lohnt sich eine Privathaftpflicht\u00adversicherung [&hellip;]<\/p>\n","protected":false},"author":10,"featured_media":0,"parent":0,"menu_order":21,"comment_status":"closed","ping_status":"closed","template":"page-templates\/no-elementor.php","meta":{"_acf_changed":false,"footnotes":""},"class_list":["post-1528","page","type-page","status-publish","hentry"],"acf":[],"_links":{"self":[{"href":"https:\/\/www.migros-versicherungen.ch\/de\/wp-json\/wp\/v2\/pages\/1528","targetHints":{"allow":["GET"]}}],"collection":[{"href":"https:\/\/www.migros-versicherungen.ch\/de\/wp-json\/wp\/v2\/pages"}],"about":[{"href":"https:\/\/www.migros-versicherungen.ch\/de\/wp-json\/wp\/v2\/types\/page"}],"author":[{"embeddable":true,"href":"https:\/\/www.migros-versicherungen.ch\/de\/wp-json\/wp\/v2\/users\/10"}],"replies":[{"embeddable":true,"href":"https:\/\/www.migros-versicherungen.ch\/de\/wp-json\/wp\/v2\/comments?post=1528"}],"version-history":[{"count":0,"href":"https:\/\/www.migros-versicherungen.ch\/de\/wp-json\/wp\/v2\/pages\/1528\/revisions"}],"wp:attachment":[{"href":"https:\/\/www.migros-versicherungen.ch\/de\/wp-json\/wp\/v2\/media?parent=1528"}],"curies":[{"name":"wp","href":"https:\/\/api.w.org\/{rel}","templated":true}]}}