{"id":1473,"date":"2022-09-29T09:10:38","date_gmt":"2022-09-29T07:10:38","guid":{"rendered":"https:\/\/migrosproddev.wpenginepowered.com\/?page_id=1473"},"modified":"2023-10-01T16:35:28","modified_gmt":"2023-10-01T14:35:28","slug":"startseite","status":"publish","type":"page","link":"https:\/\/www.migros-versicherungen.ch\/de\/startseite\/","title":{"rendered":"Startseite"},"content":{"rendered":"\t\t<div data-elementor-type=\"wp-page\" data-elementor-id=\"1473\" class=\"elementor elementor-1473\">\n\t\t\t\t\t\t<section class=\"elementor-section elementor-top-section elementor-element elementor-element-0324379 elementor-section-boxed elementor-section-height-default elementor-section-height-default\" data-id=\"0324379\" data-element_type=\"section\" data-e-type=\"section\">\n\t\t\t\t\t\t<div class=\"elementor-container elementor-column-gap-default\">\n\t\t\t\t\t<div class=\"elementor-column elementor-col-100 elementor-top-column elementor-element elementor-element-a3557f5\" data-id=\"a3557f5\" data-element_type=\"column\" data-e-type=\"column\">\n\t\t\t<div class=\"elementor-widget-wrap elementor-element-populated\">\n\t\t\t\t\t\t<div class=\"elementor-element elementor-element-8e6d302 elementor-widget elementor-widget-headline-widget\" data-id=\"8e6d302\" data-element_type=\"widget\" data-e-type=\"widget\" data-widget_type=\"headline-widget.default\">\n\t\t\t\t<div class=\"elementor-widget-container\">\n\t\t\t\t\t\t<section class=\"headline\">\n        <div class=\"container\">\n            <div class=\"row\">\n                <div class=\"col-md-12 col-lg-6\">\n                    <h1 class=\"headline-title\">Die faire Versicherung zum Migros-Preis.<\/h1>\n                    <p>Kompliziert war gestern: Bei der Migros geht Versicherung herrlich einfach, fair und preiswert. In nur 5 Minuten zum Abschluss einer Versicherung \u2013 so bleibt mehr Zeit f\u00fcrs echte Leben.<\/p>\n                <\/div>\n                <div class=\"col-md-12 col-lg-6 img-right\">\n\t\t\t\t\t<img decoding=\"async\" src=\"https:\/\/www.migros-versicherungen.ch\/assets\/maedchen-schild-migros-versicherungen-3.svg\" alt=\"\">\n                <\/div>\n            <\/div>\n\t\t\t\t\t\t<div class=\"row\">\n\t\t\t\t\t\t\t\t<div class=\"col-md-12\">\n\t\t\t\t\t\t\t\t\t<div class=\"choose-insurance\">\n                        <h2 class=\"title\">Welche Versicherung m\u00f6chten Sie?<\/h2>\n                        <div class=\"list\">\n\t\t\t\t\t\t                            <div class=\"box\">\n                                <a automation-id=\"onboarding_link_preselected_0\" \n                                    href=\"https:\/\/online.migros-versicherungen.ch\/de\/praemie-berechnen\/versicherung-waehlen?insuranceType=householdandliability\" title=\" Hausrat & Haftpflicht \">\n                                    <img decoding=\"async\" src=\"https:\/\/www.migros-versicherungen.ch\/assets\/householdandliability-icon.svg\" width=\"56\" height=\"56\" alt=\" Hausrat & Haftpflicht \" \/>\n                                    <span class=\"insurance-title\"> Hausrat & Haftpflicht <\/span>\n                                    <span class=\"insurance-sub-title\"> Unser beliebtes Kombi-Paket <\/span>\n                                    <span class=\"insurance-price\">ab CHF 130.20<\/span>\n                                <\/a>\n                            <\/div>\n\t\t\t\t\t\t\t                            <div class=\"box\">\n                                <a automation-id=\"onboarding_link_preselected_1\" \n                                    href=\"https:\/\/online.migros-versicherungen.ch\/de\/praemie-berechnen\/versicherung-waehlen?insuranceType=householdonly\" title=\"Hausrat\">\n                                    <img decoding=\"async\" src=\"https:\/\/www.migros-versicherungen.ch\/assets\/home-icon.svg\" width=\"56\" height=\"56\" alt=\"Hausrat\" \/>\n                                    <span class=\"insurance-title\">Hausrat<\/span>\n                                    <span class=\"insurance-sub-title\">Versichert Eigentum zuhause und unterwegs<\/span>\n                                    <span class=\"insurance-price\">ab CHF 69.80<\/span>\n                                <\/a>\n                            <\/div>\n\t\t\t\t\t\t\t                            <div class=\"box\">\n                                <a automation-id=\"onboarding_link_preselected_2\" \n                                    href=\"https:\/\/online.migros-versicherungen.ch\/de\/praemie-berechnen\/versicherung-waehlen?insuranceType=liabilityonly\" title=\"Haftpflicht\">\n                                    <img decoding=\"async\" src=\"https:\/\/www.migros-versicherungen.ch\/assets\/shield-icon.svg\" width=\"56\" height=\"56\" alt=\"Haftpflicht\" \/>\n                                    <span class=\"insurance-title\">Haftpflicht<\/span>\n                                    <span class=\"insurance-sub-title\">Ihr Schutzengel, wenn Sie schuld sind<\/span>\n                                    <span class=\"insurance-price\">ab CHF 60.40<\/span>\n                                <\/a>\n                            <\/div>\n\t\t\t\t\t\t\t                        <\/div>\n                    <\/div>\n\t\t\t\t\t\t\t\t<\/div>\n\t\t\t\t\t\t<\/div>\n        <\/div>\n    <\/section>\n\n\t\t\t\t\t<\/div>\n\t\t\t\t<\/div>\n\t\t\t\t\t<\/div>\n\t\t<\/div>\n\t\t\t\t\t<\/div>\n\t\t<\/section>\n\t\t\t\t<section class=\"elementor-section elementor-top-section elementor-element elementor-element-31ce6bb elementor-section-boxed elementor-section-height-default elementor-section-height-default\" data-id=\"31ce6bb\" data-element_type=\"section\" data-e-type=\"section\">\n\t\t\t\t\t\t<div class=\"elementor-container elementor-column-gap-default\">\n\t\t\t\t\t<div class=\"elementor-column elementor-col-100 elementor-top-column elementor-element elementor-element-c2058a6\" data-id=\"c2058a6\" data-element_type=\"column\" data-e-type=\"column\">\n\t\t\t<div class=\"elementor-widget-wrap elementor-element-populated\">\n\t\t\t\t\t\t<div class=\"elementor-element elementor-element-2dc05f9 elementor-widget elementor-widget-contact-widget\" data-id=\"2dc05f9\" data-element_type=\"widget\" data-e-type=\"widget\" data-widget_type=\"contact-widget.default\">\n\t\t\t\t<div class=\"elementor-widget-container\">\n\t\t\t\t\t\t<section class=\"contact-section\">\n        <div class=\"container\">\n            <div class=\"row\">\n                <div class=\"col-md-12 flex flex-column flex-center\">\n                    <p>Fragen? Kontaktieren Sie uns<\/p>\n                    <a href=\"tel:058 561 58 58\">058 561 58 58<\/a>\n                <\/div>\n            <\/div>\n        <\/div>\n    <\/section>\n\n\t\t\t\t\t<\/div>\n\t\t\t\t<\/div>\n\t\t\t\t\t<\/div>\n\t\t<\/div>\n\t\t\t\t\t<\/div>\n\t\t<\/section>\n\t\t\t\t<section class=\"elementor-section elementor-top-section elementor-element elementor-element-1092e32 elementor-section-boxed elementor-section-height-default elementor-section-height-default\" data-id=\"1092e32\" data-element_type=\"section\" data-e-type=\"section\">\n\t\t\t\t\t\t<div class=\"elementor-container elementor-column-gap-default\">\n\t\t\t\t\t<div class=\"elementor-column elementor-col-100 elementor-top-column elementor-element elementor-element-ab0f9b3\" data-id=\"ab0f9b3\" data-element_type=\"column\" data-e-type=\"column\">\n\t\t\t<div class=\"elementor-widget-wrap elementor-element-populated\">\n\t\t\t\t\t\t<div class=\"elementor-element elementor-element-2e76ff1 elementor-widget elementor-widget-whyus-widget\" data-id=\"2e76ff1\" data-element_type=\"widget\" data-e-type=\"widget\" data-widget_type=\"whyus-widget.default\">\n\t\t\t\t<div class=\"elementor-widget-container\">\n\t\t\t\t\t\n\t\t<section class=\"why-us\">\n\t\t\t<div class=\"container\">\n\t\t\t\t<div class=\"row\">\n\t\t\t\t\t<div class=\"col-md-12\">\n\t\t\t\t\t\t<h2 class=\"section-title\">Warum Migros Versicherungen?<\/h2>\n\t\t\t\t\t\t<p class=\"section-description\">Vertrauen verbindet - seit 100 Jahren<\/p>\n\t\t\t\t\t<\/div>\n\t\t\t\t<\/div>\n\t\t\t\t<div class=\"row\">\n\t\t\t\t\t\t\t\t\t\t\t<div class=\"col-md-3\">\n\t\t\t\t\t\t\t<img decoding=\"async\" src=\"https:\/\/www.migros-versicherungen.ch\/assets\/premium-icon.svg\" alt=\"Premiumschutz\" \/>\n\t\t\t\t\t\t\t<h3>Premiumschutz<\/h3>\n\t\t\t\t\t\t\t<p>Mehr Versicherung f\u00fcr Ihr Geld<\/p>\n\t\t\t\t\t\t<\/div>\n\t\t\t\t\t\t\t\t\t\t\t<div class=\"col-md-3\">\n\t\t\t\t\t\t\t<img decoding=\"async\" src=\"https:\/\/www.migros-versicherungen.ch\/assets\/partner-icon.svg\" alt=\"Starker Partner\" \/>\n\t\t\t\t\t\t\t<h3>Starker Partner<\/h3>\n\t\t\t\t\t\t\t<p>Die Migros an Ihrer Seite<\/p>\n\t\t\t\t\t\t<\/div>\n\t\t\t\t\t\t\t\t\t\t\t<div class=\"col-md-3\">\n\t\t\t\t\t\t\t<img decoding=\"async\" src=\"https:\/\/www.migros-versicherungen.ch\/assets\/clock-icon.svg\" alt=\"Online-Abschluss\" \/>\n\t\t\t\t\t\t\t<h3>Online-Abschluss<\/h3>\n\t\t\t\t\t\t\t<p>In 5 Minuten zum perfekten Schutz<\/p>\n\t\t\t\t\t\t<\/div>\n\t\t\t\t\t\t\t\t\t\t\t<div class=\"col-md-3\">\n\t\t\t\t\t\t\t<img decoding=\"async\" src=\"https:\/\/www.migros-versicherungen.ch\/assets\/cards-icon.svg\" alt=\"Cumulus-Punkte\" \/>\n\t\t\t\t\t\t\t<h3>Cumulus-Punkte<\/h3>\n\t\t\t\t\t\t\t<p>Jedes Jahr und ganz automatisch<\/p>\n\t\t\t\t\t\t<\/div>\n\t\t\t\t\t\t\t\t\t\t<div class=\"col-md-12\">\n\t\t\t\t\t\t<a automation-id=\"onboarding_link_cta_1\" href=\"https:\/\/online.migros-versicherungen.ch\/de\/praemie-berechnen\/versicherung-waehlen\" class=\"button primary big\">Pr\u00e4mie berechnen<\/a>\n\t\t\t\t\t<\/div>\n\t\t\t\t<\/div>\n\t\t\t<\/div>\n\t\t<\/section>\n\n\t\t\t\t<\/div>\n\t\t\t\t<\/div>\n\t\t\t\t\t<\/div>\n\t\t<\/div>\n\t\t\t\t\t<\/div>\n\t\t<\/section>\n\t\t\t\t<section class=\"elementor-section elementor-top-section elementor-element elementor-element-0875a07 elementor-section-boxed elementor-section-height-default elementor-section-height-default\" data-id=\"0875a07\" data-element_type=\"section\" data-e-type=\"section\">\n\t\t\t\t\t\t<div class=\"elementor-container elementor-column-gap-default\">\n\t\t\t\t\t<div class=\"elementor-column elementor-col-100 elementor-top-column elementor-element elementor-element-2a6c1e6\" data-id=\"2a6c1e6\" data-element_type=\"column\" data-e-type=\"column\">\n\t\t\t<div class=\"elementor-widget-wrap elementor-element-populated\">\n\t\t\t\t\t\t<div class=\"elementor-element elementor-element-5cddbd5 elementor-widget elementor-widget-title-widget\" data-id=\"5cddbd5\" data-element_type=\"widget\" data-e-type=\"widget\" data-widget_type=\"title-widget.default\">\n\t\t\t\t<div class=\"elementor-widget-container\">\n\t\t\t\t\t\t\t<section class=\"section-big-title\">\n\t\t\t<div class=\"container\">\n\t\t\t\t<div class=\"row\">\n\t\t\t\t\t<div class=\"col-md-12\">\n\t\t\t\t\t\t<h2>Zuverl\u00e4ssiger Schutz im Alltag und Zuhause<\/h2>\n\t\t\t\t\t<\/div>\n\t\t\t\t<\/div>\n\t\t\t<\/div>\n\t\t<\/section>\n\t\t\t\t<\/div>\n\t\t\t\t<\/div>\n\t\t\t\t\t<\/div>\n\t\t<\/div>\n\t\t\t\t\t<\/div>\n\t\t<\/section>\n\t\t\t\t<section class=\"elementor-section elementor-top-section elementor-element elementor-element-daf4635 elementor-section-boxed elementor-section-height-default elementor-section-height-default\" data-id=\"daf4635\" data-element_type=\"section\" data-e-type=\"section\">\n\t\t\t\t\t\t<div class=\"elementor-container elementor-column-gap-default\">\n\t\t\t\t\t<div class=\"elementor-column elementor-col-100 elementor-top-column elementor-element elementor-element-10c28c6\" data-id=\"10c28c6\" data-element_type=\"column\" data-e-type=\"column\">\n\t\t\t<div class=\"elementor-widget-wrap elementor-element-populated\">\n\t\t\t\t\t\t<div class=\"elementor-element elementor-element-8b8ac84 elementor-widget elementor-widget-image-with-content-widget\" data-id=\"8b8ac84\" data-element_type=\"widget\" data-e-type=\"widget\" data-widget_type=\"image-with-content-widget.default\">\n\t\t\t\t<div class=\"elementor-widget-container\">\n\t\t\t\t\t\t\t\t\t\t<section class=\"image-with-content\">\n\t\t\t\t<div class=\"container\">\n\t\t\t\t\t<div class=\"row\">\n\t\t\t\t\t\t<div class=\"col-md-6 content-center\">\n\t\t\t\t\t\t\t<h3>Hausratversicherung<\/h3>\n\t\t\t\t\t\t\t<p>Zuhause ist es bekanntlich am sch\u00f6nsten. Wir sorgen daf\u00fcr, dass es auch so bleibt. Mit der Migros Hausratversicherung ist alles, was Ihnen lieb und teuer ist, bei Sch\u00e4den durch Feuer, Wasser, Naturgefahren und Einbruch versichert. Ein gutes Gef\u00fchl inklusive!<\/p>\n\t\t\t\t\t\t\t<div class=\"buttons\">\n\t\t\t\t\t\t\t\t<a automation-id=\"onboarding_link_cta_3\" href=\"https:\/\/online.migros-versicherungen.ch\/de\/praemie-berechnen\/versicherung-waehlen\" class=\"button primary big\">Pr\u00e4mie berechnen<\/a>\n\t\t\t\t\t\t\t\t<a automation-id=\"landing_link_1\" href=\"\/hausratversicherung\" class=\"button primary big white\">Mehr Info<\/a>\n\t\t\t\t\t\t\t<\/div>\n\t\t\t\t\t\t<\/div>\n\t\t\t\t\t\t<div class=\"col-md-6 right\">\n\t\t\t\t\t\t\t<img decoding=\"async\" src=\"https:\/\/www.migros-versicherungen.ch\/assets\/mann-migros-versicherung.svg\" alt=\"Hausratversicherung\" \/>\n\t\t\t\t\t\t<\/div>\n\t\t\t\t\t<\/div>\n\t\t\t\t<\/div>\n\t\t\t<\/section>\n\t\t\t\t\t\t<\/div>\n\t\t\t\t<\/div>\n\t\t\t\t<div class=\"elementor-element elementor-element-cbedcb8 elementor-widget elementor-widget-image-with-content-widget\" data-id=\"cbedcb8\" data-element_type=\"widget\" data-e-type=\"widget\" data-widget_type=\"image-with-content-widget.default\">\n\t\t\t\t<div class=\"elementor-widget-container\">\n\t\t\t\t\t\t\t\t\t\t<section class=\"image-with-content\">\n\t\t\t\t<div class=\"container\">\n\t\t\t\t\t<div class=\"row\">\n\t\t\t\t\t\t<div class=\"col-md-6\">\n\t\t\t\t\t\t\t<img decoding=\"async\" src=\"https:\/\/www.migros-versicherungen.ch\/assets\/frau-migros-versicherungen.svg\" alt=\"Privathaftpflicht\u00adversicherung\" \/>\n\t\t\t\t\t\t<\/div>\n\t\t\t\t\t\t<div class=\"col-md-6 content-center\">\n\t\t\t\t\t\t\t<h3>Privathaftpflicht\u00adversicherung<\/h3>\n\t\t\t\t\t\t\t<p>Das Leben steckt voller tollen \u00dcberraschungen. Doch manchmal passieren leider auch Missgeschicke gegen\u00fcber Dritten oder deren Eigentum. Das kann teuer werden! Dank der umfassenden Leistung der Migros Privathaftpflichtversicherung m\u00fcssen sich auch echte Pechv\u00f6gel keine Sorgen mehr machen. <\/p>\n\t\t\t\t\t\t\t<div class=\"buttons\">\n\t\t\t\t\t\t\t\t<a automation-id=\"onboarding_link_cta_2\" href=\"https:\/\/online.migros-versicherungen.ch\/de\/praemie-berechnen\/versicherung-waehlen\" class=\"button primary big\">Pr\u00e4mie berechnen<\/a>\n\t\t\t\t\t\t\t\t<a automation-id=\"landing_link_0\" href=\"\/privathaftpflichtversicherung\" class=\"button primary big white\">Mehr Info<\/a>\n\t\t\t\t\t\t\t<\/div>\n\t\t\t\t\t\t<\/div>\n\t\t\t\t\t<\/div>\n\t\t\t\t<\/div>\n\t\t\t<\/section>\n\t\t\t\t\t\t<\/div>\n\t\t\t\t<\/div>\n\t\t\t\t\t<\/div>\n\t\t<\/div>\n\t\t\t\t\t<\/div>\n\t\t<\/section>\n\t\t\t\t<section class=\"elementor-section elementor-top-section elementor-element elementor-element-5994eba elementor-section-boxed elementor-section-height-default elementor-section-height-default\" data-id=\"5994eba\" data-element_type=\"section\" data-e-type=\"section\">\n\t\t\t\t\t\t<div class=\"elementor-container elementor-column-gap-default\">\n\t\t\t\t\t<div class=\"elementor-column elementor-col-100 elementor-top-column elementor-element elementor-element-5bca1eb\" data-id=\"5bca1eb\" data-element_type=\"column\" data-e-type=\"column\">\n\t\t\t<div class=\"elementor-widget-wrap elementor-element-populated\">\n\t\t\t\t\t\t<div class=\"elementor-element elementor-element-b340527 elementor-widget elementor-widget-testimonials-widget\" data-id=\"b340527\" data-element_type=\"widget\" data-e-type=\"widget\" data-widget_type=\"testimonials-widget.default\">\n\t\t\t\t<div class=\"elementor-widget-container\">\n\t\t\t\t\t\t\t<section class=\"testimonials\">\n\t\t\t<div class=\"container\">\n\t\t\t\t<div class=\"row\">\n\t\t\t\t\t<div class=\"col-md-12\">\n\t\t\t\t\t\t<h2 class=\"section-title\">Was Kunden \u00fcber die Migros Versicherungen sagen<\/h2>\n\t\t\t\t\t\t<div class=\"testimonials-carousel owl-carousel\">\n\t\t\t\t\t\t\t\t\t\t\t\t\t\t\t<div class=\"item\">\n\t\t\t\t\t\t\t\t\t<p>Kann ich nur weiterempfehlen. Der Abschlussprozess ist sehr einfach, alles digital und der einzige Anbieter auf dem Markt, bei dem ich Cumulus-Punkte auf die Pr\u00e4mie erhalte. Danke Migros! \ud83d\ude42<\/p>\n\t\t\t\t\t\t\t\t\t<div class=\"author\">\n\t\t\t\t\t\t\t\t\t\t<img decoding=\"async\" src=\"https:\/\/www.migros-versicherungen.ch\/assets\/avatar1.png\" alt=\"Kann ich nur weiterempfehlen. Der Abschlussprozess ist sehr einfach, alles digital und der einzige Anbieter auf dem Markt, bei dem ich Cumulus-Punkte auf die Pr\u00e4mie erhalte. Danke Migros! :)\" \/>\n\t\t\t\t\t\t\t\t\t\tSabrina\t\t\t\t\t\t\t\t\t<\/div>\n\t\t\t\t\t\t\t\t<\/div>\n\t\t\t\t\t\t\t\t\t\t\t\t\t\t\t<div class=\"item\">\n\t\t\t\t\t\t\t\t\t<p>Faire Preise und gute Versicherungsdeckung. Auf der \u00fcbersichtlichen Website sind nur wenige Klicks notwendig bis zum Abschluss oder Offerte. Besonders positiv aufgefallen: 10mio Versicherungssumme bei der Haftpflichtversicherung und die verst\u00e4ndlichen Versicherungsbedingungen<\/p>\n\t\t\t\t\t\t\t\t\t<div class=\"author\">\n\t\t\t\t\t\t\t\t\t\t<img decoding=\"async\" src=\"https:\/\/www.migros-versicherungen.ch\/assets\/avatar2.png\" alt=\"Faire Preise und gute Versicherungsdeckung. Auf der \u00fcbersichtlichen Website sind nur wenige Klicks notwendig bis zum Abschluss oder Offerte. Besonders positiv aufgefallen: 10mio Versicherungssumme bei der Haftpflichtversicherung und die verst\u00e4ndlichen Versicherungsbedingungen\" \/>\n\t\t\t\t\t\t\t\t\t\tGabriela\t\t\t\t\t\t\t\t\t<\/div>\n\t\t\t\t\t\t\t\t<\/div>\n\t\t\t\t\t\t\t\t\t\t\t\t\t\t\t<div class=\"item\">\n\t\t\t\t\t\t\t\t\t<p>Sehr \u00fcbersichtliche Website, kurz und b\u00fcndig aber alles da, was ich wissen muss. Die Abwicklung scheint schnell und einfach und auf den ersten Blick auch ein gutes Preis \/ Leistungs Verh\u00e4ltnis<\/p>\n\t\t\t\t\t\t\t\t\t<div class=\"author\">\n\t\t\t\t\t\t\t\t\t\t<img decoding=\"async\" src=\"https:\/\/www.migros-versicherungen.ch\/assets\/avatar3.png\" alt=\"Sehr \u00fcbersichtliche Website, kurz und b\u00fcndig aber alles da, was ich wissen muss. Die Abwicklung scheint schnell und einfach und auf den ersten Blick auch ein gutes Preis \/ Leistungs Verh\u00e4ltnis\" \/>\n\t\t\t\t\t\t\t\t\t\tDaniel\t\t\t\t\t\t\t\t\t<\/div>\n\t\t\t\t\t\t\t\t<\/div>\n\t\t\t\t\t\t\t\t\t\t\t\t\t<\/div>\n\t\t\t\t\t<\/div>\n\t\t\t\t<\/div>\n\t\t\t<\/div>\n\t\t<\/section>\n\n\n\t\t\t\t<\/div>\n\t\t\t\t<\/div>\n\t\t\t\t\t<\/div>\n\t\t<\/div>\n\t\t\t\t\t<\/div>\n\t\t<\/section>\n\t\t\t\t<\/div>\n\t\t","protected":false},"excerpt":{"rendered":"<p>Die faire Versicherung zum Migros-Preis. Kompliziert war gestern: Bei der Migros geht Versicherung herrlich einfach, fair und preiswert. In nur 5 Minuten zum Abschluss einer Versicherung \u2013 so bleibt mehr Zeit f\u00fcrs echte Leben. Pr\u00e4mie berechnen Welche Versicherung m\u00f6chten Sie? Hausrat &#038; Haftpflicht Unser beliebtes Kombi-Paket ab CHF 130.20 Hausrat Versichert Eigentum zuhause und unterwegs [&hellip;]<\/p>\n","protected":false},"author":10,"featured_media":0,"parent":0,"menu_order":44,"comment_status":"closed","ping_status":"closed","template":"","meta":{"_acf_changed":false,"footnotes":""},"class_list":["post-1473","page","type-page","status-publish","hentry"],"acf":[],"_links":{"self":[{"href":"https:\/\/www.migros-versicherungen.ch\/de\/wp-json\/wp\/v2\/pages\/1473","targetHints":{"allow":["GET"]}}],"collection":[{"href":"https:\/\/www.migros-versicherungen.ch\/de\/wp-json\/wp\/v2\/pages"}],"about":[{"href":"https:\/\/www.migros-versicherungen.ch\/de\/wp-json\/wp\/v2\/types\/page"}],"author":[{"embeddable":true,"href":"https:\/\/www.migros-versicherungen.ch\/de\/wp-json\/wp\/v2\/users\/10"}],"replies":[{"embeddable":true,"href":"https:\/\/www.migros-versicherungen.ch\/de\/wp-json\/wp\/v2\/comments?post=1473"}],"version-history":[{"count":0,"href":"https:\/\/www.migros-versicherungen.ch\/de\/wp-json\/wp\/v2\/pages\/1473\/revisions"}],"wp:attachment":[{"href":"https:\/\/www.migros-versicherungen.ch\/de\/wp-json\/wp\/v2\/media?parent=1473"}],"curies":[{"name":"wp","href":"https:\/\/api.w.org\/{rel}","templated":true}]}}